{"id":2,"date":"2023-05-04T07:48:21","date_gmt":"2023-05-04T05:48:21","guid":{"rendered":"http:\/\/rolba.se\/?page_id=2"},"modified":"2024-01-02T10:32:11","modified_gmt":"2024-01-02T09:32:11","slug":"exempelsida","status":"publish","type":"page","link":"https:\/\/rolba.se\/sv\/exempelsida\/","title":{"rendered":"Exempelsida"},"content":{"rendered":"[et_pb_section admin_label=&#8221;section&#8221;]\n\t\t\t[et_pb_row admin_label=&#8221;row&#8221;]\n\t\t\t\t[et_pb_column type=&#8221;4_4&#8243;][et_pb_text admin_label=&#8221;Text&#8221;]\n<p>Detta \u00e4r en exempelsida. Den skiljer sig fr\u00e5n ett blogginl\u00e4gg genom att den finns kvar p\u00e5 samma plats och kommer att visas i din webbplatsnavigering (i de flesta teman). De flesta b\u00f6rjar med en Om-sida som presenterar dem f\u00f6r potentiella bes\u00f6kare. Den skulle t.ex kunna ha f\u00f6ljande inneh\u00e5ll:<\/p>\n\n\n\n<blockquote class=\"wp-block-quote is-layout-flow wp-block-quote-is-layout-flow\"><p>Hej d\u00e4r! Jag \u00e4r cykelbud p\u00e5 dagen, blivande sk\u00e5despelare p\u00e5 natten och detta \u00e4r min blogg. Jag bor i \u00d6rebro, har en katt som heter Lurv och jag gillar Pina Coladas. (och att simma i G\u00f6ta kanal).<\/p><\/blockquote>\n\n\n\n<p>&#8230; eller n\u00e5got liknande detta:<\/p>\n\n\n\n<blockquote class=\"wp-block-quote is-layout-flow wp-block-quote-is-layout-flow\"><p>F\u00f6retaget AB grundades 1971 och har sedan dess varit den st\u00f6rsta leverant\u00f6ren av grunk-manicker p\u00e5 den svenska marknaden. FAB finns i utkanten av Gr\u00f6nk\u00f6ping, har drygt 20&nbsp;000 anst\u00e4llda och l\u00e4ser veckobladet varje \u00e5r.<\/p><\/blockquote>\n\n\n\n<p>Som ny WordPress-anv\u00e4ndare b\u00f6r du g\u00e5 till <a href=\"https:\/\/rolba.se\/wp-admin\/\">din adminpanel<\/a> f\u00f6r att ta bort denna sida och skapa nya sidor f\u00f6r ditt inneh\u00e5ll. Lycka till!<\/p>\n[\/et_pb_text][\/et_pb_column]\n\t\t\t[\/et_pb_row]\n\t\t[\/et_pb_section]","protected":false},"excerpt":{"rendered":"<p>Detta \u00e4r en exempelsida. Den skiljer sig fr\u00e5n ett blogginl\u00e4gg genom att den finns kvar p\u00e5 samma plats och kommer att visas i din webbplatsnavigering (i de flesta teman). De flesta b\u00f6rjar med en Om-sida som presenterar dem f\u00f6r potentiella bes\u00f6kare. Den skulle t.ex kunna ha f\u00f6ljande inneh\u00e5ll: Hej d\u00e4r! Jag \u00e4r cykelbud p\u00e5 dagen, [&hellip;]<\/p>\n","protected":false},"author":1,"featured_media":0,"parent":0,"menu_order":0,"comment_status":"closed","ping_status":"open","template":"","meta":{"_et_pb_use_builder":"on","_et_pb_old_content":"<!-- wp:paragraph -->\n<p>Detta \u00e4r en exempelsida. Den skiljer sig fr\u00e5n ett blogginl\u00e4gg genom att den finns kvar p\u00e5 samma plats och kommer att visas i din webbplatsnavigering (i de flesta teman). De flesta b\u00f6rjar med en Om-sida som presenterar dem f\u00f6r potentiella bes\u00f6kare. Den skulle t.ex kunna ha f\u00f6ljande inneh\u00e5ll:<\/p>\n<!-- \/wp:paragraph -->\n\n<!-- wp:quote -->\n<blockquote class=\"wp-block-quote\"><p>Hej d\u00e4r! Jag \u00e4r cykelbud p\u00e5 dagen, blivande sk\u00e5despelare p\u00e5 natten och detta \u00e4r min blogg. Jag bor i \u00d6rebro, har en katt som heter Lurv och jag gillar Pina Coladas. (och att simma i G\u00f6ta kanal).<\/p><\/blockquote>\n<!-- \/wp:quote -->\n\n<!-- wp:paragraph -->\n<p>... eller n\u00e5got liknande detta:<\/p>\n<!-- \/wp:paragraph -->\n\n<!-- wp:quote -->\n<blockquote class=\"wp-block-quote\"><p>F\u00f6retaget AB grundades 1971 och har sedan dess varit den st\u00f6rsta leverant\u00f6ren av grunk-manicker p\u00e5 den svenska marknaden. FAB finns i utkanten av Gr\u00f6nk\u00f6ping, har drygt 20&nbsp;000 anst\u00e4llda och l\u00e4ser veckobladet varje \u00e5r.<\/p><\/blockquote>\n<!-- \/wp:quote -->\n\n<!-- wp:paragraph -->\n<p>Som ny WordPress-anv\u00e4ndare b\u00f6r du g\u00e5 till <a href=\"https:\/\/rolba.se\/wp-admin\/\">din adminpanel<\/a> f\u00f6r att ta bort denna sida och skapa nya sidor f\u00f6r ditt inneh\u00e5ll. Lycka till!<\/p>\n<!-- \/wp:paragraph -->","_et_gb_content_width":"","footnotes":""},"class_list":["post-2","page","type-page","status-publish","hentry"],"yoast_head":"<!-- This site is optimized with the Yoast SEO plugin v27.2 - https:\/\/yoast.com\/product\/yoast-seo-wordpress\/ -->\n<title>Exempelsida - Rolba<\/title>\n<meta name=\"robots\" content=\"index, follow, max-snippet:-1, max-image-preview:large, max-video-preview:-1\" \/>\n<link rel=\"canonical\" href=\"https:\/\/rolba.se\/sv\/exempelsida\/\" \/>\n<meta property=\"og:locale\" content=\"sv_SE\" \/>\n<meta property=\"og:type\" content=\"article\" \/>\n<meta property=\"og:title\" content=\"Exempelsida - Rolba\" \/>\n<meta property=\"og:description\" content=\"Detta \u00e4r en exempelsida. Den skiljer sig fr\u00e5n ett blogginl\u00e4gg genom att den finns kvar p\u00e5 samma plats och kommer att visas i din webbplatsnavigering (i de flesta teman). De flesta b\u00f6rjar med en Om-sida som presenterar dem f\u00f6r potentiella bes\u00f6kare. Den skulle t.ex kunna ha f\u00f6ljande inneh\u00e5ll: Hej d\u00e4r! Jag \u00e4r cykelbud p\u00e5 dagen, [&hellip;]\" \/>\n<meta property=\"og:url\" content=\"https:\/\/rolba.se\/sv\/exempelsida\/\" \/>\n<meta property=\"og:site_name\" content=\"Rolba\" \/>\n<meta property=\"article:modified_time\" content=\"2024-01-02T09:32:11+00:00\" \/>\n<meta name=\"twitter:card\" content=\"summary_large_image\" \/>\n<meta name=\"twitter:label1\" content=\"Ber\u00e4knad l\u00e4stid\" \/>\n\t<meta name=\"twitter:data1\" content=\"1 minut\" \/>\n<script type=\"application\/ld+json\" class=\"yoast-schema-graph\">{\"@context\":\"https:\/\/schema.org\",\"@graph\":[{\"@type\":\"WebPage\",\"@id\":\"https:\/\/rolba.se\/sv\/exempelsida\/\",\"url\":\"https:\/\/rolba.se\/sv\/exempelsida\/\",\"name\":\"Exempelsida - Rolba\",\"isPartOf\":{\"@id\":\"https:\/\/rolba.se\/sv\/#website\"},\"datePublished\":\"2023-05-04T05:48:21+00:00\",\"dateModified\":\"2024-01-02T09:32:11+00:00\",\"breadcrumb\":{\"@id\":\"https:\/\/rolba.se\/sv\/exempelsida\/#breadcrumb\"},\"inLanguage\":\"sv-SE\",\"potentialAction\":[{\"@type\":\"ReadAction\",\"target\":[\"https:\/\/rolba.se\/sv\/exempelsida\/\"]}]},{\"@type\":\"BreadcrumbList\",\"@id\":\"https:\/\/rolba.se\/sv\/exempelsida\/#breadcrumb\",\"itemListElement\":[{\"@type\":\"ListItem\",\"position\":1,\"name\":\"Hem\",\"item\":\"https:\/\/rolba.se\/sv\/\"},{\"@type\":\"ListItem\",\"position\":2,\"name\":\"Exempelsida\"}]},{\"@type\":\"WebSite\",\"@id\":\"https:\/\/rolba.se\/sv\/#website\",\"url\":\"https:\/\/rolba.se\/sv\/\",\"name\":\"Rolba\",\"description\":\"\",\"potentialAction\":[{\"@type\":\"SearchAction\",\"target\":{\"@type\":\"EntryPoint\",\"urlTemplate\":\"https:\/\/rolba.se\/sv\/?s={search_term_string}\"},\"query-input\":{\"@type\":\"PropertyValueSpecification\",\"valueRequired\":true,\"valueName\":\"search_term_string\"}}],\"inLanguage\":\"sv-SE\"}]}<\/script>\n<!-- \/ Yoast SEO plugin. -->","yoast_head_json":{"title":"Exempelsida - Rolba","robots":{"index":"index","follow":"follow","max-snippet":"max-snippet:-1","max-image-preview":"max-image-preview:large","max-video-preview":"max-video-preview:-1"},"canonical":"https:\/\/rolba.se\/sv\/exempelsida\/","og_locale":"sv_SE","og_type":"article","og_title":"Exempelsida - Rolba","og_description":"Detta \u00e4r en exempelsida. Den skiljer sig fr\u00e5n ett blogginl\u00e4gg genom att den finns kvar p\u00e5 samma plats och kommer att visas i din webbplatsnavigering (i de flesta teman). De flesta b\u00f6rjar med en Om-sida som presenterar dem f\u00f6r potentiella bes\u00f6kare. Den skulle t.ex kunna ha f\u00f6ljande inneh\u00e5ll: Hej d\u00e4r! Jag \u00e4r cykelbud p\u00e5 dagen, [&hellip;]","og_url":"https:\/\/rolba.se\/sv\/exempelsida\/","og_site_name":"Rolba","article_modified_time":"2024-01-02T09:32:11+00:00","twitter_card":"summary_large_image","twitter_misc":{"Ber\u00e4knad l\u00e4stid":"1 minut"},"schema":{"@context":"https:\/\/schema.org","@graph":[{"@type":"WebPage","@id":"https:\/\/rolba.se\/sv\/exempelsida\/","url":"https:\/\/rolba.se\/sv\/exempelsida\/","name":"Exempelsida - Rolba","isPartOf":{"@id":"https:\/\/rolba.se\/sv\/#website"},"datePublished":"2023-05-04T05:48:21+00:00","dateModified":"2024-01-02T09:32:11+00:00","breadcrumb":{"@id":"https:\/\/rolba.se\/sv\/exempelsida\/#breadcrumb"},"inLanguage":"sv-SE","potentialAction":[{"@type":"ReadAction","target":["https:\/\/rolba.se\/sv\/exempelsida\/"]}]},{"@type":"BreadcrumbList","@id":"https:\/\/rolba.se\/sv\/exempelsida\/#breadcrumb","itemListElement":[{"@type":"ListItem","position":1,"name":"Hem","item":"https:\/\/rolba.se\/sv\/"},{"@type":"ListItem","position":2,"name":"Exempelsida"}]},{"@type":"WebSite","@id":"https:\/\/rolba.se\/sv\/#website","url":"https:\/\/rolba.se\/sv\/","name":"Rolba","description":"","potentialAction":[{"@type":"SearchAction","target":{"@type":"EntryPoint","urlTemplate":"https:\/\/rolba.se\/sv\/?s={search_term_string}"},"query-input":{"@type":"PropertyValueSpecification","valueRequired":true,"valueName":"search_term_string"}}],"inLanguage":"sv-SE"}]}},"_links":{"self":[{"href":"https:\/\/rolba.se\/sv\/wp-json\/wp\/v2\/pages\/2","targetHints":{"allow":["GET"]}}],"collection":[{"href":"https:\/\/rolba.se\/sv\/wp-json\/wp\/v2\/pages"}],"about":[{"href":"https:\/\/rolba.se\/sv\/wp-json\/wp\/v2\/types\/page"}],"author":[{"embeddable":true,"href":"https:\/\/rolba.se\/sv\/wp-json\/wp\/v2\/users\/1"}],"replies":[{"embeddable":true,"href":"https:\/\/rolba.se\/sv\/wp-json\/wp\/v2\/comments?post=2"}],"version-history":[{"count":1,"href":"https:\/\/rolba.se\/sv\/wp-json\/wp\/v2\/pages\/2\/revisions"}],"predecessor-version":[{"id":25366,"href":"https:\/\/rolba.se\/sv\/wp-json\/wp\/v2\/pages\/2\/revisions\/25366"}],"wp:attachment":[{"href":"https:\/\/rolba.se\/sv\/wp-json\/wp\/v2\/media?parent=2"}],"curies":[{"name":"wp","href":"https:\/\/api.w.org\/{rel}","templated":true}]}}