{"id":24611,"date":"2023-05-09T09:00:54","date_gmt":"2023-05-09T07:00:54","guid":{"rendered":"http:\/\/rolba.se\/?page_id=24611"},"modified":"2025-01-10T09:03:17","modified_gmt":"2025-01-10T08:03:17","slug":"citycombi","status":"publish","type":"page","link":"https:\/\/rolba.se\/sv\/citycombi\/","title":{"rendered":"CityCombi"},"content":{"rendered":"<p>[et_pb_section fb_built=&#8221;1&#8243; _builder_version=&#8221;4.25.0&#8243; _module_preset=&#8221;default&#8221; background_color=&#8221;rgba(0,0,0,0.4)&#8221; background_image=&#8221;https:\/\/rolba.se\/wp-content\/uploads\/2024\/04\/bakgrundsbild-scaled.jpg&#8221; min_height=&#8221;69px&#8221; custom_margin=&#8221;|0px|0px|0px|false|false&#8221; custom_padding=&#8221;0px|0px|0px|0px|false|false&#8221; global_colors_info=&#8221;{}&#8221;][\/et_pb_section][et_pb_section fb_built=&#8221;1&#8243; _builder_version=&#8221;4.21.0&#8243; _module_preset=&#8221;default&#8221; global_colors_info=&#8221;{}&#8221;][et_pb_row column_structure=&#8221;1_2,1_2&#8243; use_custom_gutter=&#8221;on&#8221; gutter_width=&#8221;2&#8243; make_equal=&#8221;on&#8221; _builder_version=&#8221;4.21.0&#8243; _module_preset=&#8221;default&#8221; custom_padding=&#8221;28px|||||&#8221; global_colors_info=&#8221;{}&#8221;][et_pb_column type=&#8221;1_2&#8243; _builder_version=&#8221;4.21.0&#8243; _module_preset=&#8221;default&#8221; custom_css_main_element=&#8221;align-self:center;&#8221; global_colors_info=&#8221;{}&#8221;][et_pb_text _builder_version=&#8221;4.22.0&#8243; _module_preset=&#8221;default&#8221; text_font=&#8221;|300|||||||&#8221; text_font_size=&#8221;18px&#8221; text_line_height=&#8221;1.8em&#8221; header_2_font=&#8221;|700|||||||&#8221; header_2_font_size=&#8221;48px&#8221; header_2_line_height=&#8221;1.3em&#8221; header_6_letter_spacing=&#8221;4px&#8221; custom_margin=&#8221;||11px|||&#8221; global_colors_info=&#8221;{}&#8221;]<\/p>\n<h6 style=\"text-align: left;\">ROLBA CITYCOMBI<\/h6>\n<h2 style=\"text-align: left;\">Kvalit\u00e9, m\u00e5ngsidighet och tillf\u00f6rlitlighet<\/h2>\n<p style=\"text-align: left;\">Detta fordon \u00e4r ett resultat av v\u00e5ra kunders krav och \u00f6nskem\u00e5l p\u00e5 kvalit\u00e9, m\u00e5ngsidighet och tillf\u00f6rlitlighet. Med detta fordon \u00e4r det l\u00e4tt att h\u00e5lla en h\u00f6g service till bland annat fastighetsbolag och restauranger.<\/p>\n<p style=\"text-align: left;\">Fordonet har en kapacitet och anv\u00e4ndbarhet som har gjort den till en favorit hos v\u00e5ra anv\u00e4ndare, bland annat f\u00f6r dess stora f\u00f6rvaringsutrymmen.<\/p>\n<p>[\/et_pb_text][\/et_pb_column][et_pb_column type=&#8221;1_2&#8243; _builder_version=&#8221;4.21.0&#8243; _module_preset=&#8221;default&#8221; custom_css_main_element=&#8221;align-self: center&#8221; global_colors_info=&#8221;{}&#8221;][et_pb_image src=&#8221;https:\/\/rolba.se\/wp-content\/uploads\/2023\/05\/CityKombi2-scaled.jpg&#8221; title_text=&#8221;CityKombi2&#8243; show_in_lightbox=&#8221;on&#8221; _builder_version=&#8221;4.21.0&#8243; _module_preset=&#8221;default&#8221; global_colors_info=&#8221;{}&#8221;][\/et_pb_image][\/et_pb_column][\/et_pb_row][et_pb_row _builder_version=&#8221;4.21.0&#8243; _module_preset=&#8221;default&#8221; custom_padding=&#8221;||0px|||&#8221; global_colors_info=&#8221;{}&#8221;][et_pb_column type=&#8221;4_4&#8243; _builder_version=&#8221;4.21.0&#8243; _module_preset=&#8221;default&#8221; global_colors_info=&#8221;{}&#8221;][et_pb_text _builder_version=&#8221;4.21.0&#8243; _module_preset=&#8221;default&#8221; text_font=&#8221;|300|||||||&#8221; text_font_size=&#8221;18px&#8221; text_line_height=&#8221;1.8em&#8221; header_2_font=&#8221;|700|||||||&#8221; header_2_font_size=&#8221;48px&#8221; header_2_line_height=&#8221;1.3em&#8221; header_6_letter_spacing=&#8221;4px&#8221; custom_margin=&#8221;||11px|||&#8221; global_colors_info=&#8221;{}&#8221;]<\/p>\n<h2 style=\"text-align: center;\">Utrustningsalternativ<\/h2>\n<p>[\/et_pb_text][\/et_pb_column][\/et_pb_row][et_pb_row column_structure=&#8221;1_2,1_2&#8243; use_custom_gutter=&#8221;on&#8221; gutter_width=&#8221;2&#8243; _builder_version=&#8221;4.21.0&#8243; _module_preset=&#8221;default&#8221; global_colors_info=&#8221;{}&#8221;][et_pb_column type=&#8221;1_2&#8243; _builder_version=&#8221;4.21.0&#8243; _module_preset=&#8221;default&#8221; global_colors_info=&#8221;{}&#8221;][et_pb_image src=&#8221;https:\/\/rolba.se\/wp-content\/uploads\/2023\/05\/CityKombi1-scaled.jpg&#8221; show_in_lightbox=&#8221;on&#8221; _builder_version=&#8221;4.21.0&#8243; _module_preset=&#8221;default&#8221; custom_margin=&#8221;||40px||false|false&#8221; global_colors_info=&#8221;{}&#8221;][\/et_pb_image][et_pb_image src=&#8221;https:\/\/rolba.se\/wp-content\/uploads\/2023\/05\/CityKombi5-scaled.jpg&#8221; title_text=&#8221;CityKombi5&#8243; show_in_lightbox=&#8221;on&#8221; _builder_version=&#8221;4.21.0&#8243; _module_preset=&#8221;default&#8221; custom_margin=&#8221;||40px||false|false&#8221; global_colors_info=&#8221;{}&#8221;][\/et_pb_image][et_pb_image src=&#8221;https:\/\/rolba.se\/wp-content\/uploads\/2023\/05\/CityKombi4-scaled.jpg&#8221; show_in_lightbox=&#8221;on&#8221; _builder_version=&#8221;4.21.0&#8243; _module_preset=&#8221;default&#8221; global_colors_info=&#8221;{}&#8221;][\/et_pb_image][\/et_pb_column][et_pb_column type=&#8221;1_2&#8243; _builder_version=&#8221;4.21.0&#8243; _module_preset=&#8221;default&#8221; global_colors_info=&#8221;{}&#8221;][et_pb_text _builder_version=&#8221;4.25.0&#8243; _module_preset=&#8221;default&#8221; text_font=&#8221;|300|||||||&#8221; text_font_size=&#8221;18px&#8221; text_line_height=&#8221;1.8em&#8221; header_2_font=&#8221;|700||on|||||&#8221; header_2_font_size=&#8221;32px&#8221; global_colors_info=&#8221;{}&#8221;]<\/p>\n<p><strong>Tank:<br \/><\/strong>&#8211; Tank i rostfritt st\u00e5l.<br \/>&#8211; Volym: 5,8 m\u00b3 uppdelat p\u00e5 vattenfack och slamfack.<br \/>&#8211; Tipp samt \u00f6ppningsbar baklucka.<\/p>\n<p><strong>H\u00f6gtrycksspolning:<\/strong><br \/>&#8211; Typ: 2st Pratissoli kolvpumpar.<br \/>&#8211; Kapacitet: 102 l\/min, 160 bar f\u00f6r \u00bd\u201d slang 60 m. Samt 37 l\/min, 400 bar f\u00f6r 3\/8\u201d slang 60m.<br \/>&#8211; Spolslangrullarna \u00e4r hydrauliskt drivna.<br \/>&#8211; P\u00e5fyllnadrulle \u00be\u201d 20m \u00e4r \u00e5terfj\u00e4drande.<br \/>&#8211; Hetvattenpanna \u00e4r kopplad till 400 bars-pumpen och har 3\/8\u201d slang.<\/p>\n<p><strong>Vakuumpump:<\/strong><br \/>&#8211; Hydrauliskt driven typ Lobpump.<br \/>&#8211; Kapacitet 22 000 l\/min.<br \/>&#8211; Avskiljare konstruerad f\u00f6r att uppn\u00e5 optimal effekt samt f\u00f6rhindra \u00f6versugning.<br \/>&#8211; Systemet anpassat f\u00f6r att minimera vakuumf\u00f6rluster.<br \/>&#8211; VacGuard f\u00f6r en b\u00e4ttre arbetsmilj\u00f6 och br\u00e4nslebesparing.<\/p>\n<p><strong>Sugslangvinda:<\/strong><br \/>&#8211; Sugslangvinda p\u00e5 bakgavel med svivel och 35 m 2\u201d sugslang.<\/p>\n<p><strong>\u00d6vrig standardutrustning:<\/strong><br \/>&#8211; Bred slangl\u00e5da i blank rostfri pl\u00e5t p\u00e5 v\u00e4nster sida.<br \/>&#8211; \u00c5kerstr\u00f6ms radio med m\u00f6jlighet f\u00f6r justerbart spoltryck.<br \/>&#8211; Alla sk\u00e5p \u00e4r alltid tillverkade i rostfri pl\u00e5t med gummit\u00e4tade och l\u00e5sbara luckor.<br \/>&#8211; Sp\u00e4nningsomvandlare 220 V.<\/p>\n<p><strong>Tillval:<\/strong><br \/>&#8211; Dr\u00e4neringspump: Kapacitet 1500 l\/min. Ett perfekt val vid arbete med \u00f6versv\u00e4mmade omr\u00e5den.<br \/>&#8211; Sugslangvinda med f\u00f6rvaring av 30 m 3\u201d sugslang, v\u00e4nster sida. M\u00f6jlighet till totalt 2 stycken vindor p\u00e5 v\u00e4nster sida.<br \/>&#8211; ADR<br \/>&#8211; Verktygssk\u00e5p och kl\u00e4dsk\u00e5p finns i flera varianter, kan f\u00e5s med v\u00e4rme.<br \/>&#8211; Milj\u00f6sk\u00e5p med varmvatten f\u00f6r handtv\u00e4tt samt utrymme f\u00f6r tv\u00e5lbeh\u00e5llare.<\/p>\n<p>[\/et_pb_text][\/et_pb_column][\/et_pb_row][\/et_pb_section]<\/p>\n","protected":false},"excerpt":{"rendered":"<p>ROLBA CITYCOMBI Kvalit\u00e9, m\u00e5ngsidighet och tillf\u00f6rlitlighet Detta fordon \u00e4r ett resultat av v\u00e5ra kunders krav och \u00f6nskem\u00e5l p\u00e5 kvalit\u00e9, m\u00e5ngsidighet och tillf\u00f6rlitlighet. Med detta fordon \u00e4r det l\u00e4tt att h\u00e5lla en h\u00f6g service till bland annat fastighetsbolag och restauranger. Fordonet har en kapacitet och anv\u00e4ndbarhet som har gjort den till en favorit hos v\u00e5ra anv\u00e4ndare, [&hellip;]<\/p>\n","protected":false},"author":1,"featured_media":0,"parent":0,"menu_order":0,"comment_status":"closed","ping_status":"closed","template":"","meta":{"_et_pb_use_builder":"on","_et_pb_old_content":"","_et_gb_content_width":"","footnotes":""},"class_list":["post-24611","page","type-page","status-publish","hentry"],"yoast_head":"<!-- This site is optimized with the Yoast SEO plugin v27.4 - https:\/\/yoast.com\/product\/yoast-seo-wordpress\/ -->\n<title>CityCombi - Rolba<\/title>\n<meta name=\"robots\" content=\"index, follow, max-snippet:-1, max-image-preview:large, max-video-preview:-1\" \/>\n<link rel=\"canonical\" href=\"https:\/\/rolba.se\/sv\/citycombi\/\" \/>\n<meta property=\"og:locale\" content=\"sv_SE\" \/>\n<meta property=\"og:type\" content=\"article\" \/>\n<meta property=\"og:title\" content=\"CityCombi - Rolba\" \/>\n<meta property=\"og:description\" content=\"ROLBA CITYCOMBI Kvalit\u00e9, m\u00e5ngsidighet och tillf\u00f6rlitlighet Detta fordon \u00e4r ett resultat av v\u00e5ra kunders krav och \u00f6nskem\u00e5l p\u00e5 kvalit\u00e9, m\u00e5ngsidighet och tillf\u00f6rlitlighet. Med detta fordon \u00e4r det l\u00e4tt att h\u00e5lla en h\u00f6g service till bland annat fastighetsbolag och restauranger. Fordonet har en kapacitet och anv\u00e4ndbarhet som har gjort den till en favorit hos v\u00e5ra anv\u00e4ndare, [&hellip;]\" \/>\n<meta property=\"og:url\" content=\"https:\/\/rolba.se\/sv\/citycombi\/\" \/>\n<meta property=\"og:site_name\" content=\"Rolba\" \/>\n<meta property=\"article:modified_time\" content=\"2025-01-10T08:03:17+00:00\" \/>\n<meta name=\"twitter:card\" content=\"summary_large_image\" \/>\n<meta name=\"twitter:label1\" content=\"Ber\u00e4knad l\u00e4stid\" \/>\n\t<meta name=\"twitter:data1\" content=\"3 minuter\" \/>\n<script type=\"application\/ld+json\" class=\"yoast-schema-graph\">{\"@context\":\"https:\\\/\\\/schema.org\",\"@graph\":[{\"@type\":\"WebPage\",\"@id\":\"https:\\\/\\\/rolba.se\\\/sv\\\/citycombi\\\/\",\"url\":\"https:\\\/\\\/rolba.se\\\/sv\\\/citycombi\\\/\",\"name\":\"CityCombi - Rolba\",\"isPartOf\":{\"@id\":\"https:\\\/\\\/rolba.se\\\/sv\\\/#website\"},\"datePublished\":\"2023-05-09T07:00:54+00:00\",\"dateModified\":\"2025-01-10T08:03:17+00:00\",\"breadcrumb\":{\"@id\":\"https:\\\/\\\/rolba.se\\\/sv\\\/citycombi\\\/#breadcrumb\"},\"inLanguage\":\"sv-SE\",\"potentialAction\":[{\"@type\":\"ReadAction\",\"target\":[\"https:\\\/\\\/rolba.se\\\/sv\\\/citycombi\\\/\"]}]},{\"@type\":\"BreadcrumbList\",\"@id\":\"https:\\\/\\\/rolba.se\\\/sv\\\/citycombi\\\/#breadcrumb\",\"itemListElement\":[{\"@type\":\"ListItem\",\"position\":1,\"name\":\"Hem\",\"item\":\"https:\\\/\\\/rolba.se\\\/sv\\\/\"},{\"@type\":\"ListItem\",\"position\":2,\"name\":\"CityCombi\"}]},{\"@type\":\"WebSite\",\"@id\":\"https:\\\/\\\/rolba.se\\\/sv\\\/#website\",\"url\":\"https:\\\/\\\/rolba.se\\\/sv\\\/\",\"name\":\"Rolba\",\"description\":\"\",\"potentialAction\":[{\"@type\":\"SearchAction\",\"target\":{\"@type\":\"EntryPoint\",\"urlTemplate\":\"https:\\\/\\\/rolba.se\\\/sv\\\/?s={search_term_string}\"},\"query-input\":{\"@type\":\"PropertyValueSpecification\",\"valueRequired\":true,\"valueName\":\"search_term_string\"}}],\"inLanguage\":\"sv-SE\"}]}<\/script>\n<!-- \/ Yoast SEO plugin. -->","yoast_head_json":{"title":"CityCombi - Rolba","robots":{"index":"index","follow":"follow","max-snippet":"max-snippet:-1","max-image-preview":"max-image-preview:large","max-video-preview":"max-video-preview:-1"},"canonical":"https:\/\/rolba.se\/sv\/citycombi\/","og_locale":"sv_SE","og_type":"article","og_title":"CityCombi - Rolba","og_description":"ROLBA CITYCOMBI Kvalit\u00e9, m\u00e5ngsidighet och tillf\u00f6rlitlighet Detta fordon \u00e4r ett resultat av v\u00e5ra kunders krav och \u00f6nskem\u00e5l p\u00e5 kvalit\u00e9, m\u00e5ngsidighet och tillf\u00f6rlitlighet. Med detta fordon \u00e4r det l\u00e4tt att h\u00e5lla en h\u00f6g service till bland annat fastighetsbolag och restauranger. Fordonet har en kapacitet och anv\u00e4ndbarhet som har gjort den till en favorit hos v\u00e5ra anv\u00e4ndare, [&hellip;]","og_url":"https:\/\/rolba.se\/sv\/citycombi\/","og_site_name":"Rolba","article_modified_time":"2025-01-10T08:03:17+00:00","twitter_card":"summary_large_image","twitter_misc":{"Ber\u00e4knad l\u00e4stid":"3 minuter"},"schema":{"@context":"https:\/\/schema.org","@graph":[{"@type":"WebPage","@id":"https:\/\/rolba.se\/sv\/citycombi\/","url":"https:\/\/rolba.se\/sv\/citycombi\/","name":"CityCombi - Rolba","isPartOf":{"@id":"https:\/\/rolba.se\/sv\/#website"},"datePublished":"2023-05-09T07:00:54+00:00","dateModified":"2025-01-10T08:03:17+00:00","breadcrumb":{"@id":"https:\/\/rolba.se\/sv\/citycombi\/#breadcrumb"},"inLanguage":"sv-SE","potentialAction":[{"@type":"ReadAction","target":["https:\/\/rolba.se\/sv\/citycombi\/"]}]},{"@type":"BreadcrumbList","@id":"https:\/\/rolba.se\/sv\/citycombi\/#breadcrumb","itemListElement":[{"@type":"ListItem","position":1,"name":"Hem","item":"https:\/\/rolba.se\/sv\/"},{"@type":"ListItem","position":2,"name":"CityCombi"}]},{"@type":"WebSite","@id":"https:\/\/rolba.se\/sv\/#website","url":"https:\/\/rolba.se\/sv\/","name":"Rolba","description":"","potentialAction":[{"@type":"SearchAction","target":{"@type":"EntryPoint","urlTemplate":"https:\/\/rolba.se\/sv\/?s={search_term_string}"},"query-input":{"@type":"PropertyValueSpecification","valueRequired":true,"valueName":"search_term_string"}}],"inLanguage":"sv-SE"}]}},"_links":{"self":[{"href":"https:\/\/rolba.se\/sv\/wp-json\/wp\/v2\/pages\/24611","targetHints":{"allow":["GET"]}}],"collection":[{"href":"https:\/\/rolba.se\/sv\/wp-json\/wp\/v2\/pages"}],"about":[{"href":"https:\/\/rolba.se\/sv\/wp-json\/wp\/v2\/types\/page"}],"author":[{"embeddable":true,"href":"https:\/\/rolba.se\/sv\/wp-json\/wp\/v2\/users\/1"}],"replies":[{"embeddable":true,"href":"https:\/\/rolba.se\/sv\/wp-json\/wp\/v2\/comments?post=24611"}],"version-history":[{"count":36,"href":"https:\/\/rolba.se\/sv\/wp-json\/wp\/v2\/pages\/24611\/revisions"}],"predecessor-version":[{"id":26805,"href":"https:\/\/rolba.se\/sv\/wp-json\/wp\/v2\/pages\/24611\/revisions\/26805"}],"wp:attachment":[{"href":"https:\/\/rolba.se\/sv\/wp-json\/wp\/v2\/media?parent=24611"}],"curies":[{"name":"wp","href":"https:\/\/api.w.org\/{rel}","templated":true}]}}