{"id":24615,"date":"2023-05-09T09:01:16","date_gmt":"2023-05-09T07:01:16","guid":{"rendered":"http:\/\/rolba.se\/?page_id=24615"},"modified":"2024-05-07T15:39:39","modified_gmt":"2024-05-07T13:39:39","slug":"slamsugare","status":"publish","type":"page","link":"https:\/\/rolba.se\/sv\/slamsugare\/","title":{"rendered":"Slamsugare"},"content":{"rendered":"<p>[et_pb_section fb_built=&#8221;1&#8243; _builder_version=&#8221;4.25.0&#8243; _module_preset=&#8221;default&#8221; background_color=&#8221;rgba(0,0,0,0.4)&#8221; background_image=&#8221;https:\/\/rolba.se\/wp-content\/uploads\/2024\/04\/bakgrundsbild-scaled.jpg&#8221; background_blend=&#8221;multiply&#8221; min_height=&#8221;269px&#8221; custom_margin=&#8221;-200px|0px|0px|0px|false|false&#8221; custom_padding=&#8221;0px|0px|0px|0px|false|false&#8221; global_module=&#8221;25309&#8243; global_colors_info=&#8221;{}&#8221;][\/et_pb_section][et_pb_section fb_built=&#8221;1&#8243; _builder_version=&#8221;4.21.0&#8243; _module_preset=&#8221;default&#8221; global_colors_info=&#8221;{}&#8221;][et_pb_row column_structure=&#8221;1_2,1_2&#8243; use_custom_gutter=&#8221;on&#8221; gutter_width=&#8221;2&#8243; make_equal=&#8221;on&#8221; _builder_version=&#8221;4.21.0&#8243; _module_preset=&#8221;default&#8221; custom_padding=&#8221;28px|||||&#8221; global_colors_info=&#8221;{}&#8221;][et_pb_column type=&#8221;1_2&#8243; _builder_version=&#8221;4.21.0&#8243; _module_preset=&#8221;default&#8221; global_colors_info=&#8221;{}&#8221;][et_pb_text _builder_version=&#8221;4.22.0&#8243; _module_preset=&#8221;default&#8221; text_font=&#8221;|300|||||||&#8221; text_font_size=&#8221;18px&#8221; text_line_height=&#8221;1.8em&#8221; header_2_font=&#8221;|700|||||||&#8221; header_2_font_size=&#8221;48px&#8221; header_2_line_height=&#8221;1.3em&#8221; header_6_letter_spacing=&#8221;4px&#8221; custom_margin=&#8221;||11px|||&#8221; custom_css_main_element=&#8221;align-self:center;&#8221; global_colors_info=&#8221;{}&#8221;]<\/p>\n<h6 style=\"text-align: left;\">ROLBA SLAMSUGARE<\/h6>\n<h2 style=\"text-align: left;\">En riktig slitvarg som du kan lita p\u00e5 i alla v\u00e4der<\/h2>\n<p style=\"text-align: left;\"><span style=\"font-size: 18px;\">Oavsett om det \u00e4r vinter eller sommar kommer detta fordon att leverera resultatet du beh\u00f6ver. Med en tank tillverkad i rostfri pl\u00e5t tillsammans med tippfunktion b\u00e5dar det f\u00f6r en l\u00e5ng livsl\u00e4ngd och ett h\u00f6gt andrahandsv\u00e4rde. Ett antal varianter av sugslangvindor samt utrustning f\u00f6r att tillgodose funktionen just f\u00f6r dina uppdrag.<\/span><\/p>\n<p>[\/et_pb_text][\/et_pb_column][et_pb_column type=&#8221;1_2&#8243; _builder_version=&#8221;4.21.0&#8243; _module_preset=&#8221;default&#8221; custom_css_main_element=&#8221;align-self: center&#8221; global_colors_info=&#8221;{}&#8221;][et_pb_image src=&#8221;https:\/\/rolba.se\/wp-content\/uploads\/2023\/08\/SSU1-scaled.jpg&#8221; title_text=&#8221;MediumKombi3&#8243; show_in_lightbox=&#8221;on&#8221; _builder_version=&#8221;4.22.0&#8243; _module_preset=&#8221;default&#8221; global_colors_info=&#8221;{}&#8221;][\/et_pb_image][\/et_pb_column][\/et_pb_row][et_pb_row _builder_version=&#8221;4.21.0&#8243; _module_preset=&#8221;default&#8221; custom_padding=&#8221;||0px|||&#8221; global_colors_info=&#8221;{}&#8221;][et_pb_column type=&#8221;4_4&#8243; _builder_version=&#8221;4.21.0&#8243; _module_preset=&#8221;default&#8221; global_colors_info=&#8221;{}&#8221;][et_pb_text _builder_version=&#8221;4.21.0&#8243; _module_preset=&#8221;default&#8221; text_font=&#8221;|300|||||||&#8221; text_font_size=&#8221;18px&#8221; text_line_height=&#8221;1.8em&#8221; header_2_font=&#8221;|700|||||||&#8221; header_2_font_size=&#8221;48px&#8221; header_2_line_height=&#8221;1.3em&#8221; header_6_letter_spacing=&#8221;4px&#8221; custom_margin=&#8221;||11px|||&#8221; global_colors_info=&#8221;{}&#8221;]<\/p>\n<h2 style=\"text-align: center;\">Utrustningsalternativ<\/h2>\n<p>[\/et_pb_text][\/et_pb_column][\/et_pb_row][et_pb_row column_structure=&#8221;1_2,1_2&#8243; use_custom_gutter=&#8221;on&#8221; gutter_width=&#8221;2&#8243; _builder_version=&#8221;4.21.0&#8243; _module_preset=&#8221;default&#8221; global_colors_info=&#8221;{}&#8221;][et_pb_column type=&#8221;1_2&#8243; _builder_version=&#8221;4.21.0&#8243; _module_preset=&#8221;default&#8221; global_colors_info=&#8221;{}&#8221;][et_pb_image src=&#8221;https:\/\/rolba.se\/wp-content\/uploads\/2023\/08\/SSU2-scaled.jpg&#8221; title_text=&#8221;CityKombi5&#8243; show_in_lightbox=&#8221;on&#8221; _builder_version=&#8221;4.22.0&#8243; _module_preset=&#8221;default&#8221; custom_margin=&#8221;||40px||false|false&#8221; global_colors_info=&#8221;{}&#8221;][\/et_pb_image][et_pb_image src=&#8221;https:\/\/rolba.se\/wp-content\/uploads\/2023\/08\/SSU3-scaled.jpg&#8221; show_in_lightbox=&#8221;on&#8221; _builder_version=&#8221;4.22.0&#8243; _module_preset=&#8221;default&#8221; global_colors_info=&#8221;{}&#8221;][\/et_pb_image][\/et_pb_column][et_pb_column type=&#8221;1_2&#8243; _builder_version=&#8221;4.21.0&#8243; _module_preset=&#8221;default&#8221; global_colors_info=&#8221;{}&#8221;][et_pb_text _builder_version=&#8221;4.22.0&#8243; _module_preset=&#8221;default&#8221; text_font=&#8221;|300|||||||&#8221; text_font_size=&#8221;18px&#8221; text_line_height=&#8221;1.8em&#8221; header_2_font=&#8221;|700||on|||||&#8221; header_2_font_size=&#8221;32px&#8221; global_colors_info=&#8221;{}&#8221;]<\/p>\n<p><strong>\u00a0Tank:<\/strong><br \/>&#8211; Tank i rostfritt st\u00e5l.<br \/>&#8211; Volym: 15 m\u00b3 alternativt 16 m\u00b3<br \/>&#8211; Tipp samt \u00f6ppningsbar baklucka.<\/p>\n<p><strong>Vakuumpump:<\/strong><br \/>&#8211; Hydrauliskt driven typ Lobpump.<br \/>&#8211; Kapacitet 22 000 l\/min.<br \/>&#8211; Systemet anpassat f\u00f6r att minimera vakuumf\u00f6rluster.<\/p>\n<p><strong>Sugslangvinda:<\/strong><br \/>&#8211; Sv\u00e4ngbar sugslangvinda. Rymmer 50 m 3\u201d sugslang.<\/p>\n<p><strong>\u00d6vrig standardutrustning:<\/strong><br \/>&#8211; Breda och l\u00e5nga slangl\u00e5dor i blank rostfri pl\u00e5t p\u00e5 b\u00e5da sidor.<br \/>&#8211; \u00c5kerstr\u00f6ms radio<br \/>&#8211; Alla sk\u00e5p \u00e4r alltid tillverkade i rostfri pl\u00e5t med gummit\u00e4tade och<br \/>l\u00e5sbara luckor.<br \/>&#8211; Kl\u00e4dsk\u00e5p med v\u00e4rme.<\/p>\n<p><strong>Tillval:<\/strong><br \/>&#8211; Dr\u00e4neringspump: Kapacitet 1500 l\/min. Ett perfekt val vid arbete med \u00f6versv\u00e4mmade omr\u00e5den.<br \/>&#8211; Vakuumpump av typ lamell- eller lobpump.<br \/>Kapacitet upp till 38 000 l\/min<br \/>&#8211; VacGuard f\u00f6r en b\u00e4ttre arbetsmilj\u00f6 och br\u00e4nslebesparing.<br \/>&#8211; ADR<br \/>&#8211; Syrafast tank<br \/>&#8211; Extra slamfack med m\u00f6jlighet att flytta v\u00e4tskor mellan facken.<br \/>&#8211; Verktygssk\u00e5p och kl\u00e4dsk\u00e5p finns i flera olika storlekar, kan f\u00e5s<br \/>med v\u00e4rme.<br \/>&#8211; Milj\u00f6sk\u00e5p med varmvatten f\u00f6r handtv\u00e4tt samt utrymme f\u00f6r<br \/>tv\u00e5lbeh\u00e5llare.<br \/>&#8211; Flertalet valbara hydrauliskt drivna sugslangvindor. Sv\u00e4ngbara<br \/>eller f\u00e4llbara, med svivelm\u00f6jlighet eller som f\u00f6rvaring. Monterad<br \/>p\u00e5 bakgavel eller sidorna.<br \/>Rymmer upp till 70m 3\u201d sugslang.<\/p>\n<p>[\/et_pb_text][\/et_pb_column][\/et_pb_row][\/et_pb_section]<\/p>\n","protected":false},"excerpt":{"rendered":"<p>ROLBA SLAMSUGARE En riktig slitvarg som du kan lita p\u00e5 i alla v\u00e4der Oavsett om det \u00e4r vinter eller sommar kommer detta fordon att leverera resultatet du beh\u00f6ver. Med en tank tillverkad i rostfri pl\u00e5t tillsammans med tippfunktion b\u00e5dar det f\u00f6r en l\u00e5ng livsl\u00e4ngd och ett h\u00f6gt andrahandsv\u00e4rde. Ett antal varianter av sugslangvindor samt utrustning [&hellip;]<\/p>\n","protected":false},"author":1,"featured_media":0,"parent":0,"menu_order":0,"comment_status":"closed","ping_status":"closed","template":"","meta":{"_et_pb_use_builder":"on","_et_pb_old_content":"<!-- wp:divi\/placeholder \/-->","_et_gb_content_width":"","footnotes":""},"class_list":["post-24615","page","type-page","status-publish","hentry"],"yoast_head":"<!-- This site is optimized with the Yoast SEO plugin v27.4 - https:\/\/yoast.com\/product\/yoast-seo-wordpress\/ -->\n<title>Slamsugare - Rolba<\/title>\n<meta name=\"robots\" content=\"index, follow, max-snippet:-1, max-image-preview:large, max-video-preview:-1\" \/>\n<link rel=\"canonical\" href=\"https:\/\/rolba.se\/sv\/slamsugare\/\" \/>\n<meta property=\"og:locale\" content=\"sv_SE\" \/>\n<meta property=\"og:type\" content=\"article\" \/>\n<meta property=\"og:title\" content=\"Slamsugare - Rolba\" \/>\n<meta property=\"og:description\" content=\"ROLBA SLAMSUGARE En riktig slitvarg som du kan lita p\u00e5 i alla v\u00e4der Oavsett om det \u00e4r vinter eller sommar kommer detta fordon att leverera resultatet du beh\u00f6ver. Med en tank tillverkad i rostfri pl\u00e5t tillsammans med tippfunktion b\u00e5dar det f\u00f6r en l\u00e5ng livsl\u00e4ngd och ett h\u00f6gt andrahandsv\u00e4rde. Ett antal varianter av sugslangvindor samt utrustning [&hellip;]\" \/>\n<meta property=\"og:url\" content=\"https:\/\/rolba.se\/sv\/slamsugare\/\" \/>\n<meta property=\"og:site_name\" content=\"Rolba\" \/>\n<meta property=\"article:modified_time\" content=\"2024-05-07T13:39:39+00:00\" \/>\n<meta name=\"twitter:card\" content=\"summary_large_image\" \/>\n<meta name=\"twitter:label1\" content=\"Ber\u00e4knad l\u00e4stid\" \/>\n\t<meta name=\"twitter:data1\" content=\"2 minuter\" \/>\n<script type=\"application\/ld+json\" class=\"yoast-schema-graph\">{\"@context\":\"https:\\\/\\\/schema.org\",\"@graph\":[{\"@type\":\"WebPage\",\"@id\":\"https:\\\/\\\/rolba.se\\\/sv\\\/slamsugare\\\/\",\"url\":\"https:\\\/\\\/rolba.se\\\/sv\\\/slamsugare\\\/\",\"name\":\"Slamsugare - Rolba\",\"isPartOf\":{\"@id\":\"https:\\\/\\\/rolba.se\\\/sv\\\/#website\"},\"datePublished\":\"2023-05-09T07:01:16+00:00\",\"dateModified\":\"2024-05-07T13:39:39+00:00\",\"breadcrumb\":{\"@id\":\"https:\\\/\\\/rolba.se\\\/sv\\\/slamsugare\\\/#breadcrumb\"},\"inLanguage\":\"sv-SE\",\"potentialAction\":[{\"@type\":\"ReadAction\",\"target\":[\"https:\\\/\\\/rolba.se\\\/sv\\\/slamsugare\\\/\"]}]},{\"@type\":\"BreadcrumbList\",\"@id\":\"https:\\\/\\\/rolba.se\\\/sv\\\/slamsugare\\\/#breadcrumb\",\"itemListElement\":[{\"@type\":\"ListItem\",\"position\":1,\"name\":\"Hem\",\"item\":\"https:\\\/\\\/rolba.se\\\/sv\\\/\"},{\"@type\":\"ListItem\",\"position\":2,\"name\":\"Slamsugare\"}]},{\"@type\":\"WebSite\",\"@id\":\"https:\\\/\\\/rolba.se\\\/sv\\\/#website\",\"url\":\"https:\\\/\\\/rolba.se\\\/sv\\\/\",\"name\":\"Rolba\",\"description\":\"\",\"potentialAction\":[{\"@type\":\"SearchAction\",\"target\":{\"@type\":\"EntryPoint\",\"urlTemplate\":\"https:\\\/\\\/rolba.se\\\/sv\\\/?s={search_term_string}\"},\"query-input\":{\"@type\":\"PropertyValueSpecification\",\"valueRequired\":true,\"valueName\":\"search_term_string\"}}],\"inLanguage\":\"sv-SE\"}]}<\/script>\n<!-- \/ Yoast SEO plugin. -->","yoast_head_json":{"title":"Slamsugare - Rolba","robots":{"index":"index","follow":"follow","max-snippet":"max-snippet:-1","max-image-preview":"max-image-preview:large","max-video-preview":"max-video-preview:-1"},"canonical":"https:\/\/rolba.se\/sv\/slamsugare\/","og_locale":"sv_SE","og_type":"article","og_title":"Slamsugare - Rolba","og_description":"ROLBA SLAMSUGARE En riktig slitvarg som du kan lita p\u00e5 i alla v\u00e4der Oavsett om det \u00e4r vinter eller sommar kommer detta fordon att leverera resultatet du beh\u00f6ver. Med en tank tillverkad i rostfri pl\u00e5t tillsammans med tippfunktion b\u00e5dar det f\u00f6r en l\u00e5ng livsl\u00e4ngd och ett h\u00f6gt andrahandsv\u00e4rde. Ett antal varianter av sugslangvindor samt utrustning [&hellip;]","og_url":"https:\/\/rolba.se\/sv\/slamsugare\/","og_site_name":"Rolba","article_modified_time":"2024-05-07T13:39:39+00:00","twitter_card":"summary_large_image","twitter_misc":{"Ber\u00e4knad l\u00e4stid":"2 minuter"},"schema":{"@context":"https:\/\/schema.org","@graph":[{"@type":"WebPage","@id":"https:\/\/rolba.se\/sv\/slamsugare\/","url":"https:\/\/rolba.se\/sv\/slamsugare\/","name":"Slamsugare - Rolba","isPartOf":{"@id":"https:\/\/rolba.se\/sv\/#website"},"datePublished":"2023-05-09T07:01:16+00:00","dateModified":"2024-05-07T13:39:39+00:00","breadcrumb":{"@id":"https:\/\/rolba.se\/sv\/slamsugare\/#breadcrumb"},"inLanguage":"sv-SE","potentialAction":[{"@type":"ReadAction","target":["https:\/\/rolba.se\/sv\/slamsugare\/"]}]},{"@type":"BreadcrumbList","@id":"https:\/\/rolba.se\/sv\/slamsugare\/#breadcrumb","itemListElement":[{"@type":"ListItem","position":1,"name":"Hem","item":"https:\/\/rolba.se\/sv\/"},{"@type":"ListItem","position":2,"name":"Slamsugare"}]},{"@type":"WebSite","@id":"https:\/\/rolba.se\/sv\/#website","url":"https:\/\/rolba.se\/sv\/","name":"Rolba","description":"","potentialAction":[{"@type":"SearchAction","target":{"@type":"EntryPoint","urlTemplate":"https:\/\/rolba.se\/sv\/?s={search_term_string}"},"query-input":{"@type":"PropertyValueSpecification","valueRequired":true,"valueName":"search_term_string"}}],"inLanguage":"sv-SE"}]}},"_links":{"self":[{"href":"https:\/\/rolba.se\/sv\/wp-json\/wp\/v2\/pages\/24615","targetHints":{"allow":["GET"]}}],"collection":[{"href":"https:\/\/rolba.se\/sv\/wp-json\/wp\/v2\/pages"}],"about":[{"href":"https:\/\/rolba.se\/sv\/wp-json\/wp\/v2\/types\/page"}],"author":[{"embeddable":true,"href":"https:\/\/rolba.se\/sv\/wp-json\/wp\/v2\/users\/1"}],"replies":[{"embeddable":true,"href":"https:\/\/rolba.se\/sv\/wp-json\/wp\/v2\/comments?post=24615"}],"version-history":[{"count":13,"href":"https:\/\/rolba.se\/sv\/wp-json\/wp\/v2\/pages\/24615\/revisions"}],"predecessor-version":[{"id":26230,"href":"https:\/\/rolba.se\/sv\/wp-json\/wp\/v2\/pages\/24615\/revisions\/26230"}],"wp:attachment":[{"href":"https:\/\/rolba.se\/sv\/wp-json\/wp\/v2\/media?parent=24615"}],"curies":[{"name":"wp","href":"https:\/\/api.w.org\/{rel}","templated":true}]}}