{"id":24619,"date":"2023-05-09T09:01:32","date_gmt":"2023-05-09T07:01:32","guid":{"rendered":"http:\/\/rolba.se\/?page_id=24619"},"modified":"2025-01-10T09:52:27","modified_gmt":"2025-01-10T08:52:27","slug":"maskozoll","status":"publish","type":"page","link":"https:\/\/rolba.se\/sv\/maskozoll\/","title":{"rendered":"Masko Zoll"},"content":{"rendered":"<p>[et_pb_section fb_built=&#8221;1&#8243; _builder_version=&#8221;4.25.0&#8243; _module_preset=&#8221;default&#8221; background_color=&#8221;rgba(0,0,0,0.4)&#8221; background_image=&#8221;https:\/\/rolba.se\/wp-content\/uploads\/2024\/04\/bakgrundsbild-scaled.jpg&#8221; background_blend=&#8221;multiply&#8221; min_height=&#8221;69px&#8221; custom_margin=&#8221;|0px|0px|0px|false|false&#8221; custom_margin_last_edited=&#8221;on|phone&#8221; custom_padding=&#8221;0px|0px|0px|0px|false|false&#8221; global_module=&#8221;25309&#8243; global_colors_info=&#8221;{}&#8221; custom_margin_tablet=&#8221;|0px|0px|0px|false|false&#8221; custom_margin_phone=&#8221;|0px|0px|0px|false|false&#8221;][\/et_pb_section][et_pb_section fb_built=&#8221;1&#8243; _builder_version=&#8221;4.21.0&#8243; _module_preset=&#8221;default&#8221; global_colors_info=&#8221;{}&#8221;][et_pb_row column_structure=&#8221;1_2,1_2&#8243; use_custom_gutter=&#8221;on&#8221; gutter_width=&#8221;2&#8243; make_equal=&#8221;on&#8221; _builder_version=&#8221;4.22.0&#8243; _module_preset=&#8221;default&#8221; custom_padding=&#8221;28px|||||&#8221; global_colors_info=&#8221;{}&#8221;][et_pb_column type=&#8221;1_2&#8243; _builder_version=&#8221;4.21.0&#8243; _module_preset=&#8221;default&#8221; global_colors_info=&#8221;{}&#8221;][et_pb_text _builder_version=&#8221;4.22.0&#8243; _module_preset=&#8221;default&#8221; text_font=&#8221;|300|||||||&#8221; text_font_size=&#8221;18px&#8221; text_line_height=&#8221;1.8em&#8221; header_font_size=&#8221;29px&#8221; header_2_font=&#8221;|700|||||||&#8221; header_2_font_size=&#8221;39px&#8221; header_2_line_height=&#8221;1.3em&#8221; header_6_letter_spacing=&#8221;4px&#8221; custom_margin=&#8221;||11px|||&#8221; custom_css_main_element=&#8221;align-self:center;&#8221; global_colors_info=&#8221;{}&#8221;]<\/p>\n<h6 style=\"text-align: left;\">ROLBA MASKO ZOLL<\/h6>\n<h2 style=\"text-align: left;\">Uppbyggt p\u00e5 en Rolba Medium Combi med Masko Zoll-teknologi<\/h2>\n<p style=\"text-align: left;\">Produkten baseras p\u00e5 en v\u00e4lbepr\u00f6vad teknik. Fordonet kan anv\u00e4ndas b\u00e5de som slamavvattnare och MediumCombi. Vid anv\u00e4ndning som MediumCombi f\u00f6r konventionell sugning rymmer de tv\u00e5 slamfacken 12 000 liter.<\/p>\n<p>[\/et_pb_text][\/et_pb_column][et_pb_column type=&#8221;1_2&#8243; _builder_version=&#8221;4.21.0&#8243; _module_preset=&#8221;default&#8221; custom_css_main_element=&#8221;align-self: center&#8221; global_colors_info=&#8221;{}&#8221;][et_pb_image src=&#8221;https:\/\/rolba.se\/wp-content\/uploads\/2023\/08\/MZ1-scaled.jpg&#8221; title_text=&#8221;MZ1&#8243; show_in_lightbox=&#8221;on&#8221; _builder_version=&#8221;4.22.0&#8243; _module_preset=&#8221;default&#8221; global_colors_info=&#8221;{}&#8221;][\/et_pb_image][\/et_pb_column][\/et_pb_row][et_pb_row column_structure=&#8221;1_2,1_2&#8243; use_custom_gutter=&#8221;on&#8221; gutter_width=&#8221;2&#8243; make_equal=&#8221;on&#8221; _builder_version=&#8221;4.22.0&#8243; _module_preset=&#8221;default&#8221; custom_padding=&#8221;28px|||||&#8221; global_colors_info=&#8221;{}&#8221;][et_pb_column type=&#8221;1_2&#8243; _builder_version=&#8221;4.21.0&#8243; _module_preset=&#8221;default&#8221; global_colors_info=&#8221;{}&#8221;][et_pb_image src=&#8221;https:\/\/rolba.se\/wp-content\/uploads\/2023\/08\/MZ2-scaled.jpg&#8221; title_text=&#8221;MZ2&#8243; show_in_lightbox=&#8221;on&#8221; _builder_version=&#8221;4.22.0&#8243; _module_preset=&#8221;default&#8221; custom_css_main_element=&#8221;align-self:center;&#8221; global_colors_info=&#8221;{}&#8221;][\/et_pb_image][\/et_pb_column][et_pb_column type=&#8221;1_2&#8243; _builder_version=&#8221;4.21.0&#8243; _module_preset=&#8221;default&#8221; custom_css_main_element=&#8221;align-self: center&#8221; global_colors_info=&#8221;{}&#8221;][et_pb_text _builder_version=&#8221;4.22.0&#8243; _module_preset=&#8221;default&#8221; text_font=&#8221;|300|||||||&#8221; text_line_height=&#8221;1.8em&#8221; header_font_size=&#8221;29px&#8221; header_2_font=&#8221;|700|||||||&#8221; header_2_font_size=&#8221;39px&#8221; header_2_line_height=&#8221;1.3em&#8221; header_3_font=&#8221;|700|||||||&#8221; header_3_font_size=&#8221;29px&#8221; header_6_letter_spacing=&#8221;4px&#8221; custom_margin=&#8221;||11px|||&#8221; global_colors_info=&#8221;{}&#8221;]<\/p>\n<h3 style=\"text-align: left;\">Vinster med att avvattna slammet i trekammarbrunn<\/h3>\n<p style=\"text-align: left;\">Vid traditionell t\u00f6mning f\u00f6ljer de organismer som st\u00e5r f\u00f6r den biologiska aktiviteten med slammet till deponeringsst\u00e4llet och aktiviteten stannar av i trekammarbrunnen. N\u00e4r du k\u00f6r med MazkoZoll-teknologin s\u00e5 g\u00e5r de levande organismerna \u00e5ter ned i trekammarbrunnen via rejektvattnet.<\/p>\n<p style=\"text-align: left;\">Men det \u00e4r inte bara vinster f\u00f6r \u00e4garen till brunnen. Att frakta vatten \u00e4r dyrt men \u00e4ven vattnet har idag blivit en kostnad f\u00f6r m\u00e5nga. Avvattning direkt vid trekammarbrunnen och \u00e5terfyllning med brunnens eget vatten spar b\u00e5de vikt, volym och ger m\u00e5nga milj\u00f6f\u00f6rdelar. Ett normalt slamaggregat har en kapacitet p\u00e5 4\u20135 trekammarbrunnar per deponeringstillf\u00e4lle. Med Rolba Masko Zoll avvattnare \u00f6kar kapaciteten till ca 35 brunnar innan deponering uppst\u00e5r. Allts\u00e5 kan transportkostnaderna reduceras kraftigt j\u00e4mf\u00f6rt med konventionell slamsugning.<\/p>\n<p>[\/et_pb_text][\/et_pb_column][\/et_pb_row][et_pb_row column_structure=&#8221;1_2,1_2&#8243; use_custom_gutter=&#8221;on&#8221; gutter_width=&#8221;2&#8243; make_equal=&#8221;on&#8221; _builder_version=&#8221;4.21.0&#8243; _module_preset=&#8221;default&#8221; custom_padding=&#8221;28px|||||&#8221; global_colors_info=&#8221;{}&#8221;][et_pb_column type=&#8221;1_2&#8243; _builder_version=&#8221;4.21.0&#8243; _module_preset=&#8221;default&#8221; global_colors_info=&#8221;{}&#8221;][et_pb_text _builder_version=&#8221;4.22.0&#8243; _module_preset=&#8221;default&#8221; text_font=&#8221;|300|||||||&#8221; text_line_height=&#8221;1.8em&#8221; header_font_size=&#8221;29px&#8221; header_2_font=&#8221;|700|||||||&#8221; header_2_font_size=&#8221;39px&#8221; header_2_line_height=&#8221;1.3em&#8221; header_3_font=&#8221;|700|||||||&#8221; header_3_font_size=&#8221;29px&#8221; header_6_letter_spacing=&#8221;4px&#8221; custom_margin=&#8221;||11px|||&#8221; custom_css_main_element=&#8221;align-self:center;&#8221; global_colors_info=&#8221;{}&#8221;]<\/p>\n<h3 style=\"text-align: left;\">Beskrivning utav avvattningsprincipen<\/h3>\n<p style=\"text-align: left;\">Brunnen t\u00f6ms p\u00e5 samma vis som vid en vanlig slamt\u00f6mning, slammet hamnar d\u00e5 i det fr\u00e4mre slamfacket (avvattningsfacket). Samtidigt som man suger doseras det vatten blandat med polymer. Detta f\u00e5r slammet att flocka ihop sig till en fastare form i avvattningsfacket.<\/p>\n<p style=\"text-align: left;\">Fr\u00e5n avvattningsfacket pumpas slammet vidare till MaskoZoll-aggregatet d\u00e4r slammet sedan skiljs fr\u00e5n vattnet. Slammet n\u00e5r 15\u201320% torrhalt genom denna process och g\u00e5r fr\u00e5n aggregatet \u00f6ver till bilens transportfack (bakre slamfacket).<\/p>\n<p style=\"text-align: left;\">Rejektvattnet g\u00e5r tillbaka ned i brunnen. Detta ger en kapacitet p\u00e5 att t\u00f6mma ca 35 brunnar innan deponering. Tids\u00e5tg\u00e5ng per brunn varierar beroende p\u00e5 m\u00e4ngden slam i brunnen.<\/p>\n<p style=\"text-align: left;\">Kontakta oss g\u00e4rna s\u00e5 ber\u00e4ttar vi om ytterligare vinster f\u00f6r b\u00e5de dig, kunden och milj\u00f6n!<\/p>\n<p>[\/et_pb_text][\/et_pb_column][et_pb_column type=&#8221;1_2&#8243; _builder_version=&#8221;4.21.0&#8243; _module_preset=&#8221;default&#8221; custom_css_main_element=&#8221;align-self: center&#8221; global_colors_info=&#8221;{}&#8221;][et_pb_image src=&#8221;https:\/\/rolba.se\/wp-content\/uploads\/2023\/08\/MZ3-scaled.jpg&#8221; title_text=&#8221;MZ3&#8243; show_in_lightbox=&#8221;on&#8221; _builder_version=&#8221;4.22.0&#8243; _module_preset=&#8221;default&#8221; global_colors_info=&#8221;{}&#8221;][\/et_pb_image][\/et_pb_column][\/et_pb_row][et_pb_row _builder_version=&#8221;4.21.0&#8243; _module_preset=&#8221;default&#8221; custom_padding=&#8221;||0px|||&#8221; global_colors_info=&#8221;{}&#8221;][et_pb_column type=&#8221;4_4&#8243; _builder_version=&#8221;4.21.0&#8243; _module_preset=&#8221;default&#8221; global_colors_info=&#8221;{}&#8221;][et_pb_text _builder_version=&#8221;4.21.0&#8243; _module_preset=&#8221;default&#8221; text_font=&#8221;|300|||||||&#8221; text_font_size=&#8221;18px&#8221; text_line_height=&#8221;1.8em&#8221; header_2_font=&#8221;|700|||||||&#8221; header_2_font_size=&#8221;48px&#8221; header_2_line_height=&#8221;1.3em&#8221; header_6_letter_spacing=&#8221;4px&#8221; custom_margin=&#8221;||11px|||&#8221; global_colors_info=&#8221;{}&#8221;]<\/p>\n<h2 style=\"text-align: center;\">Utrustningsalternativ<\/h2>\n<p>[\/et_pb_text][\/et_pb_column][\/et_pb_row][et_pb_row column_structure=&#8221;1_2,1_2&#8243; use_custom_gutter=&#8221;on&#8221; gutter_width=&#8221;2&#8243; _builder_version=&#8221;4.21.0&#8243; _module_preset=&#8221;default&#8221; global_colors_info=&#8221;{}&#8221;][et_pb_column type=&#8221;1_2&#8243; _builder_version=&#8221;4.21.0&#8243; _module_preset=&#8221;default&#8221; global_colors_info=&#8221;{}&#8221;][et_pb_image src=&#8221;https:\/\/rolba.se\/wp-content\/uploads\/2023\/08\/MZ4-scaled.jpg&#8221; title_text=&#8221;MZ4&#8243; show_in_lightbox=&#8221;on&#8221; _builder_version=&#8221;4.22.0&#8243; _module_preset=&#8221;default&#8221; custom_margin=&#8221;||40px||false|false&#8221; global_colors_info=&#8221;{}&#8221;][\/et_pb_image][\/et_pb_column][et_pb_column type=&#8221;1_2&#8243; _builder_version=&#8221;4.21.0&#8243; _module_preset=&#8221;default&#8221; global_colors_info=&#8221;{}&#8221;][et_pb_text _builder_version=&#8221;4.22.0&#8243; _module_preset=&#8221;default&#8221; text_font=&#8221;|300|||||||&#8221; text_font_size=&#8221;18px&#8221; text_line_height=&#8221;1.8em&#8221; header_2_font=&#8221;|700||on|||||&#8221; header_2_font_size=&#8221;32px&#8221; global_colors_info=&#8221;{}&#8221;]<\/p>\n<p><strong>\u00a0 Tank:<\/strong><br \/>&#8211; Tank i rostfritt st\u00e5l.<br \/>&#8211; Volym: 13 500 liter i tre fack, 7 000 liter bakre slamfack, 5 000 liter fr\u00e4mre slamfack och 1500 liter vattenfack.<br \/>&#8211; Tipp samt \u00f6ppningsbar baklucka.<\/p>\n<p><strong>Vakuumpump:<\/strong><br \/>&#8211; Hydrauliskt driven typ Lobpump.<br \/>&#8211; Kapacitet 22 000 l\/min.<br \/>&#8211; Avskiljare konstruerad f\u00f6r att uppn\u00e5 optimal effekt samt f\u00f6rhindra \u00f6versugning.<br \/>&#8211; Systemet anpassat f\u00f6r att minimera vakuumf\u00f6rluster.<\/p>\n<p><strong>H\u00f6gtrycksspolning:<\/strong><br \/>&#8211; Typ: Pratissoli kolvpump, hydrauliskt driven.<br \/>Monterad i rostfritt sk\u00e5p.<br \/>Kapacitet: 122 l\/min, 150 bar med \u00bd\u201d slang 60 m placerad i maskinsk\u00e5p.<\/p>\n<p><strong>Sugslangvinda:<\/strong><br \/>&#8211; Sv\u00e4ngbar sugslangvinda med f\u00f6rvaring upp till 70 m 3\u201d sugslang p\u00e5 baklucka.<\/p>\n<p><strong>\u00d6vrig standardutrustning:<\/strong><br \/>&#8211; \u00c5kerstr\u00f6ms radio.<br \/>&#8211; L\u00e5ng slangl\u00e5da p\u00e5 v\u00e4nster sida ovanp\u00e5 f\u00f6rvaringssk\u00e5p tillverkade i rostfri pl\u00e5t med gummit\u00e4tande och l\u00e5sbara luckor.<\/p>\n<p><strong>Tillval:<\/strong><br \/>&#8211; VacGuard f\u00f6r en b\u00e4ttre arbetsmilj\u00f6 och br\u00e4nslebesparing.<br \/>&#8211; Justerbart spoltryck p\u00e5 radion.<\/p>\n<p>[\/et_pb_text][\/et_pb_column][\/et_pb_row][\/et_pb_section]<\/p>\n","protected":false},"excerpt":{"rendered":"<p>ROLBA MASKO ZOLL Uppbyggt p\u00e5 en Rolba Medium Combi med Masko Zoll-teknologi Produkten baseras p\u00e5 en v\u00e4lbepr\u00f6vad teknik. Fordonet kan anv\u00e4ndas b\u00e5de som slamavvattnare och MediumCombi. Vid anv\u00e4ndning som MediumCombi f\u00f6r konventionell sugning rymmer de tv\u00e5 slamfacken 12 000 liter.Vinster med att avvattna slammet i trekammarbrunn Vid traditionell t\u00f6mning f\u00f6ljer de organismer som st\u00e5r f\u00f6r [&hellip;]<\/p>\n","protected":false},"author":1,"featured_media":0,"parent":0,"menu_order":0,"comment_status":"closed","ping_status":"closed","template":"","meta":{"_et_pb_use_builder":"on","_et_pb_old_content":"","_et_gb_content_width":"","footnotes":""},"class_list":["post-24619","page","type-page","status-publish","hentry"],"yoast_head":"<!-- This site is optimized with the Yoast SEO plugin v27.4 - https:\/\/yoast.com\/product\/yoast-seo-wordpress\/ -->\n<title>Masko Zoll - Rolba<\/title>\n<meta name=\"robots\" content=\"index, follow, max-snippet:-1, max-image-preview:large, max-video-preview:-1\" \/>\n<link rel=\"canonical\" href=\"https:\/\/rolba.se\/sv\/maskozoll\/\" \/>\n<meta property=\"og:locale\" content=\"sv_SE\" \/>\n<meta property=\"og:type\" content=\"article\" \/>\n<meta property=\"og:title\" content=\"Masko Zoll - Rolba\" \/>\n<meta property=\"og:description\" content=\"ROLBA MASKO ZOLL Uppbyggt p\u00e5 en Rolba Medium Combi med Masko Zoll-teknologi Produkten baseras p\u00e5 en v\u00e4lbepr\u00f6vad teknik. Fordonet kan anv\u00e4ndas b\u00e5de som slamavvattnare och MediumCombi. Vid anv\u00e4ndning som MediumCombi f\u00f6r konventionell sugning rymmer de tv\u00e5 slamfacken 12 000 liter.Vinster med att avvattna slammet i trekammarbrunn Vid traditionell t\u00f6mning f\u00f6ljer de organismer som st\u00e5r f\u00f6r [&hellip;]\" \/>\n<meta property=\"og:url\" content=\"https:\/\/rolba.se\/sv\/maskozoll\/\" \/>\n<meta property=\"og:site_name\" content=\"Rolba\" \/>\n<meta property=\"article:modified_time\" content=\"2025-01-10T08:52:27+00:00\" \/>\n<meta name=\"twitter:card\" content=\"summary_large_image\" \/>\n<meta name=\"twitter:label1\" content=\"Ber\u00e4knad l\u00e4stid\" \/>\n\t<meta name=\"twitter:data1\" content=\"3 minuter\" \/>\n<script type=\"application\/ld+json\" class=\"yoast-schema-graph\">{\"@context\":\"https:\\\/\\\/schema.org\",\"@graph\":[{\"@type\":\"WebPage\",\"@id\":\"https:\\\/\\\/rolba.se\\\/sv\\\/maskozoll\\\/\",\"url\":\"https:\\\/\\\/rolba.se\\\/sv\\\/maskozoll\\\/\",\"name\":\"Masko Zoll - Rolba\",\"isPartOf\":{\"@id\":\"https:\\\/\\\/rolba.se\\\/sv\\\/#website\"},\"datePublished\":\"2023-05-09T07:01:32+00:00\",\"dateModified\":\"2025-01-10T08:52:27+00:00\",\"breadcrumb\":{\"@id\":\"https:\\\/\\\/rolba.se\\\/sv\\\/maskozoll\\\/#breadcrumb\"},\"inLanguage\":\"sv-SE\",\"potentialAction\":[{\"@type\":\"ReadAction\",\"target\":[\"https:\\\/\\\/rolba.se\\\/sv\\\/maskozoll\\\/\"]}]},{\"@type\":\"BreadcrumbList\",\"@id\":\"https:\\\/\\\/rolba.se\\\/sv\\\/maskozoll\\\/#breadcrumb\",\"itemListElement\":[{\"@type\":\"ListItem\",\"position\":1,\"name\":\"Hem\",\"item\":\"https:\\\/\\\/rolba.se\\\/sv\\\/\"},{\"@type\":\"ListItem\",\"position\":2,\"name\":\"Masko Zoll\"}]},{\"@type\":\"WebSite\",\"@id\":\"https:\\\/\\\/rolba.se\\\/sv\\\/#website\",\"url\":\"https:\\\/\\\/rolba.se\\\/sv\\\/\",\"name\":\"Rolba\",\"description\":\"\",\"potentialAction\":[{\"@type\":\"SearchAction\",\"target\":{\"@type\":\"EntryPoint\",\"urlTemplate\":\"https:\\\/\\\/rolba.se\\\/sv\\\/?s={search_term_string}\"},\"query-input\":{\"@type\":\"PropertyValueSpecification\",\"valueRequired\":true,\"valueName\":\"search_term_string\"}}],\"inLanguage\":\"sv-SE\"}]}<\/script>\n<!-- \/ Yoast SEO plugin. -->","yoast_head_json":{"title":"Masko Zoll - Rolba","robots":{"index":"index","follow":"follow","max-snippet":"max-snippet:-1","max-image-preview":"max-image-preview:large","max-video-preview":"max-video-preview:-1"},"canonical":"https:\/\/rolba.se\/sv\/maskozoll\/","og_locale":"sv_SE","og_type":"article","og_title":"Masko Zoll - Rolba","og_description":"ROLBA MASKO ZOLL Uppbyggt p\u00e5 en Rolba Medium Combi med Masko Zoll-teknologi Produkten baseras p\u00e5 en v\u00e4lbepr\u00f6vad teknik. Fordonet kan anv\u00e4ndas b\u00e5de som slamavvattnare och MediumCombi. Vid anv\u00e4ndning som MediumCombi f\u00f6r konventionell sugning rymmer de tv\u00e5 slamfacken 12 000 liter.Vinster med att avvattna slammet i trekammarbrunn Vid traditionell t\u00f6mning f\u00f6ljer de organismer som st\u00e5r f\u00f6r [&hellip;]","og_url":"https:\/\/rolba.se\/sv\/maskozoll\/","og_site_name":"Rolba","article_modified_time":"2025-01-10T08:52:27+00:00","twitter_card":"summary_large_image","twitter_misc":{"Ber\u00e4knad l\u00e4stid":"3 minuter"},"schema":{"@context":"https:\/\/schema.org","@graph":[{"@type":"WebPage","@id":"https:\/\/rolba.se\/sv\/maskozoll\/","url":"https:\/\/rolba.se\/sv\/maskozoll\/","name":"Masko Zoll - Rolba","isPartOf":{"@id":"https:\/\/rolba.se\/sv\/#website"},"datePublished":"2023-05-09T07:01:32+00:00","dateModified":"2025-01-10T08:52:27+00:00","breadcrumb":{"@id":"https:\/\/rolba.se\/sv\/maskozoll\/#breadcrumb"},"inLanguage":"sv-SE","potentialAction":[{"@type":"ReadAction","target":["https:\/\/rolba.se\/sv\/maskozoll\/"]}]},{"@type":"BreadcrumbList","@id":"https:\/\/rolba.se\/sv\/maskozoll\/#breadcrumb","itemListElement":[{"@type":"ListItem","position":1,"name":"Hem","item":"https:\/\/rolba.se\/sv\/"},{"@type":"ListItem","position":2,"name":"Masko Zoll"}]},{"@type":"WebSite","@id":"https:\/\/rolba.se\/sv\/#website","url":"https:\/\/rolba.se\/sv\/","name":"Rolba","description":"","potentialAction":[{"@type":"SearchAction","target":{"@type":"EntryPoint","urlTemplate":"https:\/\/rolba.se\/sv\/?s={search_term_string}"},"query-input":{"@type":"PropertyValueSpecification","valueRequired":true,"valueName":"search_term_string"}}],"inLanguage":"sv-SE"}]}},"_links":{"self":[{"href":"https:\/\/rolba.se\/sv\/wp-json\/wp\/v2\/pages\/24619","targetHints":{"allow":["GET"]}}],"collection":[{"href":"https:\/\/rolba.se\/sv\/wp-json\/wp\/v2\/pages"}],"about":[{"href":"https:\/\/rolba.se\/sv\/wp-json\/wp\/v2\/types\/page"}],"author":[{"embeddable":true,"href":"https:\/\/rolba.se\/sv\/wp-json\/wp\/v2\/users\/1"}],"replies":[{"embeddable":true,"href":"https:\/\/rolba.se\/sv\/wp-json\/wp\/v2\/comments?post=24619"}],"version-history":[{"count":17,"href":"https:\/\/rolba.se\/sv\/wp-json\/wp\/v2\/pages\/24619\/revisions"}],"predecessor-version":[{"id":26836,"href":"https:\/\/rolba.se\/sv\/wp-json\/wp\/v2\/pages\/24619\/revisions\/26836"}],"wp:attachment":[{"href":"https:\/\/rolba.se\/sv\/wp-json\/wp\/v2\/media?parent=24619"}],"curies":[{"name":"wp","href":"https:\/\/api.w.org\/{rel}","templated":true}]}}