{"id":24621,"date":"2023-05-09T09:01:40","date_gmt":"2023-05-09T07:01:40","guid":{"rendered":"http:\/\/rolba.se\/?page_id=24621"},"modified":"2025-12-17T12:41:59","modified_gmt":"2025-12-17T11:41:59","slug":"rioned","status":"publish","type":"page","link":"https:\/\/rolba.se\/sv\/rioned\/","title":{"rendered":"Rioned"},"content":{"rendered":"<p>[et_pb_section fb_built=&#8221;1&#8243; _builder_version=&#8221;4.25.0&#8243; _module_preset=&#8221;default&#8221; background_color=&#8221;rgba(0,0,0,0.4)&#8221; background_image=&#8221;https:\/\/rolba.se\/wp-content\/uploads\/2024\/04\/bakgrundsbild-scaled.jpg&#8221; background_blend=&#8221;multiply&#8221; min_height=&#8221;69px&#8221; custom_margin=&#8221;|0px|0px|0px|false|false&#8221; custom_margin_last_edited=&#8221;on|phone&#8221; custom_padding=&#8221;0px|0px|0px|0px|false|false&#8221; global_module=&#8221;25309&#8243; global_colors_info=&#8221;{}&#8221; custom_margin_tablet=&#8221;|0px|0px|0px|false|false&#8221; custom_margin_phone=&#8221;|0px|0px|0px|false|false&#8221;][\/et_pb_section][et_pb_section fb_built=&#8221;1&#8243; _builder_version=&#8221;4.21.0&#8243; _module_preset=&#8221;default&#8221; global_colors_info=&#8221;{}&#8221;][et_pb_row use_custom_gutter=&#8221;on&#8221; gutter_width=&#8221;2&#8243; make_equal=&#8221;on&#8221; _builder_version=&#8221;4.22.0&#8243; _module_preset=&#8221;default&#8221; custom_padding=&#8221;28px||0px|||&#8221; global_colors_info=&#8221;{}&#8221;][et_pb_column type=&#8221;4_4&#8243; _builder_version=&#8221;4.21.0&#8243; _module_preset=&#8221;default&#8221; global_colors_info=&#8221;{}&#8221;][et_pb_text _builder_version=&#8221;4.27.5&#8243; _module_preset=&#8221;default&#8221; text_font=&#8221;|300|||||||&#8221; text_font_size=&#8221;18px&#8221; text_line_height=&#8221;1.8em&#8221; header_font_size=&#8221;29px&#8221; header_2_font=&#8221;|700|||||||&#8221; header_2_font_size=&#8221;39px&#8221; header_2_line_height=&#8221;1.3em&#8221; header_6_letter_spacing=&#8221;4px&#8221; custom_margin=&#8221;||11px|||&#8221; hover_enabled=&#8221;0&#8243; custom_css_main_element=&#8221;align-self:center;&#8221; global_colors_info=&#8221;{}&#8221; sticky_enabled=&#8221;0&#8243;]<\/p>\n<h2>Rolba avslutar samarbetet med Rioned i Sverige &#8211; Prestec tar \u00f6ver som ny distribut\u00f6r<\/h2>\n<div>\n<h2 style=\"text-align: left;\"><o:p><\/o:p><\/h2>\n<\/div>\n<p>[\/et_pb_text][\/et_pb_column][\/et_pb_row][et_pb_row _builder_version=&#8221;4.27.5&#8243; _module_preset=&#8221;default&#8221;][et_pb_column _builder_version=&#8221;4.27.5&#8243; _module_preset=&#8221;default&#8221; type=&#8221;4_4&#8243;][et_pb_text _builder_version=&#8221;4.27.5&#8243; _module_preset=&#8221;default&#8221; hover_enabled=&#8221;0&#8243; sticky_enabled=&#8221;0&#8243;]<\/p>\n<p style=\"font-weight: 400;\">Efter sju \u00e5rs samarbete avslutar Rolba Svenska AB sin roll som svensk distribut\u00f6r f\u00f6r Rioned vid \u00e5rsskiftet. Beslutet grundar sig i Rolbas ambition att renodla sina resurser och fullt ut fokusera p\u00e5 utveckling, f\u00f6rs\u00e4ljning och service av sina egna produkter, bland annat den nya ReComb Recycler.<\/p>\n<p style=\"font-weight: 400;\">Rioned meddelar samtidigt att Prestec blir ny officiell svensk distribut\u00f6r fr\u00e5n och med den <strong>1 januari 2026<\/strong>. Prestec, som redan \u00e4r v\u00e4l etablerat inom segmentet sm\u00e5 och medelstora spolbilar, kommer att ta \u00f6ver hela Rioneds produktsortiment och erbjuda full teknisk support och service. www.prestec.se<\/p>\n<p style=\"font-weight: 400;\"><strong>Trygg \u00f6verg\u00e5ng f\u00f6r kunder<\/strong><br \/>\u00d6verg\u00e5ngen blir smidig och tidigare kunder i Sverige kommer fortsatt f\u00e5 service, support och hj\u00e4lp fram\u00f6ver. Prestec tar \u00f6ver r\u00e5d, teknisk support och service av Rioned-produkter fr\u00e5n och med \u00e5rsskiftet 2026.<\/p>\n<p style=\"font-weight: 400;\">Rolba riktar ett varmt tack till alla kunder som under \u00e5ren valt att k\u00f6pa Rioned-maskiner via f\u00f6retaget, och uttrycker uppskattning f\u00f6r f\u00f6rtroendet och samarbetet.<\/p>\n<p style=\"font-weight: 400;\">Rioned riktar samtidigt ett tack till Rolba f\u00f6r ett uppskattat samarbete under de g\u00e5ngna sju \u00e5ren.<\/p>\n<p>[\/et_pb_text][\/et_pb_column][\/et_pb_row][\/et_pb_section]<\/p>\n","protected":false},"excerpt":{"rendered":"<p>Rolba avslutar samarbetet med Rioned i Sverige &#8211; Prestec tar \u00f6ver som ny distribut\u00f6r Efter sju \u00e5rs samarbete avslutar Rolba Svenska AB sin roll som svensk distribut\u00f6r f\u00f6r Rioned vid \u00e5rsskiftet. Beslutet grundar sig i Rolbas ambition att renodla sina resurser och fullt ut fokusera p\u00e5 utveckling, f\u00f6rs\u00e4ljning och service av sina egna produkter, bland [&hellip;]<\/p>\n","protected":false},"author":1,"featured_media":0,"parent":0,"menu_order":0,"comment_status":"closed","ping_status":"closed","template":"","meta":{"_et_pb_use_builder":"on","_et_pb_old_content":"<!-- wp:divi\/placeholder \/-->","_et_gb_content_width":"","footnotes":""},"class_list":["post-24621","page","type-page","status-publish","hentry"],"yoast_head":"<!-- This site is optimized with the Yoast SEO plugin v27.4 - https:\/\/yoast.com\/product\/yoast-seo-wordpress\/ -->\n<title>Rioned - Rolba<\/title>\n<meta name=\"robots\" content=\"index, follow, max-snippet:-1, max-image-preview:large, max-video-preview:-1\" \/>\n<link rel=\"canonical\" href=\"https:\/\/rolba.se\/sv\/rioned\/\" \/>\n<meta property=\"og:locale\" content=\"sv_SE\" \/>\n<meta property=\"og:type\" content=\"article\" \/>\n<meta property=\"og:title\" content=\"Rioned - Rolba\" \/>\n<meta property=\"og:description\" content=\"Rolba avslutar samarbetet med Rioned i Sverige - Prestec tar \u00f6ver som ny distribut\u00f6r Efter sju \u00e5rs samarbete avslutar Rolba Svenska AB sin roll som svensk distribut\u00f6r f\u00f6r Rioned vid \u00e5rsskiftet. Beslutet grundar sig i Rolbas ambition att renodla sina resurser och fullt ut fokusera p\u00e5 utveckling, f\u00f6rs\u00e4ljning och service av sina egna produkter, bland [&hellip;]\" \/>\n<meta property=\"og:url\" content=\"https:\/\/rolba.se\/sv\/rioned\/\" \/>\n<meta property=\"og:site_name\" content=\"Rolba\" \/>\n<meta property=\"article:modified_time\" content=\"2025-12-17T11:41:59+00:00\" \/>\n<meta name=\"twitter:card\" content=\"summary_large_image\" \/>\n<meta name=\"twitter:label1\" content=\"Ber\u00e4knad l\u00e4stid\" \/>\n\t<meta name=\"twitter:data1\" content=\"2 minuter\" \/>\n<script type=\"application\/ld+json\" class=\"yoast-schema-graph\">{\"@context\":\"https:\\\/\\\/schema.org\",\"@graph\":[{\"@type\":\"WebPage\",\"@id\":\"https:\\\/\\\/rolba.se\\\/sv\\\/rioned\\\/\",\"url\":\"https:\\\/\\\/rolba.se\\\/sv\\\/rioned\\\/\",\"name\":\"Rioned - Rolba\",\"isPartOf\":{\"@id\":\"https:\\\/\\\/rolba.se\\\/sv\\\/#website\"},\"datePublished\":\"2023-05-09T07:01:40+00:00\",\"dateModified\":\"2025-12-17T11:41:59+00:00\",\"breadcrumb\":{\"@id\":\"https:\\\/\\\/rolba.se\\\/sv\\\/rioned\\\/#breadcrumb\"},\"inLanguage\":\"sv-SE\",\"potentialAction\":[{\"@type\":\"ReadAction\",\"target\":[\"https:\\\/\\\/rolba.se\\\/sv\\\/rioned\\\/\"]}]},{\"@type\":\"BreadcrumbList\",\"@id\":\"https:\\\/\\\/rolba.se\\\/sv\\\/rioned\\\/#breadcrumb\",\"itemListElement\":[{\"@type\":\"ListItem\",\"position\":1,\"name\":\"Hem\",\"item\":\"https:\\\/\\\/rolba.se\\\/sv\\\/\"},{\"@type\":\"ListItem\",\"position\":2,\"name\":\"Rioned\"}]},{\"@type\":\"WebSite\",\"@id\":\"https:\\\/\\\/rolba.se\\\/sv\\\/#website\",\"url\":\"https:\\\/\\\/rolba.se\\\/sv\\\/\",\"name\":\"Rolba\",\"description\":\"\",\"potentialAction\":[{\"@type\":\"SearchAction\",\"target\":{\"@type\":\"EntryPoint\",\"urlTemplate\":\"https:\\\/\\\/rolba.se\\\/sv\\\/?s={search_term_string}\"},\"query-input\":{\"@type\":\"PropertyValueSpecification\",\"valueRequired\":true,\"valueName\":\"search_term_string\"}}],\"inLanguage\":\"sv-SE\"}]}<\/script>\n<!-- \/ Yoast SEO plugin. -->","yoast_head_json":{"title":"Rioned - Rolba","robots":{"index":"index","follow":"follow","max-snippet":"max-snippet:-1","max-image-preview":"max-image-preview:large","max-video-preview":"max-video-preview:-1"},"canonical":"https:\/\/rolba.se\/sv\/rioned\/","og_locale":"sv_SE","og_type":"article","og_title":"Rioned - Rolba","og_description":"Rolba avslutar samarbetet med Rioned i Sverige - Prestec tar \u00f6ver som ny distribut\u00f6r Efter sju \u00e5rs samarbete avslutar Rolba Svenska AB sin roll som svensk distribut\u00f6r f\u00f6r Rioned vid \u00e5rsskiftet. Beslutet grundar sig i Rolbas ambition att renodla sina resurser och fullt ut fokusera p\u00e5 utveckling, f\u00f6rs\u00e4ljning och service av sina egna produkter, bland [&hellip;]","og_url":"https:\/\/rolba.se\/sv\/rioned\/","og_site_name":"Rolba","article_modified_time":"2025-12-17T11:41:59+00:00","twitter_card":"summary_large_image","twitter_misc":{"Ber\u00e4knad l\u00e4stid":"2 minuter"},"schema":{"@context":"https:\/\/schema.org","@graph":[{"@type":"WebPage","@id":"https:\/\/rolba.se\/sv\/rioned\/","url":"https:\/\/rolba.se\/sv\/rioned\/","name":"Rioned - Rolba","isPartOf":{"@id":"https:\/\/rolba.se\/sv\/#website"},"datePublished":"2023-05-09T07:01:40+00:00","dateModified":"2025-12-17T11:41:59+00:00","breadcrumb":{"@id":"https:\/\/rolba.se\/sv\/rioned\/#breadcrumb"},"inLanguage":"sv-SE","potentialAction":[{"@type":"ReadAction","target":["https:\/\/rolba.se\/sv\/rioned\/"]}]},{"@type":"BreadcrumbList","@id":"https:\/\/rolba.se\/sv\/rioned\/#breadcrumb","itemListElement":[{"@type":"ListItem","position":1,"name":"Hem","item":"https:\/\/rolba.se\/sv\/"},{"@type":"ListItem","position":2,"name":"Rioned"}]},{"@type":"WebSite","@id":"https:\/\/rolba.se\/sv\/#website","url":"https:\/\/rolba.se\/sv\/","name":"Rolba","description":"","potentialAction":[{"@type":"SearchAction","target":{"@type":"EntryPoint","urlTemplate":"https:\/\/rolba.se\/sv\/?s={search_term_string}"},"query-input":{"@type":"PropertyValueSpecification","valueRequired":true,"valueName":"search_term_string"}}],"inLanguage":"sv-SE"}]}},"_links":{"self":[{"href":"https:\/\/rolba.se\/sv\/wp-json\/wp\/v2\/pages\/24621","targetHints":{"allow":["GET"]}}],"collection":[{"href":"https:\/\/rolba.se\/sv\/wp-json\/wp\/v2\/pages"}],"about":[{"href":"https:\/\/rolba.se\/sv\/wp-json\/wp\/v2\/types\/page"}],"author":[{"embeddable":true,"href":"https:\/\/rolba.se\/sv\/wp-json\/wp\/v2\/users\/1"}],"replies":[{"embeddable":true,"href":"https:\/\/rolba.se\/sv\/wp-json\/wp\/v2\/comments?post=24621"}],"version-history":[{"count":21,"href":"https:\/\/rolba.se\/sv\/wp-json\/wp\/v2\/pages\/24621\/revisions"}],"predecessor-version":[{"id":27038,"href":"https:\/\/rolba.se\/sv\/wp-json\/wp\/v2\/pages\/24621\/revisions\/27038"}],"wp:attachment":[{"href":"https:\/\/rolba.se\/sv\/wp-json\/wp\/v2\/media?parent=24621"}],"curies":[{"name":"wp","href":"https:\/\/api.w.org\/{rel}","templated":true}]}}