{"id":24635,"date":"2023-05-09T09:04:36","date_gmt":"2023-05-09T07:04:36","guid":{"rendered":"http:\/\/rolba.se\/?page_id=24635"},"modified":"2025-05-16T12:54:24","modified_gmt":"2025-05-16T10:54:24","slug":"service-reservdelar","status":"publish","type":"page","link":"https:\/\/rolba.se\/sv\/service-reservdelar\/","title":{"rendered":"Service\/Reservdelar"},"content":{"rendered":"<p>[et_pb_section fb_built=&#8221;1&#8243; _builder_version=&#8221;4.25.0&#8243; _module_preset=&#8221;default&#8221; background_color=&#8221;rgba(0,0,0,0.4)&#8221; background_image=&#8221;https:\/\/rolba.se\/wp-content\/uploads\/2024\/04\/bakgrundsbild-scaled.jpg&#8221; width=&#8221;100%&#8221; custom_margin=&#8221;||||false|false&#8221; custom_padding=&#8221;0px||22px|||&#8221; global_colors_info=&#8221;{}&#8221;][et_pb_row _builder_version=&#8221;4.21.0&#8243; _module_preset=&#8221;default&#8221; custom_margin=&#8221;|auto|25px|auto||&#8221; custom_padding=&#8221;89px|||||&#8221; global_colors_info=&#8221;{}&#8221;][et_pb_column type=&#8221;4_4&#8243; _builder_version=&#8221;4.21.0&#8243; _module_preset=&#8221;default&#8221; global_colors_info=&#8221;{}&#8221;][et_pb_text _builder_version=&#8221;4.21.0&#8243; _module_preset=&#8221;default&#8221; text_font=&#8221;|300|||||||&#8221; text_font_size=&#8221;18px&#8221; text_line_height=&#8221;1.8em&#8221; header_font=&#8221;|700|||||||&#8221; header_text_color=&#8221;#FFFFFF&#8221; header_font_size=&#8221;50px&#8221; header_2_font=&#8221;|700|||||||&#8221; header_2_text_color=&#8221;#FFFFFF&#8221; header_2_font_size=&#8221;48px&#8221; header_2_line_height=&#8221;1.3em&#8221; header_6_letter_spacing=&#8221;4px&#8221; custom_margin=&#8221;||11px|||&#8221; global_colors_info=&#8221;{}&#8221;]<\/p>\n<h1 style=\"text-align: center;\">Service &amp; reservdelar<\/h1>\n<p>[\/et_pb_text][\/et_pb_column][\/et_pb_row][\/et_pb_section][et_pb_section fb_built=&#8221;1&#8243; _builder_version=&#8221;4.21.0&#8243; _module_preset=&#8221;default&#8221; custom_margin=&#8221;0px||-3px||false|false&#8221; custom_padding=&#8221;14px||49px|||&#8221; global_colors_info=&#8221;{}&#8221;][et_pb_row column_structure=&#8221;1_2,1_2&#8243; use_custom_gutter=&#8221;on&#8221; gutter_width=&#8221;2&#8243; make_equal=&#8221;on&#8221; _builder_version=&#8221;4.21.0&#8243; _module_preset=&#8221;default&#8221; custom_margin=&#8221;54px|auto|16px|auto||&#8221; global_colors_info=&#8221;{}&#8221;][et_pb_column type=&#8221;1_2&#8243; _builder_version=&#8221;4.21.0&#8243; _module_preset=&#8221;default&#8221; global_colors_info=&#8221;{}&#8221;][et_pb_image src=&#8221;https:\/\/rolba.se\/wp-content\/uploads\/2023\/05\/service-och-reservdelar-2.jpg&#8221; title_text=&#8221;IMG_2035 copy2&#8243; _builder_version=&#8221;4.21.0&#8243; _module_preset=&#8221;default&#8221; global_colors_info=&#8221;{}&#8221;][\/et_pb_image][\/et_pb_column][et_pb_column type=&#8221;1_2&#8243; _builder_version=&#8221;4.21.0&#8243; _module_preset=&#8221;default&#8221; custom_css_main_element=&#8221;align-self: center&#8221; global_colors_info=&#8221;{}&#8221;][et_pb_text _builder_version=&#8221;4.21.0&#8243; _module_preset=&#8221;default&#8221; text_font=&#8221;|300|||||||&#8221; text_font_size=&#8221;18px&#8221; text_line_height=&#8221;1.8em&#8221; header_2_font=&#8221;|700|||||||&#8221; header_2_font_size=&#8221;48px&#8221; header_2_line_height=&#8221;1.3em&#8221; header_6_letter_spacing=&#8221;4px&#8221; custom_margin=&#8221;||11px|||&#8221; global_colors_info=&#8221;{}&#8221;]<\/p>\n<h6 style=\"text-align: left;\">SERVICE &amp; RESERVDELAR<\/h6>\n<h2 style=\"text-align: left;\">F\u00f6rebyggande service, reparationer och reservdelar<\/h2>\n<p style=\"text-align: left;\"><span>Vid behov av service p\u00e5 ditt Rolba eller Rioned aggregat, v\u00e4nd er med f\u00f6rtroende till n\u00e5gon av v\u00e5ra servicepartners. Med kunnig personal och f\u00f6rebyggande serviceprogram hj\u00e4lper vi kunderna till en problemfri drift av sina fordon. <\/span><\/p>\n<p style=\"text-align: left;\"><span>\u00d6verflyttning av utrustningar mellan chassier, ombyggnader och tankrevisioner \u00e4r andra exempel p\u00e5 arbeten som vi g\u00e4rna \u00e5tar oss. V\u00e4nd er med f\u00f6rtroende till oss p\u00e5 Rolba vid alla f\u00f6rekommande behov av service, reparationer eller ombyggnader av slamfordon.<\/span><\/p>\n<p style=\"text-align: left;\"><span>P\u00e5 v\u00e5rt v\u00e4lsorterade reservdelslager finns de flesta f\u00f6rbruknings- och slitdetaljer v\u00e5ra kunder beh\u00f6ver till driften av sina fordon.\u00a0<\/span><\/p>\n<p style=\"text-align: left;\"><span><strong>V\u00e5r m\u00e5ls\u00e4ttning \u00e4r att du alltid ska f\u00e5 din reservdel senast dagen efter du best\u00e4llt.<\/strong><\/span><\/p>\n<p>[\/et_pb_text][\/et_pb_column][\/et_pb_row][\/et_pb_section][et_pb_section fb_built=&#8221;1&#8243; _builder_version=&#8221;4.21.0&#8243; _module_preset=&#8221;default&#8221; custom_padding=&#8221;||1px|||&#8221; global_colors_info=&#8221;{}&#8221;][et_pb_row column_structure=&#8221;1_2,1_2&#8243; use_custom_gutter=&#8221;on&#8221; gutter_width=&#8221;3&#8243; _builder_version=&#8221;4.21.0&#8243; _module_preset=&#8221;default&#8221; global_colors_info=&#8221;{}&#8221;][et_pb_column type=&#8221;1_2&#8243; _builder_version=&#8221;4.21.0&#8243; _module_preset=&#8221;default&#8221; global_colors_info=&#8221;{}&#8221;][et_pb_text _builder_version=&#8221;4.21.0&#8243; _module_preset=&#8221;default&#8221; header_2_font=&#8221;|700|||||||&#8221; header_2_font_size=&#8221;22px&#8221; custom_margin=&#8221;||12px|||&#8221; global_colors_info=&#8221;{}&#8221;]<\/p>\n<h2 style=\"text-align: center;\">Reservdelar<\/h2>\n<p>[\/et_pb_text][et_pb_image src=&#8221;https:\/\/rolba.se\/wp-content\/uploads\/2024\/05\/Robert_Rolba_Portrait.jpg&#8221; title_text=&#8221;Robert_Rolba_Portrait&#8221; align=&#8221;center&#8221; _builder_version=&#8221;4.25.0&#8243; _module_preset=&#8221;default&#8221; width=&#8221;70%&#8221; custom_margin=&#8221;||17px|||&#8221; global_colors_info=&#8221;{}&#8221;][\/et_pb_image][et_pb_text _builder_version=&#8221;4.27.4&#8243; _module_preset=&#8221;default&#8221; custom_margin=&#8221;||54px|||&#8221; hover_enabled=&#8221;0&#8243; global_colors_info=&#8221;{}&#8221; sticky_enabled=&#8221;0&#8243;]<\/p>\n<p style=\"text-align: center;\"><strong>Robert Andersson<\/strong><br \/>Tel: 0291-47 10 56<br \/>E-post: <a href=\"mailto:spareparts@rolba.se\" title=\"mailto:spareparts@rolba.se\" data-outlook-id=\"9aa66fde-ab44-4878-a9b6-1a85ce185075\">spareparts@<span data-markjs=\"true\" class=\"outlook-search-highlight\">rolba<\/span>.se<\/a><span>\u00a0<\/span><\/p>\n<p>[\/et_pb_text][\/et_pb_column][et_pb_column type=&#8221;1_2&#8243; _builder_version=&#8221;4.21.0&#8243; _module_preset=&#8221;default&#8221; global_colors_info=&#8221;{}&#8221;][et_pb_text _builder_version=&#8221;4.25.0&#8243; _module_preset=&#8221;default&#8221; header_2_font=&#8221;|700|||||||&#8221; header_2_font_size=&#8221;22px&#8221; custom_margin=&#8221;||12px|||&#8221; global_colors_info=&#8221;{}&#8221;]<\/p>\n<h2 style=\"text-align: center;\">Teknisk support\/service<\/h2>\n<p>[\/et_pb_text][et_pb_image src=&#8221;https:\/\/rolba.se\/wp-content\/uploads\/2024\/06\/Rickard_Bergstrom.jpg&#8221; alt=&#8221;Rickard_Bergstro\u0308m&#8221; title_text=&#8221;Rickard_Bergstro\u0308m&#8221; align=&#8221;center&#8221; _builder_version=&#8221;4.25.2&#8243; _module_preset=&#8221;default&#8221; width=&#8221;70%&#8221; custom_margin=&#8221;||19px|||&#8221; global_colors_info=&#8221;{}&#8221;][\/et_pb_image][et_pb_text _builder_version=&#8221;4.27.4&#8243; _module_preset=&#8221;default&#8221; hover_enabled=&#8221;0&#8243; global_colors_info=&#8221;{}&#8221; sticky_enabled=&#8221;0&#8243;]<\/p>\n<p style=\"text-align: center;\"><strong>Rickard Bergstr\u00f6m<\/strong><br \/>Tel: 0291-47 10 54<br \/>E-post: <a href=\"mailto:support@rolba.se\" title=\"mailto:support@rolba.se\" data-outlook-id=\"ff1896c8-43fa-4c68-b16b-e1facfe8d05e\">support@<span data-markjs=\"true\" class=\"outlook-search-highlight\">rolba<\/span>.se<\/a><\/p>\n<p>[\/et_pb_text][\/et_pb_column][\/et_pb_row][\/et_pb_section][et_pb_section fb_built=&#8221;1&#8243; _builder_version=&#8221;4.21.0&#8243; _module_preset=&#8221;default&#8221; custom_margin=&#8221;-1px|||||&#8221; global_colors_info=&#8221;{}&#8221;][et_pb_row use_custom_gutter=&#8221;on&#8221; gutter_width=&#8221;3&#8243; _builder_version=&#8221;4.21.0&#8243; _module_preset=&#8221;default&#8221; global_colors_info=&#8221;{}&#8221;][et_pb_column type=&#8221;4_4&#8243; _builder_version=&#8221;4.21.0&#8243; _module_preset=&#8221;default&#8221; global_colors_info=&#8221;{}&#8221;][et_pb_text _builder_version=&#8221;4.21.0&#8243; _module_preset=&#8221;default&#8221; text_font=&#8221;|300|||||||&#8221; text_font_size=&#8221;18px&#8221; text_line_height=&#8221;1.8em&#8221; header_2_font=&#8221;|700|||||||&#8221; header_2_font_size=&#8221;48px&#8221; header_2_line_height=&#8221;1.3em&#8221; header_6_letter_spacing=&#8221;4px&#8221; custom_margin=&#8221;||11px|||&#8221; global_colors_info=&#8221;{}&#8221;]<\/p>\n<h6 style=\"text-align: center;\">SERVICEPARTNERS<\/h6>\n<h2 style=\"text-align: center;\">Service och reparation n\u00e4ra dig<\/h2>\n<p style=\"text-align: center;\"><span>Du som kund har m\u00f6jligheten att utf\u00f6ra service och reparation p\u00e5 ditt fordon hos n\u00e5gon av v\u00e5ra ackrediterade, utbildade servicel\u00e4mnare. <\/span><span>N\u00e4r du l\u00e4mnar in ditt fordon till n\u00e5gon av v\u00e5ra servicepartners vill vi att den \u00e4r rengjord och avgasad. <\/span><a href=\"https:\/\/www.rolba.se\/images\/pdf\/Intyg%20avgasning.pdf\" target=\"_blank\" rel=\"noopener\"><strong><\/strong><\/a><\/p>\n<p style=\"text-align: center;\"><a href=\"https:\/\/www.rolba.se\/images\/pdf\/Intyg%20avgasning.pdf\" target=\"_blank\" rel=\"noopener\"><strong>Klicka h\u00e4r<\/strong><span>\u00a0<\/span><\/a><span>f\u00f6r att h\u00e4mta dokument f\u00f6r intygande av Avgasning.<\/span><\/p>\n<p>[\/et_pb_text][et_pb_code _builder_version=&#8221;4.22.0&#8243; _module_preset=&#8221;default&#8221; custom_padding=&#8221;45px|||||&#8221; global_colors_info=&#8221;{}&#8221;]<iframe loading=\"lazy\" src=\"https:\/\/www.google.com\/maps\/d\/embed?mid=1jrYiHJj2BbcjJcpetgWXB2BX65ljd84&#038;ehbc=2E312F&#038;noprof=1\" width=\"100%\" height=\"680\"><\/iframe>\t[\/et_pb_code][\/et_pb_column][\/et_pb_row][\/et_pb_section]<\/p>\n","protected":false},"excerpt":{"rendered":"<p>Service &amp; reservdelarSERVICE &amp; RESERVDELAR F\u00f6rebyggande service, reparationer och reservdelar Vid behov av service p\u00e5 ditt Rolba eller Rioned aggregat, v\u00e4nd er med f\u00f6rtroende till n\u00e5gon av v\u00e5ra servicepartners. Med kunnig personal och f\u00f6rebyggande serviceprogram hj\u00e4lper vi kunderna till en problemfri drift av sina fordon. \u00d6verflyttning av utrustningar mellan chassier, ombyggnader och tankrevisioner \u00e4r andra [&hellip;]<\/p>\n","protected":false},"author":1,"featured_media":0,"parent":0,"menu_order":0,"comment_status":"closed","ping_status":"closed","template":"","meta":{"_et_pb_use_builder":"on","_et_pb_old_content":"","_et_gb_content_width":"","footnotes":""},"class_list":["post-24635","page","type-page","status-publish","hentry"],"yoast_head":"<!-- This site is optimized with the Yoast SEO plugin v27.2 - https:\/\/yoast.com\/product\/yoast-seo-wordpress\/ -->\n<title>Service\/Reservdelar - Rolba<\/title>\n<meta name=\"robots\" content=\"index, follow, max-snippet:-1, max-image-preview:large, max-video-preview:-1\" \/>\n<link rel=\"canonical\" href=\"https:\/\/rolba.se\/sv\/service-reservdelar\/\" \/>\n<meta property=\"og:locale\" content=\"sv_SE\" \/>\n<meta property=\"og:type\" content=\"article\" \/>\n<meta property=\"og:title\" content=\"Service\/Reservdelar - Rolba\" \/>\n<meta property=\"og:description\" content=\"Service &amp; reservdelarSERVICE &amp; RESERVDELAR F\u00f6rebyggande service, reparationer och reservdelar Vid behov av service p\u00e5 ditt Rolba eller Rioned aggregat, v\u00e4nd er med f\u00f6rtroende till n\u00e5gon av v\u00e5ra servicepartners. Med kunnig personal och f\u00f6rebyggande serviceprogram hj\u00e4lper vi kunderna till en problemfri drift av sina fordon. \u00d6verflyttning av utrustningar mellan chassier, ombyggnader och tankrevisioner \u00e4r andra [&hellip;]\" \/>\n<meta property=\"og:url\" content=\"https:\/\/rolba.se\/sv\/service-reservdelar\/\" \/>\n<meta property=\"og:site_name\" content=\"Rolba\" \/>\n<meta property=\"article:modified_time\" content=\"2025-05-16T10:54:24+00:00\" \/>\n<meta name=\"twitter:card\" content=\"summary_large_image\" \/>\n<meta name=\"twitter:label1\" content=\"Ber\u00e4knad l\u00e4stid\" \/>\n\t<meta name=\"twitter:data1\" content=\"4 minuter\" \/>\n<script type=\"application\/ld+json\" class=\"yoast-schema-graph\">{\"@context\":\"https:\/\/schema.org\",\"@graph\":[{\"@type\":\"WebPage\",\"@id\":\"https:\/\/rolba.se\/sv\/service-reservdelar\/\",\"url\":\"https:\/\/rolba.se\/sv\/service-reservdelar\/\",\"name\":\"Service\/Reservdelar - Rolba\",\"isPartOf\":{\"@id\":\"https:\/\/rolba.se\/sv\/#website\"},\"datePublished\":\"2023-05-09T07:04:36+00:00\",\"dateModified\":\"2025-05-16T10:54:24+00:00\",\"breadcrumb\":{\"@id\":\"https:\/\/rolba.se\/sv\/service-reservdelar\/#breadcrumb\"},\"inLanguage\":\"sv-SE\",\"potentialAction\":[{\"@type\":\"ReadAction\",\"target\":[\"https:\/\/rolba.se\/sv\/service-reservdelar\/\"]}]},{\"@type\":\"BreadcrumbList\",\"@id\":\"https:\/\/rolba.se\/sv\/service-reservdelar\/#breadcrumb\",\"itemListElement\":[{\"@type\":\"ListItem\",\"position\":1,\"name\":\"Hem\",\"item\":\"https:\/\/rolba.se\/sv\/\"},{\"@type\":\"ListItem\",\"position\":2,\"name\":\"Service\/Reservdelar\"}]},{\"@type\":\"WebSite\",\"@id\":\"https:\/\/rolba.se\/sv\/#website\",\"url\":\"https:\/\/rolba.se\/sv\/\",\"name\":\"Rolba\",\"description\":\"\",\"potentialAction\":[{\"@type\":\"SearchAction\",\"target\":{\"@type\":\"EntryPoint\",\"urlTemplate\":\"https:\/\/rolba.se\/sv\/?s={search_term_string}\"},\"query-input\":{\"@type\":\"PropertyValueSpecification\",\"valueRequired\":true,\"valueName\":\"search_term_string\"}}],\"inLanguage\":\"sv-SE\"}]}<\/script>\n<!-- \/ Yoast SEO plugin. -->","yoast_head_json":{"title":"Service\/Reservdelar - Rolba","robots":{"index":"index","follow":"follow","max-snippet":"max-snippet:-1","max-image-preview":"max-image-preview:large","max-video-preview":"max-video-preview:-1"},"canonical":"https:\/\/rolba.se\/sv\/service-reservdelar\/","og_locale":"sv_SE","og_type":"article","og_title":"Service\/Reservdelar - Rolba","og_description":"Service &amp; reservdelarSERVICE &amp; RESERVDELAR F\u00f6rebyggande service, reparationer och reservdelar Vid behov av service p\u00e5 ditt Rolba eller Rioned aggregat, v\u00e4nd er med f\u00f6rtroende till n\u00e5gon av v\u00e5ra servicepartners. Med kunnig personal och f\u00f6rebyggande serviceprogram hj\u00e4lper vi kunderna till en problemfri drift av sina fordon. \u00d6verflyttning av utrustningar mellan chassier, ombyggnader och tankrevisioner \u00e4r andra [&hellip;]","og_url":"https:\/\/rolba.se\/sv\/service-reservdelar\/","og_site_name":"Rolba","article_modified_time":"2025-05-16T10:54:24+00:00","twitter_card":"summary_large_image","twitter_misc":{"Ber\u00e4knad l\u00e4stid":"4 minuter"},"schema":{"@context":"https:\/\/schema.org","@graph":[{"@type":"WebPage","@id":"https:\/\/rolba.se\/sv\/service-reservdelar\/","url":"https:\/\/rolba.se\/sv\/service-reservdelar\/","name":"Service\/Reservdelar - Rolba","isPartOf":{"@id":"https:\/\/rolba.se\/sv\/#website"},"datePublished":"2023-05-09T07:04:36+00:00","dateModified":"2025-05-16T10:54:24+00:00","breadcrumb":{"@id":"https:\/\/rolba.se\/sv\/service-reservdelar\/#breadcrumb"},"inLanguage":"sv-SE","potentialAction":[{"@type":"ReadAction","target":["https:\/\/rolba.se\/sv\/service-reservdelar\/"]}]},{"@type":"BreadcrumbList","@id":"https:\/\/rolba.se\/sv\/service-reservdelar\/#breadcrumb","itemListElement":[{"@type":"ListItem","position":1,"name":"Hem","item":"https:\/\/rolba.se\/sv\/"},{"@type":"ListItem","position":2,"name":"Service\/Reservdelar"}]},{"@type":"WebSite","@id":"https:\/\/rolba.se\/sv\/#website","url":"https:\/\/rolba.se\/sv\/","name":"Rolba","description":"","potentialAction":[{"@type":"SearchAction","target":{"@type":"EntryPoint","urlTemplate":"https:\/\/rolba.se\/sv\/?s={search_term_string}"},"query-input":{"@type":"PropertyValueSpecification","valueRequired":true,"valueName":"search_term_string"}}],"inLanguage":"sv-SE"}]}},"_links":{"self":[{"href":"https:\/\/rolba.se\/sv\/wp-json\/wp\/v2\/pages\/24635","targetHints":{"allow":["GET"]}}],"collection":[{"href":"https:\/\/rolba.se\/sv\/wp-json\/wp\/v2\/pages"}],"about":[{"href":"https:\/\/rolba.se\/sv\/wp-json\/wp\/v2\/types\/page"}],"author":[{"embeddable":true,"href":"https:\/\/rolba.se\/sv\/wp-json\/wp\/v2\/users\/1"}],"replies":[{"embeddable":true,"href":"https:\/\/rolba.se\/sv\/wp-json\/wp\/v2\/comments?post=24635"}],"version-history":[{"count":26,"href":"https:\/\/rolba.se\/sv\/wp-json\/wp\/v2\/pages\/24635\/revisions"}],"predecessor-version":[{"id":26865,"href":"https:\/\/rolba.se\/sv\/wp-json\/wp\/v2\/pages\/24635\/revisions\/26865"}],"wp:attachment":[{"href":"https:\/\/rolba.se\/sv\/wp-json\/wp\/v2\/media?parent=24635"}],"curies":[{"name":"wp","href":"https:\/\/api.w.org\/{rel}","templated":true}]}}