{"id":24637,"date":"2023-05-09T09:04:51","date_gmt":"2023-05-09T07:04:51","guid":{"rendered":"http:\/\/rolba.se\/?page_id=24637"},"modified":"2024-06-28T11:43:09","modified_gmt":"2024-06-28T09:43:09","slug":"hyrbil","status":"publish","type":"page","link":"https:\/\/rolba.se\/sv\/hyrbil\/","title":{"rendered":"Hyrbil"},"content":{"rendered":"<p>[et_pb_section fb_built=&#8221;1&#8243; _builder_version=&#8221;4.25.0&#8243; _module_preset=&#8221;default&#8221; background_color=&#8221;rgba(0,0,0,0.4)&#8221; background_image=&#8221;https:\/\/rolba.se\/wp-content\/uploads\/2024\/04\/bakgrundsbild-scaled.jpg&#8221; width=&#8221;100%&#8221; custom_margin=&#8221;||||false|false&#8221; custom_padding=&#8221;0px||22px|||&#8221; global_colors_info=&#8221;{}&#8221;][et_pb_row _builder_version=&#8221;4.25.0&#8243; _module_preset=&#8221;default&#8221; custom_margin=&#8221;|auto|25px|auto||&#8221; custom_padding=&#8221;89px|||||&#8221; global_colors_info=&#8221;{}&#8221;][et_pb_column type=&#8221;4_4&#8243; _builder_version=&#8221;4.21.0&#8243; _module_preset=&#8221;default&#8221; global_colors_info=&#8221;{}&#8221;][et_pb_text _builder_version=&#8221;4.25.0&#8243; _module_preset=&#8221;default&#8221; global_colors_info=&#8221;{}&#8221;]<\/p>\n<h1 style=\"text-align: center;\"><span style=\"color: #f2f8f8;\">Hyrbil<\/span><\/h1>\n<p>[\/et_pb_text][\/et_pb_column][\/et_pb_row][\/et_pb_section][et_pb_section fb_built=&#8221;1&#8243; _builder_version=&#8221;4.22.0&#8243; _module_preset=&#8221;default&#8221; custom_padding=&#8221;25px|||||&#8221; global_colors_info=&#8221;{}&#8221;][et_pb_row _builder_version=&#8221;4.25.2&#8243; _module_preset=&#8221;default&#8221; global_colors_info=&#8221;{}&#8221;][et_pb_column type=&#8221;4_4&#8243; _builder_version=&#8221;4.22.0&#8243; _module_preset=&#8221;default&#8221; global_colors_info=&#8221;{}&#8221;][et_pb_text _builder_version=&#8221;4.25.2&#8243; _module_preset=&#8221;default&#8221; text_font=&#8221;|300|||||||&#8221; text_font_size=&#8221;18px&#8221; text_line_height=&#8221;1.8em&#8221; header_2_font=&#8221;|700|||||||&#8221; header_2_font_size=&#8221;37px&#8221; header_2_line_height=&#8221;1.3em&#8221; header_6_letter_spacing=&#8221;4px&#8221; custom_margin=&#8221;||11px|||&#8221; global_colors_info=&#8221;{}&#8221;]<\/p>\n<h2 style=\"text-align: center;\">Har du ett akut eller tempor\u00e4rt behov av att hyra bil?<\/h2>\n<p style=\"text-align: center;\"><span>Vid arbetsstopp eller tillf\u00e4lliga utmaningar i verksamheten kan du hyra bil av oss via v\u00e5rt systerbolag Disab Rental. Klicka <a href=\"https:\/\/disab.com\/se\/produkter\/rental\/?_gl=1*1fwxj3a*_up*MQ..&amp;gclid=EAIaIQobChMI96Sc3KDy_wIVFOCyCh1XiAhbEAAYASAAEgL3E_D_BwE\" target=\"_blank\" rel=\"noopener\" title=\"Disab Rental\"><u>h\u00e4r<\/u><\/a><i>.<\/i><br \/>Vill du komma i kontakt med oss p\u00e5 Rolba hittar du v\u00e5ra kontaktuppgifter <u><a href=\"https:\/\/rolba.se\/sv\/kontakta-oss\/\" title=\"Kontakta oss\">h\u00e4r<\/a>.<\/u><\/span><\/p>\n<p>[\/et_pb_text][\/et_pb_column][\/et_pb_row][\/et_pb_section]<\/p>\n","protected":false},"excerpt":{"rendered":"<p>HyrbilHar du ett akut eller tempor\u00e4rt behov av att hyra bil? Vid arbetsstopp eller tillf\u00e4lliga utmaningar i verksamheten kan du hyra bil av oss via v\u00e5rt systerbolag Disab Rental. Klicka h\u00e4r.Vill du komma i kontakt med oss p\u00e5 Rolba hittar du v\u00e5ra kontaktuppgifter h\u00e4r.<\/p>\n","protected":false},"author":1,"featured_media":0,"parent":0,"menu_order":0,"comment_status":"closed","ping_status":"closed","template":"","meta":{"_et_pb_use_builder":"on","_et_pb_old_content":"<!-- wp:divi\/placeholder \/-->","_et_gb_content_width":"","footnotes":""},"class_list":["post-24637","page","type-page","status-publish","hentry"],"yoast_head":"<!-- This site is optimized with the Yoast SEO plugin v27.4 - https:\/\/yoast.com\/product\/yoast-seo-wordpress\/ -->\n<title>Hyrbil - Rolba<\/title>\n<meta name=\"robots\" content=\"index, follow, max-snippet:-1, max-image-preview:large, max-video-preview:-1\" \/>\n<link rel=\"canonical\" href=\"https:\/\/rolba.se\/sv\/hyrbil\/\" \/>\n<meta property=\"og:locale\" content=\"sv_SE\" \/>\n<meta property=\"og:type\" content=\"article\" \/>\n<meta property=\"og:title\" content=\"Hyrbil - Rolba\" \/>\n<meta property=\"og:description\" content=\"HyrbilHar du ett akut eller tempor\u00e4rt behov av att hyra bil? Vid arbetsstopp eller tillf\u00e4lliga utmaningar i verksamheten kan du hyra bil av oss via v\u00e5rt systerbolag Disab Rental. Klicka h\u00e4r.Vill du komma i kontakt med oss p\u00e5 Rolba hittar du v\u00e5ra kontaktuppgifter h\u00e4r.\" \/>\n<meta property=\"og:url\" content=\"https:\/\/rolba.se\/sv\/hyrbil\/\" \/>\n<meta property=\"og:site_name\" content=\"Rolba\" \/>\n<meta property=\"article:modified_time\" content=\"2024-06-28T09:43:09+00:00\" \/>\n<meta name=\"twitter:card\" content=\"summary_large_image\" \/>\n<meta name=\"twitter:label1\" content=\"Ber\u00e4knad l\u00e4stid\" \/>\n\t<meta name=\"twitter:data1\" content=\"1 minut\" \/>\n<script type=\"application\/ld+json\" class=\"yoast-schema-graph\">{\"@context\":\"https:\\\/\\\/schema.org\",\"@graph\":[{\"@type\":\"WebPage\",\"@id\":\"https:\\\/\\\/rolba.se\\\/sv\\\/hyrbil\\\/\",\"url\":\"https:\\\/\\\/rolba.se\\\/sv\\\/hyrbil\\\/\",\"name\":\"Hyrbil - Rolba\",\"isPartOf\":{\"@id\":\"https:\\\/\\\/rolba.se\\\/sv\\\/#website\"},\"datePublished\":\"2023-05-09T07:04:51+00:00\",\"dateModified\":\"2024-06-28T09:43:09+00:00\",\"breadcrumb\":{\"@id\":\"https:\\\/\\\/rolba.se\\\/sv\\\/hyrbil\\\/#breadcrumb\"},\"inLanguage\":\"sv-SE\",\"potentialAction\":[{\"@type\":\"ReadAction\",\"target\":[\"https:\\\/\\\/rolba.se\\\/sv\\\/hyrbil\\\/\"]}]},{\"@type\":\"BreadcrumbList\",\"@id\":\"https:\\\/\\\/rolba.se\\\/sv\\\/hyrbil\\\/#breadcrumb\",\"itemListElement\":[{\"@type\":\"ListItem\",\"position\":1,\"name\":\"Hem\",\"item\":\"https:\\\/\\\/rolba.se\\\/sv\\\/\"},{\"@type\":\"ListItem\",\"position\":2,\"name\":\"Hyrbil\"}]},{\"@type\":\"WebSite\",\"@id\":\"https:\\\/\\\/rolba.se\\\/sv\\\/#website\",\"url\":\"https:\\\/\\\/rolba.se\\\/sv\\\/\",\"name\":\"Rolba\",\"description\":\"\",\"potentialAction\":[{\"@type\":\"SearchAction\",\"target\":{\"@type\":\"EntryPoint\",\"urlTemplate\":\"https:\\\/\\\/rolba.se\\\/sv\\\/?s={search_term_string}\"},\"query-input\":{\"@type\":\"PropertyValueSpecification\",\"valueRequired\":true,\"valueName\":\"search_term_string\"}}],\"inLanguage\":\"sv-SE\"}]}<\/script>\n<!-- \/ Yoast SEO plugin. -->","yoast_head_json":{"title":"Hyrbil - Rolba","robots":{"index":"index","follow":"follow","max-snippet":"max-snippet:-1","max-image-preview":"max-image-preview:large","max-video-preview":"max-video-preview:-1"},"canonical":"https:\/\/rolba.se\/sv\/hyrbil\/","og_locale":"sv_SE","og_type":"article","og_title":"Hyrbil - Rolba","og_description":"HyrbilHar du ett akut eller tempor\u00e4rt behov av att hyra bil? Vid arbetsstopp eller tillf\u00e4lliga utmaningar i verksamheten kan du hyra bil av oss via v\u00e5rt systerbolag Disab Rental. Klicka h\u00e4r.Vill du komma i kontakt med oss p\u00e5 Rolba hittar du v\u00e5ra kontaktuppgifter h\u00e4r.","og_url":"https:\/\/rolba.se\/sv\/hyrbil\/","og_site_name":"Rolba","article_modified_time":"2024-06-28T09:43:09+00:00","twitter_card":"summary_large_image","twitter_misc":{"Ber\u00e4knad l\u00e4stid":"1 minut"},"schema":{"@context":"https:\/\/schema.org","@graph":[{"@type":"WebPage","@id":"https:\/\/rolba.se\/sv\/hyrbil\/","url":"https:\/\/rolba.se\/sv\/hyrbil\/","name":"Hyrbil - Rolba","isPartOf":{"@id":"https:\/\/rolba.se\/sv\/#website"},"datePublished":"2023-05-09T07:04:51+00:00","dateModified":"2024-06-28T09:43:09+00:00","breadcrumb":{"@id":"https:\/\/rolba.se\/sv\/hyrbil\/#breadcrumb"},"inLanguage":"sv-SE","potentialAction":[{"@type":"ReadAction","target":["https:\/\/rolba.se\/sv\/hyrbil\/"]}]},{"@type":"BreadcrumbList","@id":"https:\/\/rolba.se\/sv\/hyrbil\/#breadcrumb","itemListElement":[{"@type":"ListItem","position":1,"name":"Hem","item":"https:\/\/rolba.se\/sv\/"},{"@type":"ListItem","position":2,"name":"Hyrbil"}]},{"@type":"WebSite","@id":"https:\/\/rolba.se\/sv\/#website","url":"https:\/\/rolba.se\/sv\/","name":"Rolba","description":"","potentialAction":[{"@type":"SearchAction","target":{"@type":"EntryPoint","urlTemplate":"https:\/\/rolba.se\/sv\/?s={search_term_string}"},"query-input":{"@type":"PropertyValueSpecification","valueRequired":true,"valueName":"search_term_string"}}],"inLanguage":"sv-SE"}]}},"_links":{"self":[{"href":"https:\/\/rolba.se\/sv\/wp-json\/wp\/v2\/pages\/24637","targetHints":{"allow":["GET"]}}],"collection":[{"href":"https:\/\/rolba.se\/sv\/wp-json\/wp\/v2\/pages"}],"about":[{"href":"https:\/\/rolba.se\/sv\/wp-json\/wp\/v2\/types\/page"}],"author":[{"embeddable":true,"href":"https:\/\/rolba.se\/sv\/wp-json\/wp\/v2\/users\/1"}],"replies":[{"embeddable":true,"href":"https:\/\/rolba.se\/sv\/wp-json\/wp\/v2\/comments?post=24637"}],"version-history":[{"count":10,"href":"https:\/\/rolba.se\/sv\/wp-json\/wp\/v2\/pages\/24637\/revisions"}],"predecessor-version":[{"id":26749,"href":"https:\/\/rolba.se\/sv\/wp-json\/wp\/v2\/pages\/24637\/revisions\/26749"}],"wp:attachment":[{"href":"https:\/\/rolba.se\/sv\/wp-json\/wp\/v2\/media?parent=24637"}],"curies":[{"name":"wp","href":"https:\/\/api.w.org\/{rel}","templated":true}]}}