{"id":24662,"date":"2023-05-09T09:28:42","date_gmt":"2023-05-09T07:28:42","guid":{"rendered":"http:\/\/rolba.se\/?page_id=24662"},"modified":"2024-05-10T10:52:36","modified_gmt":"2024-05-10T08:52:36","slug":"om-foretaget","status":"publish","type":"page","link":"https:\/\/rolba.se\/sv\/om-foretaget\/","title":{"rendered":"Om f\u00f6retaget"},"content":{"rendered":"<p>[et_pb_section fb_built=&#8221;1&#8243; _builder_version=&#8221;4.25.0&#8243; _module_preset=&#8221;default&#8221; background_color=&#8221;rgba(0,0,0,0.5)&#8221; background_image=&#8221;https:\/\/rolba.se\/wp-content\/uploads\/2024\/04\/bakgrundsbild-scaled.jpg&#8221; width=&#8221;100%&#8221; custom_margin=&#8221;||||false|false&#8221; custom_padding=&#8221;0px||22px|||&#8221; global_colors_info=&#8221;{}&#8221;][et_pb_row _builder_version=&#8221;4.21.0&#8243; _module_preset=&#8221;default&#8221; custom_margin=&#8221;|auto|25px|auto||&#8221; custom_padding=&#8221;89px|||||&#8221; global_colors_info=&#8221;{}&#8221;][et_pb_column type=&#8221;4_4&#8243; _builder_version=&#8221;4.21.0&#8243; _module_preset=&#8221;default&#8221; global_colors_info=&#8221;{}&#8221;][et_pb_text _builder_version=&#8221;4.21.0&#8243; _module_preset=&#8221;default&#8221; text_font=&#8221;|300|||||||&#8221; text_font_size=&#8221;18px&#8221; text_line_height=&#8221;1.8em&#8221; header_font=&#8221;|700|||||||&#8221; header_text_color=&#8221;#FFFFFF&#8221; header_font_size=&#8221;50px&#8221; header_2_font=&#8221;|700|||||||&#8221; header_2_text_color=&#8221;#FFFFFF&#8221; header_2_font_size=&#8221;48px&#8221; header_2_line_height=&#8221;1.3em&#8221; header_6_letter_spacing=&#8221;4px&#8221; custom_margin=&#8221;||11px|||&#8221; global_colors_info=&#8221;{}&#8221;]<\/p>\n<h1 style=\"text-align: center;\">Om f\u00f6retaget<\/h1>\n<p>[\/et_pb_text][\/et_pb_column][\/et_pb_row][\/et_pb_section][et_pb_section fb_built=&#8221;1&#8243; _builder_version=&#8221;4.21.0&#8243; _module_preset=&#8221;default&#8221; custom_margin=&#8221;0px||-3px||false|false&#8221; custom_padding=&#8221;14px||49px|||&#8221; global_colors_info=&#8221;{}&#8221;][et_pb_row column_structure=&#8221;1_2,1_2&#8243; use_custom_gutter=&#8221;on&#8221; gutter_width=&#8221;2&#8243; make_equal=&#8221;on&#8221; _builder_version=&#8221;4.25.0&#8243; _module_preset=&#8221;default&#8221; custom_margin=&#8221;54px|auto|9px|auto||&#8221; global_colors_info=&#8221;{}&#8221;][et_pb_column type=&#8221;1_2&#8243; _builder_version=&#8221;4.21.0&#8243; _module_preset=&#8221;default&#8221; global_colors_info=&#8221;{}&#8221;][et_pb_image src=&#8221;https:\/\/rolba.se\/wp-content\/uploads\/2023\/05\/service-och-reservdelar.jpg&#8221; title_text=&#8221;IMG_2035 copy2&#8243; _builder_version=&#8221;4.21.0&#8243; _module_preset=&#8221;default&#8221; global_colors_info=&#8221;{}&#8221;][\/et_pb_image][\/et_pb_column][et_pb_column type=&#8221;1_2&#8243; _builder_version=&#8221;4.21.0&#8243; _module_preset=&#8221;default&#8221; custom_css_main_element=&#8221;align-self: center&#8221; global_colors_info=&#8221;{}&#8221;][et_pb_text _builder_version=&#8221;4.21.0&#8243; _module_preset=&#8221;default&#8221; text_font=&#8221;|300|||||||&#8221; text_font_size=&#8221;18px&#8221; text_line_height=&#8221;1.8em&#8221; header_2_font=&#8221;|700|||||||&#8221; header_2_font_size=&#8221;48px&#8221; header_2_line_height=&#8221;1.3em&#8221; header_6_letter_spacing=&#8221;4px&#8221; custom_margin=&#8221;||11px|||&#8221; global_colors_info=&#8221;{}&#8221;]<\/p>\n<h6 style=\"text-align: left;\">ROLBA SVENSKA AB<\/h6>\n<h2 style=\"text-align: left;\">Ett kraftfullt alternativ<\/h2>\n<p style=\"text-align: left;\"><span>F\u00f6retaget grundades 1962 av schweizaren Rolph Bauman f\u00f6r att marknadsf\u00f6ra isbanemaskiner. Den f\u00f6rsta slamsugaren utvecklades och levererades redan 1968 och vi har i dag \u00f6ver 50 \u00e5rs erfarenhet i branschen.<\/span><\/p>\n<p style=\"text-align: left;\"><span>1993 renodlades verksamheten och Rolba tog steget till att bli en branschledande p\u00e5byggare av genomt\u00e4nkta, h\u00f6gkvalitativa utrustningar f\u00f6r v\u00e5tsugning, konventionell eller ADR, ofta i kombination med\u00a0 h\u00f6gtrycksspolning, v\u00e5tsugning med avvattnings-teknik. <\/span><\/p>\n<p style=\"text-align: left;\"><span>Rolba \u00e4r sedan december 2020 en del av <a href=\"https:\/\/disab.com\/se\/\">Disab Vacuum Technology<\/a>.<\/span><\/p>\n<p style=\"text-align: center;\">\n<p style=\"text-align: center;\"><a href=\"https:\/\/disab.com\/\" target=\"_blank\" rel=\"noopener\"><\/a><\/p>\n<p>[\/et_pb_text][\/et_pb_column][\/et_pb_row][et_pb_row column_structure=&#8221;1_2,1_2&#8243; use_custom_gutter=&#8221;on&#8221; gutter_width=&#8221;2&#8243; make_equal=&#8221;on&#8221; _builder_version=&#8221;4.21.0&#8243; _module_preset=&#8221;default&#8221; custom_padding=&#8221;66px|||||&#8221; global_colors_info=&#8221;{}&#8221;][et_pb_column type=&#8221;1_2&#8243; _builder_version=&#8221;4.21.0&#8243; _module_preset=&#8221;default&#8221; custom_css_main_element=&#8221; align-self: center&#8221; global_colors_info=&#8221;{}&#8221;][et_pb_text _builder_version=&#8221;4.21.0&#8243; _module_preset=&#8221;default&#8221; text_font=&#8221;|300|||||||&#8221; text_font_size=&#8221;18px&#8221; text_line_height=&#8221;1.8em&#8221; header_2_font=&#8221;|700|||||||&#8221; header_2_font_size=&#8221;48px&#8221; header_2_line_height=&#8221;1.3em&#8221; header_6_letter_spacing=&#8221;4px&#8221; custom_margin=&#8221;||11px|||&#8221; global_colors_info=&#8221;{}&#8221;]<\/p>\n<h2 style=\"text-align: left;\">Huvudkontoret i Hedesunda<\/h2>\n<p style=\"text-align: left;\"><span style=\"font-size: 18px;\"><span>Hela verksamheten \u00e4r bel\u00e4gen n\u00e4stan mitt i Sverige. I Hedesunda strax s\u00f6der om G\u00e4vle invid nedre Dal\u00e4lven. Klimatet h\u00e4r samt erfarenheter fr\u00e5n viss export har bidragit till drifts\u00e4kra produkter som klarar kraftigt skiftande klimatf\u00f6rh\u00e5llanden. Vi arbetar st\u00e4ndigt, i samr\u00e5d med brukarna, med vidareutveckling och modern teknik f\u00f6r att effektivisera v\u00e5ra kunders vardag.<\/span><\/span><\/p>\n<p style=\"text-align: left;\"><span style=\"font-size: 18px;\"><span>V\u00e5ra produkter \u00e4r anpassade till kundernas \u00f6nskem\u00e5l och vi monterar p\u00e5 de flesta f\u00f6rekommande typer av chassier.<\/span><\/span><\/p>\n<p>[\/et_pb_text][\/et_pb_column][et_pb_column type=&#8221;1_2&#8243; _builder_version=&#8221;4.21.0&#8243; _module_preset=&#8221;default&#8221; custom_css_main_element=&#8221; align-self: center&#8221; global_colors_info=&#8221;{}&#8221;][et_pb_image src=&#8221;https:\/\/rolba.se\/wp-content\/uploads\/2023\/05\/Rolba_hedesunda-scaled.jpg&#8221; title_text=&#8221;Kontakta oss&#8221; _builder_version=&#8221;4.21.0&#8243; _module_preset=&#8221;default&#8221; global_colors_info=&#8221;{}&#8221;][\/et_pb_image][\/et_pb_column][\/et_pb_row][\/et_pb_section]<\/p>\n","protected":false},"excerpt":{"rendered":"<p>Om f\u00f6retagetROLBA SVENSKA AB Ett kraftfullt alternativ F\u00f6retaget grundades 1962 av schweizaren Rolph Bauman f\u00f6r att marknadsf\u00f6ra isbanemaskiner. Den f\u00f6rsta slamsugaren utvecklades och levererades redan 1968 och vi har i dag \u00f6ver 50 \u00e5rs erfarenhet i branschen. 1993 renodlades verksamheten och Rolba tog steget till att bli en branschledande p\u00e5byggare av genomt\u00e4nkta, h\u00f6gkvalitativa utrustningar f\u00f6r [&hellip;]<\/p>\n","protected":false},"author":1,"featured_media":0,"parent":0,"menu_order":0,"comment_status":"closed","ping_status":"closed","template":"","meta":{"_et_pb_use_builder":"on","_et_pb_old_content":"","_et_gb_content_width":"","footnotes":""},"class_list":["post-24662","page","type-page","status-publish","hentry"],"yoast_head":"<!-- This site is optimized with the Yoast SEO plugin v27.4 - https:\/\/yoast.com\/product\/yoast-seo-wordpress\/ -->\n<title>Om f\u00f6retaget - Rolba<\/title>\n<meta name=\"robots\" content=\"index, follow, max-snippet:-1, max-image-preview:large, max-video-preview:-1\" \/>\n<link rel=\"canonical\" href=\"https:\/\/rolba.se\/sv\/om-foretaget\/\" \/>\n<meta property=\"og:locale\" content=\"sv_SE\" \/>\n<meta property=\"og:type\" content=\"article\" \/>\n<meta property=\"og:title\" content=\"Om f\u00f6retaget - Rolba\" \/>\n<meta property=\"og:description\" content=\"Om f\u00f6retagetROLBA SVENSKA AB Ett kraftfullt alternativ F\u00f6retaget grundades 1962 av schweizaren Rolph Bauman f\u00f6r att marknadsf\u00f6ra isbanemaskiner. Den f\u00f6rsta slamsugaren utvecklades och levererades redan 1968 och vi har i dag \u00f6ver 50 \u00e5rs erfarenhet i branschen. 1993 renodlades verksamheten och Rolba tog steget till att bli en branschledande p\u00e5byggare av genomt\u00e4nkta, h\u00f6gkvalitativa utrustningar f\u00f6r [&hellip;]\" \/>\n<meta property=\"og:url\" content=\"https:\/\/rolba.se\/sv\/om-foretaget\/\" \/>\n<meta property=\"og:site_name\" content=\"Rolba\" \/>\n<meta property=\"article:modified_time\" content=\"2024-05-10T08:52:36+00:00\" \/>\n<meta name=\"twitter:card\" content=\"summary_large_image\" \/>\n<meta name=\"twitter:label1\" content=\"Ber\u00e4knad l\u00e4stid\" \/>\n\t<meta name=\"twitter:data1\" content=\"3 minuter\" \/>\n<script type=\"application\/ld+json\" class=\"yoast-schema-graph\">{\"@context\":\"https:\\\/\\\/schema.org\",\"@graph\":[{\"@type\":\"WebPage\",\"@id\":\"https:\\\/\\\/rolba.se\\\/sv\\\/om-foretaget\\\/\",\"url\":\"https:\\\/\\\/rolba.se\\\/sv\\\/om-foretaget\\\/\",\"name\":\"Om f\u00f6retaget - Rolba\",\"isPartOf\":{\"@id\":\"https:\\\/\\\/rolba.se\\\/sv\\\/#website\"},\"datePublished\":\"2023-05-09T07:28:42+00:00\",\"dateModified\":\"2024-05-10T08:52:36+00:00\",\"breadcrumb\":{\"@id\":\"https:\\\/\\\/rolba.se\\\/sv\\\/om-foretaget\\\/#breadcrumb\"},\"inLanguage\":\"sv-SE\",\"potentialAction\":[{\"@type\":\"ReadAction\",\"target\":[\"https:\\\/\\\/rolba.se\\\/sv\\\/om-foretaget\\\/\"]}]},{\"@type\":\"BreadcrumbList\",\"@id\":\"https:\\\/\\\/rolba.se\\\/sv\\\/om-foretaget\\\/#breadcrumb\",\"itemListElement\":[{\"@type\":\"ListItem\",\"position\":1,\"name\":\"Hem\",\"item\":\"https:\\\/\\\/rolba.se\\\/sv\\\/\"},{\"@type\":\"ListItem\",\"position\":2,\"name\":\"Om f\u00f6retaget\"}]},{\"@type\":\"WebSite\",\"@id\":\"https:\\\/\\\/rolba.se\\\/sv\\\/#website\",\"url\":\"https:\\\/\\\/rolba.se\\\/sv\\\/\",\"name\":\"Rolba\",\"description\":\"\",\"potentialAction\":[{\"@type\":\"SearchAction\",\"target\":{\"@type\":\"EntryPoint\",\"urlTemplate\":\"https:\\\/\\\/rolba.se\\\/sv\\\/?s={search_term_string}\"},\"query-input\":{\"@type\":\"PropertyValueSpecification\",\"valueRequired\":true,\"valueName\":\"search_term_string\"}}],\"inLanguage\":\"sv-SE\"}]}<\/script>\n<!-- \/ Yoast SEO plugin. -->","yoast_head_json":{"title":"Om f\u00f6retaget - Rolba","robots":{"index":"index","follow":"follow","max-snippet":"max-snippet:-1","max-image-preview":"max-image-preview:large","max-video-preview":"max-video-preview:-1"},"canonical":"https:\/\/rolba.se\/sv\/om-foretaget\/","og_locale":"sv_SE","og_type":"article","og_title":"Om f\u00f6retaget - Rolba","og_description":"Om f\u00f6retagetROLBA SVENSKA AB Ett kraftfullt alternativ F\u00f6retaget grundades 1962 av schweizaren Rolph Bauman f\u00f6r att marknadsf\u00f6ra isbanemaskiner. Den f\u00f6rsta slamsugaren utvecklades och levererades redan 1968 och vi har i dag \u00f6ver 50 \u00e5rs erfarenhet i branschen. 1993 renodlades verksamheten och Rolba tog steget till att bli en branschledande p\u00e5byggare av genomt\u00e4nkta, h\u00f6gkvalitativa utrustningar f\u00f6r [&hellip;]","og_url":"https:\/\/rolba.se\/sv\/om-foretaget\/","og_site_name":"Rolba","article_modified_time":"2024-05-10T08:52:36+00:00","twitter_card":"summary_large_image","twitter_misc":{"Ber\u00e4knad l\u00e4stid":"3 minuter"},"schema":{"@context":"https:\/\/schema.org","@graph":[{"@type":"WebPage","@id":"https:\/\/rolba.se\/sv\/om-foretaget\/","url":"https:\/\/rolba.se\/sv\/om-foretaget\/","name":"Om f\u00f6retaget - Rolba","isPartOf":{"@id":"https:\/\/rolba.se\/sv\/#website"},"datePublished":"2023-05-09T07:28:42+00:00","dateModified":"2024-05-10T08:52:36+00:00","breadcrumb":{"@id":"https:\/\/rolba.se\/sv\/om-foretaget\/#breadcrumb"},"inLanguage":"sv-SE","potentialAction":[{"@type":"ReadAction","target":["https:\/\/rolba.se\/sv\/om-foretaget\/"]}]},{"@type":"BreadcrumbList","@id":"https:\/\/rolba.se\/sv\/om-foretaget\/#breadcrumb","itemListElement":[{"@type":"ListItem","position":1,"name":"Hem","item":"https:\/\/rolba.se\/sv\/"},{"@type":"ListItem","position":2,"name":"Om f\u00f6retaget"}]},{"@type":"WebSite","@id":"https:\/\/rolba.se\/sv\/#website","url":"https:\/\/rolba.se\/sv\/","name":"Rolba","description":"","potentialAction":[{"@type":"SearchAction","target":{"@type":"EntryPoint","urlTemplate":"https:\/\/rolba.se\/sv\/?s={search_term_string}"},"query-input":{"@type":"PropertyValueSpecification","valueRequired":true,"valueName":"search_term_string"}}],"inLanguage":"sv-SE"}]}},"_links":{"self":[{"href":"https:\/\/rolba.se\/sv\/wp-json\/wp\/v2\/pages\/24662","targetHints":{"allow":["GET"]}}],"collection":[{"href":"https:\/\/rolba.se\/sv\/wp-json\/wp\/v2\/pages"}],"about":[{"href":"https:\/\/rolba.se\/sv\/wp-json\/wp\/v2\/types\/page"}],"author":[{"embeddable":true,"href":"https:\/\/rolba.se\/sv\/wp-json\/wp\/v2\/users\/1"}],"replies":[{"embeddable":true,"href":"https:\/\/rolba.se\/sv\/wp-json\/wp\/v2\/comments?post=24662"}],"version-history":[{"count":13,"href":"https:\/\/rolba.se\/sv\/wp-json\/wp\/v2\/pages\/24662\/revisions"}],"predecessor-version":[{"id":26566,"href":"https:\/\/rolba.se\/sv\/wp-json\/wp\/v2\/pages\/24662\/revisions\/26566"}],"wp:attachment":[{"href":"https:\/\/rolba.se\/sv\/wp-json\/wp\/v2\/media?parent=24662"}],"curies":[{"name":"wp","href":"https:\/\/api.w.org\/{rel}","templated":true}]}}