{"id":24668,"date":"2023-05-09T09:29:26","date_gmt":"2023-05-09T07:29:26","guid":{"rendered":"http:\/\/rolba.se\/?page_id=24668"},"modified":"2024-09-09T08:52:58","modified_gmt":"2024-09-09T06:52:58","slug":"kvalite-och-miljo","status":"publish","type":"page","link":"https:\/\/rolba.se\/sv\/kvalite-och-miljo\/","title":{"rendered":"Kvalit\u00e9 och milj\u00f6"},"content":{"rendered":"<p>[et_pb_section fb_built=&#8221;1&#8243; _builder_version=&#8221;4.25.0&#8243; _module_preset=&#8221;default&#8221; background_color=&#8221;rgba(0,0,0,0.5)&#8221; background_image=&#8221;https:\/\/rolba.se\/wp-content\/uploads\/2024\/04\/bakgrundsbild-scaled.jpg&#8221; width=&#8221;100%&#8221; custom_margin=&#8221;||||false|false&#8221; custom_padding=&#8221;0px||22px|||&#8221; global_colors_info=&#8221;{}&#8221;][et_pb_row _builder_version=&#8221;4.25.0&#8243; _module_preset=&#8221;default&#8221; custom_margin=&#8221;|auto|25px|auto||&#8221; custom_padding=&#8221;89px|||||&#8221; global_colors_info=&#8221;{}&#8221;][et_pb_column type=&#8221;4_4&#8243; _builder_version=&#8221;4.21.0&#8243; _module_preset=&#8221;default&#8221; global_colors_info=&#8221;{}&#8221;][et_pb_text _builder_version=&#8221;4.21.0&#8243; _module_preset=&#8221;default&#8221; text_font=&#8221;|300|||||||&#8221; text_font_size=&#8221;18px&#8221; text_line_height=&#8221;1.8em&#8221; header_font=&#8221;|700|||||||&#8221; header_text_color=&#8221;#FFFFFF&#8221; header_font_size=&#8221;50px&#8221; header_2_font=&#8221;|700|||||||&#8221; header_2_text_color=&#8221;#FFFFFF&#8221; header_2_font_size=&#8221;48px&#8221; header_2_line_height=&#8221;1.3em&#8221; header_6_letter_spacing=&#8221;4px&#8221; custom_margin=&#8221;||11px|||&#8221; global_colors_info=&#8221;{}&#8221;]<\/p>\n<h1 style=\"text-align: center;\">Kvalit\u00e9 och milj\u00f6<\/h1>\n<p>[\/et_pb_text][\/et_pb_column][\/et_pb_row][\/et_pb_section][et_pb_section fb_built=&#8221;1&#8243; _builder_version=&#8221;4.21.0&#8243; _module_preset=&#8221;default&#8221; global_colors_info=&#8221;{}&#8221;][et_pb_row column_structure=&#8221;1_2,1_2&#8243; use_custom_gutter=&#8221;on&#8221; gutter_width=&#8221;2&#8243; make_equal=&#8221;on&#8221; _builder_version=&#8221;4.21.0&#8243; _module_preset=&#8221;default&#8221; custom_margin=&#8221;14px|auto|48px|auto||&#8221; global_colors_info=&#8221;{}&#8221;][et_pb_column type=&#8221;1_2&#8243; _builder_version=&#8221;4.21.0&#8243; _module_preset=&#8221;default&#8221; global_colors_info=&#8221;{}&#8221;][et_pb_image src=&#8221;https:\/\/rolba.se\/wp-content\/uploads\/2024\/09\/2094-Rolba-Svenska-AB-en-scaled.jpg&#8221; alt=&#8221;ISO 9001-2015 june 2024 sv&#8221; title_text=&#8221;2094 Rolba Svenska AB en&#8221; url=&#8221;https:\/\/rolba.se\/wp-content\/uploads\/2024\/06\/2094-Rolba-Svenska-AB-sv-1.pdf&#8221; _builder_version=&#8221;4.25.2&#8243; _module_preset=&#8221;default&#8221; hover_enabled=&#8221;0&#8243; border_width_all=&#8221;1px&#8221; border_color_all=&#8221;#051433&#8243; global_colors_info=&#8221;{}&#8221; sticky_enabled=&#8221;0&#8243;][\/et_pb_image][\/et_pb_column][et_pb_column type=&#8221;1_2&#8243; _builder_version=&#8221;4.21.0&#8243; _module_preset=&#8221;default&#8221; custom_css_main_element=&#8221;align-self: center&#8221; global_colors_info=&#8221;{}&#8221;][et_pb_text _builder_version=&#8221;4.21.0&#8243; _module_preset=&#8221;default&#8221; text_font=&#8221;|300|||||||&#8221; text_font_size=&#8221;18px&#8221; text_line_height=&#8221;1.8em&#8221; header_2_font=&#8221;|700|||||||&#8221; header_2_font_size=&#8221;48px&#8221; header_2_line_height=&#8221;1.3em&#8221; header_6_letter_spacing=&#8221;4px&#8221; custom_margin=&#8221;||11px|||&#8221; global_colors_info=&#8221;{}&#8221;]<\/p>\n<h6 style=\"text-align: left;\"><\/h6>\n<h2 style=\"text-align: left;\">Certifierade med ISO 9001:2015<\/h2>\n<p style=\"text-align: left;\"><span>Rolba har\u00a0dokumenterat f\u00f6retagets rutiner i sitt ledningssystem och \u00e4r certifierade i\u00a0enlighet med kvalitetsstandarden ISO 9001:2015. <\/span><\/p>\n<p style=\"text-align: left;\"><span>Alla trycktankar provas och besiktas av ackrediterade kontrollanter. Samtliga produkter \u00e4r tillverkade i enlighet med EG:s maskindirektiv (CE-m\u00e4rkning).\u00a0<\/span><\/p>\n<p>[\/et_pb_text][\/et_pb_column][\/et_pb_row][et_pb_row column_structure=&#8221;1_2,1_2&#8243; use_custom_gutter=&#8221;on&#8221; gutter_width=&#8221;2&#8243; make_equal=&#8221;on&#8221; _builder_version=&#8221;4.21.0&#8243; _module_preset=&#8221;default&#8221; custom_margin=&#8221;54px|auto|48px|auto||&#8221; global_colors_info=&#8221;{}&#8221;][et_pb_column type=&#8221;1_2&#8243; _builder_version=&#8221;4.21.0&#8243; _module_preset=&#8221;default&#8221; custom_css_main_element=&#8221;align-self:center;&#8221; global_colors_info=&#8221;{}&#8221;][et_pb_text _builder_version=&#8221;4.21.0&#8243; _module_preset=&#8221;default&#8221; text_font=&#8221;|300|||||||&#8221; text_font_size=&#8221;18px&#8221; text_line_height=&#8221;1.8em&#8221; header_2_font=&#8221;|700|||||||&#8221; header_2_font_size=&#8221;48px&#8221; header_2_line_height=&#8221;1.3em&#8221; header_6_letter_spacing=&#8221;4px&#8221; custom_margin=&#8221;||11px|||&#8221; global_colors_info=&#8221;{}&#8221;]<\/p>\n<h2 style=\"text-align: left;\">Kvalit\u00e9tspolicy<\/h2>\n<p style=\"text-align: left;\"><span>Kvalit\u00e9t \u00e4r Rolba Svenska AB:s starkaste konkurrensmedel.<br \/>Varje medarbetare ska vara v\u00e4l medveten om v\u00e5r kvalit\u00e9tspolicy och aktivt verka f\u00f6r att f\u00f6retagets kvalit\u00e9tssystem leder <br \/>till st\u00e4ndig f\u00f6rb\u00e4ttring.<\/span><\/p>\n<p style=\"text-align: left;\"><span>Alla medarbetare p\u00e5 Rolba Svenska AB bidrar till att skapa n\u00f6jda kunder. Det g\u00e4ller bl.a. att bem\u00f6ta kunder korrekt och att v\u00e5ra produkter och tj\u00e4nster motsvarar de f\u00f6rv\u00e4ntningar samt den kvalit\u00e9t som kunden efterfr\u00e5gar.<\/span><\/p>\n<p style=\"text-align: left;\"><span>F\u00f6r att kunna tillm\u00f6tesg\u00e5 v\u00e5ra kunders och \u00e4gares krav skall v\u00e5rt systematiska kvalit\u00e9tsarbete hj\u00e4lpa oss att st\u00e4ndigt f\u00f6rb\u00e4ttra och utveckla v\u00e5ra produkter, tj\u00e4nster, processer och arbetss\u00e4tt.<\/span><\/p>\n<p style=\"text-align: left;\"><span>Genom att m\u00e4ta v\u00e5ra kunders n\u00f6jdhet samt f\u00f6lja upp v\u00e5ra fastst\u00e4llda kvalit\u00e9tsm\u00e5l kan vi aktivt arbeta med st\u00e4ndiga f\u00f6rb\u00e4ttringar. Kvalit\u00e9tssystemet ska hj\u00e4lpa oss att g\u00e4llande regler och lagkrav efterf\u00f6ljs.<\/span><\/p>\n<p style=\"text-align: left;\"><span>Urban \u00c5hrlin<br \/><\/span><span>VD Rolba Svenska AB\u00a0\u00a02014-10-29<\/span><\/p>\n<p style=\"text-align: left;\"><span>\u00a0<\/span><\/p>\n<p>[\/et_pb_text][\/et_pb_column][et_pb_column type=&#8221;1_2&#8243; _builder_version=&#8221;4.21.0&#8243; _module_preset=&#8221;default&#8221; custom_css_main_element=&#8221;align-self: center&#8221; global_colors_info=&#8221;{}&#8221;][et_pb_image src=&#8221;https:\/\/rolba.se\/wp-content\/uploads\/2023\/05\/Hero-image.jpg&#8221; title_text=&#8221;Hero-image&#8221; _builder_version=&#8221;4.21.0&#8243; _module_preset=&#8221;default&#8221; global_colors_info=&#8221;{}&#8221;][\/et_pb_image][\/et_pb_column][\/et_pb_row][et_pb_row column_structure=&#8221;3_5,2_5&#8243; use_custom_gutter=&#8221;on&#8221; gutter_width=&#8221;2&#8243; make_equal=&#8221;on&#8221; _builder_version=&#8221;4.21.0&#8243; _module_preset=&#8221;default&#8221; custom_margin=&#8221;54px|auto|48px|auto||&#8221; global_colors_info=&#8221;{}&#8221;][et_pb_column type=&#8221;3_5&#8243; _builder_version=&#8221;4.21.0&#8243; _module_preset=&#8221;default&#8221; global_colors_info=&#8221;{}&#8221;][et_pb_image src=&#8221;https:\/\/rolba.se\/wp-content\/uploads\/2023\/05\/miljo.jpg&#8221; title_text=&#8221;miljo&#8221; _builder_version=&#8221;4.21.0&#8243; _module_preset=&#8221;default&#8221; global_colors_info=&#8221;{}&#8221;][\/et_pb_image][\/et_pb_column][et_pb_column type=&#8221;2_5&#8243; _builder_version=&#8221;4.21.0&#8243; _module_preset=&#8221;default&#8221; custom_css_main_element=&#8221;align-self: center&#8221; global_colors_info=&#8221;{}&#8221;][et_pb_text _builder_version=&#8221;4.21.0&#8243; _module_preset=&#8221;default&#8221; text_font=&#8221;|300|||||||&#8221; text_font_size=&#8221;18px&#8221; text_line_height=&#8221;1.8em&#8221; header_2_font=&#8221;|700|||||||&#8221; header_2_font_size=&#8221;48px&#8221; header_2_line_height=&#8221;1.3em&#8221; header_6_letter_spacing=&#8221;4px&#8221; custom_margin=&#8221;||11px|||&#8221; global_colors_info=&#8221;{}&#8221;]<\/p>\n<h6 style=\"text-align: left;\"><\/h6>\n<h2 style=\"text-align: left;\">Milj\u00f6<\/h2>\n<p style=\"text-align: left;\"><span>Ett f\u00f6renklat milj\u00f6ledningssystem har uppr\u00e4ttats\u00a0i enlighet med ISO 14001 och i form av en milj\u00f6deklaration. Grunderna i systemet \u00e4r:<\/span><\/p>\n<ul>\n<li style=\"text-align: left;\"><span>Milj\u00f6policy<\/span><\/li>\n<li style=\"text-align: left;\"><span>\u00d6vergripande m\u00e5l<\/span><\/li>\n<li style=\"text-align: left;\"><span>Strategi f\u00f6r att n\u00e5 milj\u00f6m\u00e5len<\/span><\/li>\n<\/ul>\n<p style=\"text-align: left;\">\n<p>[\/et_pb_text][\/et_pb_column][\/et_pb_row][\/et_pb_section]<\/p>\n","protected":false},"excerpt":{"rendered":"<p>Kvalit\u00e9 och milj\u00f6 Certifierade med ISO 9001:2015 Rolba har\u00a0dokumenterat f\u00f6retagets rutiner i sitt ledningssystem och \u00e4r certifierade i\u00a0enlighet med kvalitetsstandarden ISO 9001:2015. Alla trycktankar provas och besiktas av ackrediterade kontrollanter. Samtliga produkter \u00e4r tillverkade i enlighet med EG:s maskindirektiv (CE-m\u00e4rkning).\u00a0Kvalit\u00e9tspolicy Kvalit\u00e9t \u00e4r Rolba Svenska AB:s starkaste konkurrensmedel.Varje medarbetare ska vara v\u00e4l medveten om v\u00e5r kvalit\u00e9tspolicy [&hellip;]<\/p>\n","protected":false},"author":1,"featured_media":0,"parent":0,"menu_order":0,"comment_status":"closed","ping_status":"closed","template":"","meta":{"_et_pb_use_builder":"on","_et_pb_old_content":"<!-- wp:divi\/placeholder \/-->","_et_gb_content_width":"","footnotes":""},"class_list":["post-24668","page","type-page","status-publish","hentry"],"yoast_head":"<!-- This site is optimized with the Yoast SEO plugin v27.2 - https:\/\/yoast.com\/product\/yoast-seo-wordpress\/ -->\n<title>Kvalit\u00e9 och milj\u00f6 - Rolba<\/title>\n<meta name=\"robots\" content=\"index, follow, max-snippet:-1, max-image-preview:large, max-video-preview:-1\" \/>\n<link rel=\"canonical\" href=\"https:\/\/rolba.se\/sv\/kvalite-och-miljo\/\" \/>\n<meta property=\"og:locale\" content=\"sv_SE\" \/>\n<meta property=\"og:type\" content=\"article\" \/>\n<meta property=\"og:title\" content=\"Kvalit\u00e9 och milj\u00f6 - Rolba\" \/>\n<meta property=\"og:description\" content=\"Kvalit\u00e9 och milj\u00f6 Certifierade med ISO 9001:2015 Rolba har\u00a0dokumenterat f\u00f6retagets rutiner i sitt ledningssystem och \u00e4r certifierade i\u00a0enlighet med kvalitetsstandarden ISO 9001:2015. Alla trycktankar provas och besiktas av ackrediterade kontrollanter. Samtliga produkter \u00e4r tillverkade i enlighet med EG:s maskindirektiv (CE-m\u00e4rkning).\u00a0Kvalit\u00e9tspolicy Kvalit\u00e9t \u00e4r Rolba Svenska AB:s starkaste konkurrensmedel.Varje medarbetare ska vara v\u00e4l medveten om v\u00e5r kvalit\u00e9tspolicy [&hellip;]\" \/>\n<meta property=\"og:url\" content=\"https:\/\/rolba.se\/sv\/kvalite-och-miljo\/\" \/>\n<meta property=\"og:site_name\" content=\"Rolba\" \/>\n<meta property=\"article:modified_time\" content=\"2024-09-09T06:52:58+00:00\" \/>\n<meta name=\"twitter:card\" content=\"summary_large_image\" \/>\n<meta name=\"twitter:label1\" content=\"Ber\u00e4knad l\u00e4stid\" \/>\n\t<meta name=\"twitter:data1\" content=\"2 minuter\" \/>\n<script type=\"application\/ld+json\" class=\"yoast-schema-graph\">{\"@context\":\"https:\/\/schema.org\",\"@graph\":[{\"@type\":\"WebPage\",\"@id\":\"https:\/\/rolba.se\/sv\/kvalite-och-miljo\/\",\"url\":\"https:\/\/rolba.se\/sv\/kvalite-och-miljo\/\",\"name\":\"Kvalit\u00e9 och milj\u00f6 - Rolba\",\"isPartOf\":{\"@id\":\"https:\/\/rolba.se\/sv\/#website\"},\"datePublished\":\"2023-05-09T07:29:26+00:00\",\"dateModified\":\"2024-09-09T06:52:58+00:00\",\"breadcrumb\":{\"@id\":\"https:\/\/rolba.se\/sv\/kvalite-och-miljo\/#breadcrumb\"},\"inLanguage\":\"sv-SE\",\"potentialAction\":[{\"@type\":\"ReadAction\",\"target\":[\"https:\/\/rolba.se\/sv\/kvalite-och-miljo\/\"]}]},{\"@type\":\"BreadcrumbList\",\"@id\":\"https:\/\/rolba.se\/sv\/kvalite-och-miljo\/#breadcrumb\",\"itemListElement\":[{\"@type\":\"ListItem\",\"position\":1,\"name\":\"Hem\",\"item\":\"https:\/\/rolba.se\/sv\/\"},{\"@type\":\"ListItem\",\"position\":2,\"name\":\"Kvalit\u00e9 och milj\u00f6\"}]},{\"@type\":\"WebSite\",\"@id\":\"https:\/\/rolba.se\/sv\/#website\",\"url\":\"https:\/\/rolba.se\/sv\/\",\"name\":\"Rolba\",\"description\":\"\",\"potentialAction\":[{\"@type\":\"SearchAction\",\"target\":{\"@type\":\"EntryPoint\",\"urlTemplate\":\"https:\/\/rolba.se\/sv\/?s={search_term_string}\"},\"query-input\":{\"@type\":\"PropertyValueSpecification\",\"valueRequired\":true,\"valueName\":\"search_term_string\"}}],\"inLanguage\":\"sv-SE\"}]}<\/script>\n<!-- \/ Yoast SEO plugin. -->","yoast_head_json":{"title":"Kvalit\u00e9 och milj\u00f6 - Rolba","robots":{"index":"index","follow":"follow","max-snippet":"max-snippet:-1","max-image-preview":"max-image-preview:large","max-video-preview":"max-video-preview:-1"},"canonical":"https:\/\/rolba.se\/sv\/kvalite-och-miljo\/","og_locale":"sv_SE","og_type":"article","og_title":"Kvalit\u00e9 och milj\u00f6 - Rolba","og_description":"Kvalit\u00e9 och milj\u00f6 Certifierade med ISO 9001:2015 Rolba har\u00a0dokumenterat f\u00f6retagets rutiner i sitt ledningssystem och \u00e4r certifierade i\u00a0enlighet med kvalitetsstandarden ISO 9001:2015. Alla trycktankar provas och besiktas av ackrediterade kontrollanter. Samtliga produkter \u00e4r tillverkade i enlighet med EG:s maskindirektiv (CE-m\u00e4rkning).\u00a0Kvalit\u00e9tspolicy Kvalit\u00e9t \u00e4r Rolba Svenska AB:s starkaste konkurrensmedel.Varje medarbetare ska vara v\u00e4l medveten om v\u00e5r kvalit\u00e9tspolicy [&hellip;]","og_url":"https:\/\/rolba.se\/sv\/kvalite-och-miljo\/","og_site_name":"Rolba","article_modified_time":"2024-09-09T06:52:58+00:00","twitter_card":"summary_large_image","twitter_misc":{"Ber\u00e4knad l\u00e4stid":"2 minuter"},"schema":{"@context":"https:\/\/schema.org","@graph":[{"@type":"WebPage","@id":"https:\/\/rolba.se\/sv\/kvalite-och-miljo\/","url":"https:\/\/rolba.se\/sv\/kvalite-och-miljo\/","name":"Kvalit\u00e9 och milj\u00f6 - Rolba","isPartOf":{"@id":"https:\/\/rolba.se\/sv\/#website"},"datePublished":"2023-05-09T07:29:26+00:00","dateModified":"2024-09-09T06:52:58+00:00","breadcrumb":{"@id":"https:\/\/rolba.se\/sv\/kvalite-och-miljo\/#breadcrumb"},"inLanguage":"sv-SE","potentialAction":[{"@type":"ReadAction","target":["https:\/\/rolba.se\/sv\/kvalite-och-miljo\/"]}]},{"@type":"BreadcrumbList","@id":"https:\/\/rolba.se\/sv\/kvalite-och-miljo\/#breadcrumb","itemListElement":[{"@type":"ListItem","position":1,"name":"Hem","item":"https:\/\/rolba.se\/sv\/"},{"@type":"ListItem","position":2,"name":"Kvalit\u00e9 och milj\u00f6"}]},{"@type":"WebSite","@id":"https:\/\/rolba.se\/sv\/#website","url":"https:\/\/rolba.se\/sv\/","name":"Rolba","description":"","potentialAction":[{"@type":"SearchAction","target":{"@type":"EntryPoint","urlTemplate":"https:\/\/rolba.se\/sv\/?s={search_term_string}"},"query-input":{"@type":"PropertyValueSpecification","valueRequired":true,"valueName":"search_term_string"}}],"inLanguage":"sv-SE"}]}},"_links":{"self":[{"href":"https:\/\/rolba.se\/sv\/wp-json\/wp\/v2\/pages\/24668","targetHints":{"allow":["GET"]}}],"collection":[{"href":"https:\/\/rolba.se\/sv\/wp-json\/wp\/v2\/pages"}],"about":[{"href":"https:\/\/rolba.se\/sv\/wp-json\/wp\/v2\/types\/page"}],"author":[{"embeddable":true,"href":"https:\/\/rolba.se\/sv\/wp-json\/wp\/v2\/users\/1"}],"replies":[{"embeddable":true,"href":"https:\/\/rolba.se\/sv\/wp-json\/wp\/v2\/comments?post=24668"}],"version-history":[{"count":35,"href":"https:\/\/rolba.se\/sv\/wp-json\/wp\/v2\/pages\/24668\/revisions"}],"predecessor-version":[{"id":26786,"href":"https:\/\/rolba.se\/sv\/wp-json\/wp\/v2\/pages\/24668\/revisions\/26786"}],"wp:attachment":[{"href":"https:\/\/rolba.se\/sv\/wp-json\/wp\/v2\/media?parent=24668"}],"curies":[{"name":"wp","href":"https:\/\/api.w.org\/{rel}","templated":true}]}}