{"id":24953,"date":"2023-05-12T08:48:16","date_gmt":"2023-05-12T06:48:16","guid":{"rendered":"http:\/\/rolba.se\/?page_id=24953"},"modified":"2024-05-07T15:40:52","modified_gmt":"2024-05-07T13:40:52","slug":"personuppgiftspolicy","status":"publish","type":"page","link":"https:\/\/rolba.se\/sv\/personuppgiftspolicy\/","title":{"rendered":"Personuppgiftspolicy"},"content":{"rendered":"<p>[et_pb_section fb_built=&#8221;1&#8243; _builder_version=&#8221;4.25.0&#8243; _module_preset=&#8221;default&#8221; background_image=&#8221;https:\/\/rolba.se\/wp-content\/uploads\/2024\/04\/bakgrundsbild-scaled.jpg&#8221; width=&#8221;100%&#8221; custom_margin=&#8221;||||false|false&#8221; custom_padding=&#8221;0px||110px|||&#8221; hover_enabled=&#8221;0&#8243; global_colors_info=&#8221;{}&#8221; title_text=&#8221;bakgrundsbild&#8221; sticky_enabled=&#8221;0&#8243;][et_pb_row column_structure=&#8221;1_2,1_2&#8243; _builder_version=&#8221;4.25.0&#8243; _module_preset=&#8221;default&#8221; custom_margin=&#8221;|auto|137px|auto||&#8221; hover_enabled=&#8221;0&#8243; global_colors_info=&#8221;{}&#8221; sticky_enabled=&#8221;0&#8243;][et_pb_column type=&#8221;1_2&#8243; _builder_version=&#8221;4.21.0&#8243; _module_preset=&#8221;default&#8221; global_colors_info=&#8221;{}&#8221;][\/et_pb_column][et_pb_column type=&#8221;1_2&#8243; _builder_version=&#8221;4.21.0&#8243; _module_preset=&#8221;default&#8221; global_colors_info=&#8221;{}&#8221;][\/et_pb_column][\/et_pb_row][\/et_pb_section][et_pb_section fb_built=&#8221;1&#8243; _builder_version=&#8221;4.21.0&#8243; _module_preset=&#8221;default&#8221; custom_margin=&#8221;0px||-3px||false|false&#8221; custom_padding=&#8221;14px||49px|||&#8221; global_colors_info=&#8221;{}&#8221;][et_pb_row use_custom_gutter=&#8221;on&#8221; gutter_width=&#8221;2&#8243; make_equal=&#8221;on&#8221; _builder_version=&#8221;4.21.0&#8243; _module_preset=&#8221;default&#8221; custom_margin=&#8221;54px|auto|9px|auto||&#8221; custom_padding=&#8221;7px|||||&#8221; global_colors_info=&#8221;{}&#8221;][et_pb_column type=&#8221;4_4&#8243; _builder_version=&#8221;4.21.0&#8243; _module_preset=&#8221;default&#8221; global_colors_info=&#8221;{}&#8221;][et_pb_text _builder_version=&#8221;4.21.0&#8243; _module_preset=&#8221;default&#8221; text_font=&#8221;|300|||||||&#8221; text_font_size=&#8221;18px&#8221; text_line_height=&#8221;1.8em&#8221; header_2_font=&#8221;|700|||||||&#8221; header_2_font_size=&#8221;48px&#8221; header_2_line_height=&#8221;1.3em&#8221; header_6_letter_spacing=&#8221;4px&#8221; custom_margin=&#8221;||11px|||&#8221; global_colors_info=&#8221;{}&#8221;]<\/p>\n<h2>Personuppgifter<\/h2>\n<p>Vi p\u00e5 Rolba Svenska AB hanterar vissa personuppgifter om v\u00e5ra kunder och bes\u00f6kare p\u00e5 v\u00e5r hemsida. Denna data samlas in och sparas om dig f\u00f6r att tillhandah\u00e5lla tj\u00e4nster, ge dig en b\u00e4ttre upplevelse samt erbjuda dig tj\u00e4nster och produkter som passar dina behov.<\/p>\n<p>Uppgifter vi samlar in<\/p>\n<p>Kontaktuppgifter<\/p>\n<p>N\u00e4r du blir kund hos oss s\u00e5 samlar vi in dina kontaktuppgifter: Namn, e-postadress, telefonnummer, adress.<\/p>\n<p>\u00d6vrig information du anger vid ny kund<\/p>\n<p>I de fall du l\u00e4mnar ytterligare information n\u00e4r du blir kund hos oss s\u00e5 samlar vi \u00e4ven in denna information.<\/p>\n<p>Information om produkter och tj\u00e4nster<\/p>\n<p>Vi sparar ocks\u00e5 information om de produkter\/tj\u00e4nster du k\u00f6pt och anv\u00e4nt.<\/p>\n<p>Kommunikation<\/p>\n<p>Om du kontaktar oss via mail, formul\u00e4r, telefon eller i \u00f6vriga support\u00e4renden samlar vi in den information du uppger till oss f\u00f6r att kunna erbjuda dig god service, hantera ditt \u00e4rende och ge dig hj\u00e4lp. Denna information samlas \u00e4ven in f\u00f6r att kunna fullg\u00f6ra v\u00e5ra avtal med dig.<\/p>\n<h2>P\u00e5 detta s\u00e4tt samlar vi in personuppgifter:<\/h2>\n<p>-N\u00e4r du blir kund hos oss<br \/>-N\u00e4r du kontaktar oss via formul\u00e4r, telefon, chatt-konversationer, e-post<br \/>-N\u00e4r du bes\u00f6ker v\u00e5r hemsida och loggar in i v\u00e5ra system<br \/>-N\u00e4r du bes\u00f6ker v\u00e5r hemsida, via cookies som samlar in information p\u00e5 och fr\u00e5n din webbl\u00e4sare<\/p>\n<p>Beroende p\u00e5 vilken av v\u00e5ra tj\u00e4nster eller hemsidor du anv\u00e4nder s\u00e5 samlar vi in olika typer av information.<\/p>\n<h2>Detta anv\u00e4nder vi personuppgifter till:<\/h2>\n<p>-F\u00f6r att fullg\u00f6ra avtal med dig s\u00e5som genomf\u00f6rda best\u00e4llningar eller best\u00e4llda tj\u00e4nster<br \/>(R\u00e4ttslig grund: Fullg\u00f6rande av avtal)<\/p>\n<p>-F\u00f6r att ge dig support och service. Behandlingen ligger d\u00e5 i b\u00e5de v\u00e5rt och ditt intresse. Vi kan anv\u00e4nda personuppgifter fr\u00e5n tidigare kontakter f\u00f6r att ge dig b\u00e4ttre hj\u00e4lp.<br \/>(R\u00e4ttslig grund: Intresseavv\u00e4gning, samtycke och fullg\u00f6rande av avtal)<\/p>\n<p>-F\u00f6r att kunna marknadsf\u00f6ra relevanta produkter och tj\u00e4nster till dig<br \/>(R\u00e4ttslig grund: Intresseavv\u00e4gning och samtycke)<\/p>\n<p>Hur l\u00e5ng tid sparar vi personuppgifter:<\/p>\n<p>Vi sparar uppgifter s\u00e5 l\u00e4nge som det \u00e4r n\u00f6dv\u00e4ndigt f\u00f6r att utf\u00f6ra v\u00e5ra \u00e5taganden som leverant\u00f6r, och s\u00e5 l\u00e4nge det kr\u00e4vs enligt lagstadgade lagringstider.<\/p>\n<p>Dessa myndigheter\/f\u00f6retag l\u00e4mnar vi ut personuppgifter till<\/p>\n<p>Google<\/p>\n<p>Data via tredjepartscookie f\u00f6r reklam\/marknadsf\u00f6ring och webbanalyser f\u00f6r att f\u00f6rb\u00e4ttra tj\u00e4nster. \u00c4ven viss personuppgiftsdata som anv\u00e4nds f\u00f6r reklam\/marknadsf\u00f6ring.<\/p>\n<h2>Skydd av personuppgifter<\/h2>\n<p>Vi anv\u00e4nder oss av moderna och sofistikerade s\u00e4kerhetsl\u00f6sningar f\u00f6r att samla in, behandla, lagra och kommunicera personuppgifter och l\u00f6senord p\u00e5 ett s\u00e4kert s\u00e4tt. Vi uppdaterar v\u00e5r webbsida och v\u00e5ra rutiner med j\u00e4mna mellanrum f\u00f6r att s\u00e4kerst\u00e4lla integritet, tillg\u00e4nglighet och sekretess.<\/p>\n<h2>Dina r\u00e4ttigheter<\/h2>\n<p>Du som individ best\u00e4mmer sj\u00e4lv \u00f6ver dina egna personuppgifter. Du avg\u00f6r sj\u00e4lv vilka uppgifter du vill l\u00e4mna. Du har \u00e4ven r\u00e4tt att kontakta oss om du vill ha ut information om de uppgifter vi har om dig, f\u00f6r att beg\u00e4ra r\u00e4ttelse, \u00f6verf\u00f6ring eller f\u00f6r att beg\u00e4ra att vi begr\u00e4nsar behandlingen, f\u00f6r att g\u00f6ra inv\u00e4ndningar eller beg\u00e4ra radering av dina uppgifter. Vid eventuella klagom\u00e5l p\u00e5 v\u00e5r behandling av personuppgifter har du som individ \u00e4ven r\u00e4tt att inge klagom\u00e5l till tillsynsmyndigheten Datainspektionen.<\/p>\n<p>Vissa personuppgifter beh\u00f6ver vi f\u00f6r att kunna tillhandah\u00e5lla v\u00e5ra tj\u00e4nster och produkter till dig. Om du vill \u00e5terkalla samtycke och beg\u00e4r \u00e4ndring\/radering av dessa uppgifter kan det d\u00e4rf\u00f6r inneb\u00e4ra att vi inte kan tillhandah\u00e5lla alla v\u00e5ra produkter\/tj\u00e4nster till dig.<\/p>\n<h2>Cookies<\/h2>\n<p>Vi p\u00e5 www.rolba.se anv\u00e4nder oss av cookies. Detta \u00e4r n\u00e5got som \u00e4r ytterst vanligt p\u00e5 webbsidor. En cookie \u00e4r en liten textfil som sparas p\u00e5 din dator, mobiltelefon eller annan enhet n\u00e4r du bes\u00f6ker v\u00e5ra webbsidor.<\/p>\n<p>Denna textfil anv\u00e4nds f\u00f6r att spara information om dina inst\u00e4llningar, ge dig tillg\u00e5ng till olika funktioner samt f\u00f6r att ge dig en skr\u00e4ddarsydd upplevelse.<\/p>\n<p>Det finns tv\u00e5 typer av cookies. Den ena sparar en liten textfil under en l\u00e4ngre tid och anv\u00e4nds f\u00f6r att spara vissa inst\u00e4llningar \u00f6ver flera \u00e5terkommande bes\u00f6k p\u00e5 webbsidan. Denna textfil har ett utg\u00e5ngsdatum som g\u00f6r att cookien raderas n\u00e4r utg\u00e5ngsdatumet g\u00e5tt ut och du bes\u00f6ker webbsidan igen. Den andra cookien kallas sessionscookie och sparas p\u00e5 din enhet tempor\u00e4rt under tiden du \u00e4r inne p\u00e5 webbsidan. Den anv\u00e4nds bland annat f\u00f6r att h\u00e5lla koll p\u00e5 vilket spr\u00e5k du har valt eller liknande. Sessionscookies f\u00f6rsvinner n\u00e4r du st\u00e4nger ner din webbl\u00e4sare.<\/p>\n<h2>Hur vi anv\u00e4nder cookies<\/h2>\n<p>Vi anv\u00e4nder b\u00e5de sessionscookies och \u00f6vriga cookies.<\/p>\n<p>Vi anv\u00e4nder cookies bland annat f\u00f6r att spara information om inloggningar och formul\u00e4r f\u00f6r att f\u00f6rb\u00e4ttra din anv\u00e4ndarupplevelse.<\/p>\n<p>Vissa g\u00e5nger anv\u00e4nder vi \u00e4ven cookies fr\u00e5n tredje parter. Detta g\u00f6rs f\u00f6r att samla in statistik relaterad till webbsidan, registrera trafik och f\u00f6r att vidareutveckla v\u00e5r webbsida. De kan ocks\u00e5 anv\u00e4ndas f\u00f6r att ge dig relevant information p\u00e5 v\u00e5r egen och andras webbsidor.<\/p>\n<p>Vi anv\u00e4nder \u00e4ven cookies fr\u00e5n Google i marknadsf\u00f6ringssyfte. Vi anv\u00e4nder Display Advertising i Google Analytics f\u00f6r demografik- och intresserapporter. Detta ger oss en f\u00f6rb\u00e4ttrad insikt om v\u00e5ra bes\u00f6kare f\u00f6r att kunna ge dem en b\u00e4ttre upplevelse.<\/p>\n<h2>St\u00e4nga av cookies<\/h2>\n<p>Du har sj\u00e4lv m\u00f6jlighet att avaktivera lagringen av cookies i din webbl\u00e4sare och p\u00e5 s\u00e5 s\u00e4tt s\u00e4ga nej till cookies. Du kan \u00e4ven radera tidigare sparade cookies. Du avaktiverar cookies genom att anpassa din webbl\u00e4sares s\u00e4kerhetsinst\u00e4llningar. Hur detta g\u00f6rs varierar n\u00e5got mellan olika webbl\u00e4sare och versioner av webbl\u00e4sare men finns beskrivet om du s\u00f6ker i din specifika webbl\u00e4sares hj\u00e4lpsida.<\/p>\n<p>Om du st\u00e4nger av cookies kan vissa delar av v\u00e5r webbsida sluta att fungera.<\/p>\n<p>Du har sj\u00e4lv m\u00f6jlighet att inaktivera Display Advertising i Google Analytics och justera annonserna i Google Display Network via annonsinst\u00e4llningarna. Dessa hittar du h\u00e4r:<\/p>\n<p>http:\/\/www.google.com\/settings\/ads<\/p>\n<p>Du kan \u00e4ven l\u00e4sa mer om de olika typer av information som kan inaktiveras i Google Analytics p\u00e5 internet.<\/p>\n<p><a href=\"https:\/\/tools.google.com\/dlpage\/gaoptout\/\">https:\/\/tools.google.com\/dlpage\/gaoptout\/<\/a><\/p>\n<h2>Till\u00e5telse att anv\u00e4nda cookies<\/h2>\n<p>I de fall d\u00e5 inst\u00e4llningarna i den webbl\u00e4sare du anv\u00e4nder n\u00e4r du bes\u00f6ker v\u00e5r webbsida \u00e4r inst\u00e4lld p\u00e5 ett s\u00e5dant s\u00e4tt att de till\u00e5ter cookies s\u00e5 tolkar vi detta som att du accepterar cookies p\u00e5 v\u00e5r webbsida.<\/p>\n<h2>F\u00f6r\u00e4ndringar i denna policy<\/h2>\n<p>Inneh\u00e5llet i denna policy kan komma att f\u00f6r\u00e4ndras med tiden.<\/p>\n<h2>Kontakta oss ang\u00e5ende denna policy<\/h2>\n<p>Har du fr\u00e5gor eller synpunkter ang\u00e5ende denna policy kan du v\u00e4nda dig till oss via e-post p\u00e5<span>\u00a0<\/span><a href=\"mailto:info@rolba.se\">info@rolba.se<\/a><span>\u00a0<\/span>eller telefon p\u00e5 0291-47 10 50.<\/p>\n<p>[\/et_pb_text][\/et_pb_column][\/et_pb_row][\/et_pb_section]<\/p>\n","protected":false},"excerpt":{"rendered":"<p>Personuppgifter Vi p\u00e5 Rolba Svenska AB hanterar vissa personuppgifter om v\u00e5ra kunder och bes\u00f6kare p\u00e5 v\u00e5r hemsida. Denna data samlas in och sparas om dig f\u00f6r att tillhandah\u00e5lla tj\u00e4nster, ge dig en b\u00e4ttre upplevelse samt erbjuda dig tj\u00e4nster och produkter som passar dina behov. Uppgifter vi samlar in Kontaktuppgifter N\u00e4r du blir kund hos oss [&hellip;]<\/p>\n","protected":false},"author":1,"featured_media":0,"parent":0,"menu_order":0,"comment_status":"closed","ping_status":"closed","template":"","meta":{"_et_pb_use_builder":"on","_et_pb_old_content":"","_et_gb_content_width":"","footnotes":""},"class_list":["post-24953","page","type-page","status-publish","hentry"],"yoast_head":"<!-- This site is optimized with the Yoast SEO plugin v27.4 - https:\/\/yoast.com\/product\/yoast-seo-wordpress\/ -->\n<title>Personuppgiftspolicy - Rolba<\/title>\n<meta name=\"robots\" content=\"index, follow, max-snippet:-1, max-image-preview:large, max-video-preview:-1\" \/>\n<link rel=\"canonical\" href=\"https:\/\/rolba.se\/sv\/personuppgiftspolicy\/\" \/>\n<meta property=\"og:locale\" content=\"sv_SE\" \/>\n<meta property=\"og:type\" content=\"article\" \/>\n<meta property=\"og:title\" content=\"Personuppgiftspolicy - Rolba\" \/>\n<meta property=\"og:description\" content=\"Personuppgifter Vi p\u00e5 Rolba Svenska AB hanterar vissa personuppgifter om v\u00e5ra kunder och bes\u00f6kare p\u00e5 v\u00e5r hemsida. Denna data samlas in och sparas om dig f\u00f6r att tillhandah\u00e5lla tj\u00e4nster, ge dig en b\u00e4ttre upplevelse samt erbjuda dig tj\u00e4nster och produkter som passar dina behov. Uppgifter vi samlar in Kontaktuppgifter N\u00e4r du blir kund hos oss [&hellip;]\" \/>\n<meta property=\"og:url\" content=\"https:\/\/rolba.se\/sv\/personuppgiftspolicy\/\" \/>\n<meta property=\"og:site_name\" content=\"Rolba\" \/>\n<meta property=\"article:modified_time\" content=\"2024-05-07T13:40:52+00:00\" \/>\n<meta name=\"twitter:card\" content=\"summary_large_image\" \/>\n<script type=\"application\/ld+json\" class=\"yoast-schema-graph\">{\"@context\":\"https:\\\/\\\/schema.org\",\"@graph\":[{\"@type\":\"WebPage\",\"@id\":\"https:\\\/\\\/rolba.se\\\/sv\\\/personuppgiftspolicy\\\/\",\"url\":\"https:\\\/\\\/rolba.se\\\/sv\\\/personuppgiftspolicy\\\/\",\"name\":\"Personuppgiftspolicy - Rolba\",\"isPartOf\":{\"@id\":\"https:\\\/\\\/rolba.se\\\/sv\\\/#website\"},\"datePublished\":\"2023-05-12T06:48:16+00:00\",\"dateModified\":\"2024-05-07T13:40:52+00:00\",\"breadcrumb\":{\"@id\":\"https:\\\/\\\/rolba.se\\\/sv\\\/personuppgiftspolicy\\\/#breadcrumb\"},\"inLanguage\":\"sv-SE\",\"potentialAction\":[{\"@type\":\"ReadAction\",\"target\":[\"https:\\\/\\\/rolba.se\\\/sv\\\/personuppgiftspolicy\\\/\"]}]},{\"@type\":\"BreadcrumbList\",\"@id\":\"https:\\\/\\\/rolba.se\\\/sv\\\/personuppgiftspolicy\\\/#breadcrumb\",\"itemListElement\":[{\"@type\":\"ListItem\",\"position\":1,\"name\":\"Hem\",\"item\":\"https:\\\/\\\/rolba.se\\\/sv\\\/\"},{\"@type\":\"ListItem\",\"position\":2,\"name\":\"Personuppgiftspolicy\"}]},{\"@type\":\"WebSite\",\"@id\":\"https:\\\/\\\/rolba.se\\\/sv\\\/#website\",\"url\":\"https:\\\/\\\/rolba.se\\\/sv\\\/\",\"name\":\"Rolba\",\"description\":\"\",\"potentialAction\":[{\"@type\":\"SearchAction\",\"target\":{\"@type\":\"EntryPoint\",\"urlTemplate\":\"https:\\\/\\\/rolba.se\\\/sv\\\/?s={search_term_string}\"},\"query-input\":{\"@type\":\"PropertyValueSpecification\",\"valueRequired\":true,\"valueName\":\"search_term_string\"}}],\"inLanguage\":\"sv-SE\"}]}<\/script>\n<!-- \/ Yoast SEO plugin. -->","yoast_head_json":{"title":"Personuppgiftspolicy - Rolba","robots":{"index":"index","follow":"follow","max-snippet":"max-snippet:-1","max-image-preview":"max-image-preview:large","max-video-preview":"max-video-preview:-1"},"canonical":"https:\/\/rolba.se\/sv\/personuppgiftspolicy\/","og_locale":"sv_SE","og_type":"article","og_title":"Personuppgiftspolicy - Rolba","og_description":"Personuppgifter Vi p\u00e5 Rolba Svenska AB hanterar vissa personuppgifter om v\u00e5ra kunder och bes\u00f6kare p\u00e5 v\u00e5r hemsida. Denna data samlas in och sparas om dig f\u00f6r att tillhandah\u00e5lla tj\u00e4nster, ge dig en b\u00e4ttre upplevelse samt erbjuda dig tj\u00e4nster och produkter som passar dina behov. Uppgifter vi samlar in Kontaktuppgifter N\u00e4r du blir kund hos oss [&hellip;]","og_url":"https:\/\/rolba.se\/sv\/personuppgiftspolicy\/","og_site_name":"Rolba","article_modified_time":"2024-05-07T13:40:52+00:00","twitter_card":"summary_large_image","schema":{"@context":"https:\/\/schema.org","@graph":[{"@type":"WebPage","@id":"https:\/\/rolba.se\/sv\/personuppgiftspolicy\/","url":"https:\/\/rolba.se\/sv\/personuppgiftspolicy\/","name":"Personuppgiftspolicy - Rolba","isPartOf":{"@id":"https:\/\/rolba.se\/sv\/#website"},"datePublished":"2023-05-12T06:48:16+00:00","dateModified":"2024-05-07T13:40:52+00:00","breadcrumb":{"@id":"https:\/\/rolba.se\/sv\/personuppgiftspolicy\/#breadcrumb"},"inLanguage":"sv-SE","potentialAction":[{"@type":"ReadAction","target":["https:\/\/rolba.se\/sv\/personuppgiftspolicy\/"]}]},{"@type":"BreadcrumbList","@id":"https:\/\/rolba.se\/sv\/personuppgiftspolicy\/#breadcrumb","itemListElement":[{"@type":"ListItem","position":1,"name":"Hem","item":"https:\/\/rolba.se\/sv\/"},{"@type":"ListItem","position":2,"name":"Personuppgiftspolicy"}]},{"@type":"WebSite","@id":"https:\/\/rolba.se\/sv\/#website","url":"https:\/\/rolba.se\/sv\/","name":"Rolba","description":"","potentialAction":[{"@type":"SearchAction","target":{"@type":"EntryPoint","urlTemplate":"https:\/\/rolba.se\/sv\/?s={search_term_string}"},"query-input":{"@type":"PropertyValueSpecification","valueRequired":true,"valueName":"search_term_string"}}],"inLanguage":"sv-SE"}]}},"_links":{"self":[{"href":"https:\/\/rolba.se\/sv\/wp-json\/wp\/v2\/pages\/24953","targetHints":{"allow":["GET"]}}],"collection":[{"href":"https:\/\/rolba.se\/sv\/wp-json\/wp\/v2\/pages"}],"about":[{"href":"https:\/\/rolba.se\/sv\/wp-json\/wp\/v2\/types\/page"}],"author":[{"embeddable":true,"href":"https:\/\/rolba.se\/sv\/wp-json\/wp\/v2\/users\/1"}],"replies":[{"embeddable":true,"href":"https:\/\/rolba.se\/sv\/wp-json\/wp\/v2\/comments?post=24953"}],"version-history":[{"count":3,"href":"https:\/\/rolba.se\/sv\/wp-json\/wp\/v2\/pages\/24953\/revisions"}],"predecessor-version":[{"id":26228,"href":"https:\/\/rolba.se\/sv\/wp-json\/wp\/v2\/pages\/24953\/revisions\/26228"}],"wp:attachment":[{"href":"https:\/\/rolba.se\/sv\/wp-json\/wp\/v2\/media?parent=24953"}],"curies":[{"name":"wp","href":"https:\/\/api.w.org\/{rel}","templated":true}]}}