{"id":25048,"date":"2023-08-15T13:53:06","date_gmt":"2023-08-15T11:53:06","guid":{"rendered":"http:\/\/rolba.se\/?page_id=25048"},"modified":"2023-11-14T12:29:41","modified_gmt":"2023-11-14T11:29:41","slug":"rionad-urbanjet","status":"publish","type":"page","link":"https:\/\/rolba.se\/sv\/rionad-urbanjet\/","title":{"rendered":"Rionad UrbanJet"},"content":{"rendered":"<p>[et_pb_section fb_built=&#8221;1&#8243; _builder_version=&#8221;4.22.0&#8243; _module_preset=&#8221;default&#8221; background_color=&#8221;rgba(0,0,0,0.4)&#8221; background_image=&#8221;https:\/\/rolba.se\/wp-content\/uploads\/2023\/11\/Header-2.jpg&#8221; background_blend=&#8221;multiply&#8221; min_height=&#8221;269px&#8221; custom_margin=&#8221;-200px|0px|0px|0px|false|false&#8221; custom_padding=&#8221;0px|0px|0px|0px|false|false&#8221; global_colors_info=&#8221;{}&#8221; global_module=&#8221;25309&#8243;][et_pb_row admin_label=&#8221;Rad&#8221; _builder_version=&#8221;4.21.0&#8243; _module_preset=&#8221;default&#8221; min_height=&#8221;419px&#8221; custom_margin=&#8221;0px||-30px||false|false&#8221; custom_padding=&#8221;|0px|0px|0px|false|false&#8221; global_colors_info=&#8221;{}&#8221;][et_pb_column type=&#8221;4_4&#8243; _builder_version=&#8221;4.21.0&#8243; _module_preset=&#8221;default&#8221; custom_padding=&#8221;0px|0px|0px|0px|false|false&#8221; global_colors_info=&#8221;{}&#8221;][\/et_pb_column][\/et_pb_row][\/et_pb_section][et_pb_section fb_built=&#8221;1&#8243; _builder_version=&#8221;4.21.0&#8243; _module_preset=&#8221;default&#8221; global_colors_info=&#8221;{}&#8221;][et_pb_row column_structure=&#8221;1_2,1_2&#8243; use_custom_gutter=&#8221;on&#8221; gutter_width=&#8221;2&#8243; make_equal=&#8221;on&#8221; _builder_version=&#8221;4.22.0&#8243; _module_preset=&#8221;default&#8221; custom_padding=&#8221;28px|||||&#8221; global_colors_info=&#8221;{}&#8221;][et_pb_column type=&#8221;1_2&#8243; _builder_version=&#8221;4.21.0&#8243; _module_preset=&#8221;default&#8221; global_colors_info=&#8221;{}&#8221;][et_pb_image src=&#8221;https:\/\/rolba.se\/wp-content\/uploads\/2023\/08\/Urban-Jet-1.png&#8221; title_text=&#8221;Urban Jet&#8221; show_in_lightbox=&#8221;on&#8221; _builder_version=&#8221;4.22.0&#8243; _module_preset=&#8221;default&#8221; global_colors_info=&#8221;{}&#8221;][\/et_pb_image][et_pb_image src=&#8221;https:\/\/rolba.se\/wp-content\/uploads\/2023\/08\/Urban-Jet-2.jpg&#8221; title_text=&#8221;Urban Jet 2&#8243; align=&#8221;center&#8221; _builder_version=&#8221;4.22.0&#8243; _module_preset=&#8221;default&#8221; global_colors_info=&#8221;{}&#8221;][\/et_pb_image][\/et_pb_column][et_pb_column type=&#8221;1_2&#8243; _builder_version=&#8221;4.22.0&#8243; _module_preset=&#8221;default&#8221; global_colors_info=&#8221;{}&#8221;][et_pb_text _builder_version=&#8221;4.22.0&#8243; _module_preset=&#8221;default&#8221; text_font=&#8221;|300|||||||&#8221; text_font_size=&#8221;18px&#8221; text_line_height=&#8221;1.8em&#8221; header_font_size=&#8221;29px&#8221; header_2_font=&#8221;|700|||||||&#8221; header_2_font_size=&#8221;39px&#8221; header_2_line_height=&#8221;1.3em&#8221; header_6_letter_spacing=&#8221;4px&#8221; custom_margin=&#8221;||11px|||&#8221; custom_css_main_element=&#8221;align-self:center;&#8221; global_colors_info=&#8221;{}&#8221;]<\/p>\n<h2 style=\"text-align: left;\">Rioned UrbanJet<\/h2>\n<ul style=\"text-align: left;\"><\/ul>\n<ul>\n<li>\n<p>Kompakta dimensioner<\/p>\n<\/li>\n<li>\n<p>L\u00e4mplig f\u00f6r kompakta sk\u00e5pbilar<\/p>\n<\/li>\n<li>\n<p>Utrustad med radiokontroll<\/p>\n<\/li>\n<li>\n<p>eControl+ kontrollpanel med maskinstatusindikatorer<\/p>\n<\/li>\n<li>\n<p>Hydrauliskt driven h\u00f6gtrycksslang<\/p>\n<\/li>\n<\/ul>\n<p>UrbanJet \u00e4r l\u00e4mplig f\u00f6r reng\u00f6ring av r\u00f6r upp till 350 mm och \u00e4r utformad f\u00f6r att passa de mest kompakta 3,5 T-sk\u00e5p som Volkswagen Transporter, Ford Transit\u00a0eller liknande.<\/p>\n<p>Den nya UrbanJet v\u00e4ger endast 440 KG (tomvikt) och \u00e4r utformad f\u00f6r att passa de mest kompakta 3,5-t-sk\u00e5pbilarna, till exempel VW Transporter, Ford Transit, Vauxhall Movano, MB Vito eller liknande. Den nya\u00a0UrbanJet levererar 200 bar \/ 55 liter per minut och \u00e4r l\u00e4mpad f\u00f6r reng\u00f6ring av r\u00f6r upp till 350 mm.<br \/>Det nya\u00a0aggregatet \u00e4r ocks\u00e5 tillg\u00e4ngligt med en pump p\u00e5 140 bar \/ 70 liter per minut.<\/p>\n<p style=\"text-align: left;\"><a href=\"https:\/\/rolba.se\/wp-content\/uploads\/2023\/08\/EN_UrbanJet_okt2020.pdf\" target=\"_blank\" rel=\"noopener\">Ladda ner broschyr h\u00e4r<\/a><\/p>\n<p style=\"text-align: left;\">\n<p>[\/et_pb_text][\/et_pb_column][\/et_pb_row][\/et_pb_section]<\/p>\n","protected":false},"excerpt":{"rendered":"<p>Rioned UrbanJet Kompakta dimensioner L\u00e4mplig f\u00f6r kompakta sk\u00e5pbilar Utrustad med radiokontroll eControl+ kontrollpanel med maskinstatusindikatorer Hydrauliskt driven h\u00f6gtrycksslang UrbanJet \u00e4r l\u00e4mplig f\u00f6r reng\u00f6ring av r\u00f6r upp till 350 mm och \u00e4r utformad f\u00f6r att passa de mest kompakta 3,5 T-sk\u00e5p som Volkswagen Transporter, Ford Transit\u00a0eller liknande. Den nya UrbanJet v\u00e4ger endast 440 KG (tomvikt) och [&hellip;]<\/p>\n","protected":false},"author":1,"featured_media":0,"parent":0,"menu_order":0,"comment_status":"closed","ping_status":"closed","template":"","meta":{"_et_pb_use_builder":"on","_et_pb_old_content":"","_et_gb_content_width":"","footnotes":""},"class_list":["post-25048","page","type-page","status-publish","hentry"],"yoast_head":"<!-- This site is optimized with the Yoast SEO plugin v27.4 - https:\/\/yoast.com\/product\/yoast-seo-wordpress\/ -->\n<title>Rionad UrbanJet - Rolba<\/title>\n<meta name=\"robots\" content=\"index, follow, max-snippet:-1, max-image-preview:large, max-video-preview:-1\" \/>\n<link rel=\"canonical\" href=\"https:\/\/rolba.se\/sv\/rionad-urbanjet\/\" \/>\n<meta property=\"og:locale\" content=\"sv_SE\" \/>\n<meta property=\"og:type\" content=\"article\" \/>\n<meta property=\"og:title\" content=\"Rionad UrbanJet - Rolba\" \/>\n<meta property=\"og:description\" content=\"Rioned UrbanJet Kompakta dimensioner L\u00e4mplig f\u00f6r kompakta sk\u00e5pbilar Utrustad med radiokontroll eControl+ kontrollpanel med maskinstatusindikatorer Hydrauliskt driven h\u00f6gtrycksslang UrbanJet \u00e4r l\u00e4mplig f\u00f6r reng\u00f6ring av r\u00f6r upp till 350 mm och \u00e4r utformad f\u00f6r att passa de mest kompakta 3,5 T-sk\u00e5p som Volkswagen Transporter, Ford Transit\u00a0eller liknande. Den nya UrbanJet v\u00e4ger endast 440 KG (tomvikt) och [&hellip;]\" \/>\n<meta property=\"og:url\" content=\"https:\/\/rolba.se\/sv\/rionad-urbanjet\/\" \/>\n<meta property=\"og:site_name\" content=\"Rolba\" \/>\n<meta property=\"article:modified_time\" content=\"2023-11-14T11:29:41+00:00\" \/>\n<meta name=\"twitter:card\" content=\"summary_large_image\" \/>\n<script type=\"application\/ld+json\" class=\"yoast-schema-graph\">{\"@context\":\"https:\\\/\\\/schema.org\",\"@graph\":[{\"@type\":\"WebPage\",\"@id\":\"https:\\\/\\\/rolba.se\\\/sv\\\/rionad-urbanjet\\\/\",\"url\":\"https:\\\/\\\/rolba.se\\\/sv\\\/rionad-urbanjet\\\/\",\"name\":\"Rionad UrbanJet - Rolba\",\"isPartOf\":{\"@id\":\"https:\\\/\\\/rolba.se\\\/sv\\\/#website\"},\"datePublished\":\"2023-08-15T11:53:06+00:00\",\"dateModified\":\"2023-11-14T11:29:41+00:00\",\"breadcrumb\":{\"@id\":\"https:\\\/\\\/rolba.se\\\/sv\\\/rionad-urbanjet\\\/#breadcrumb\"},\"inLanguage\":\"sv-SE\",\"potentialAction\":[{\"@type\":\"ReadAction\",\"target\":[\"https:\\\/\\\/rolba.se\\\/sv\\\/rionad-urbanjet\\\/\"]}]},{\"@type\":\"BreadcrumbList\",\"@id\":\"https:\\\/\\\/rolba.se\\\/sv\\\/rionad-urbanjet\\\/#breadcrumb\",\"itemListElement\":[{\"@type\":\"ListItem\",\"position\":1,\"name\":\"Hem\",\"item\":\"https:\\\/\\\/rolba.se\\\/sv\\\/\"},{\"@type\":\"ListItem\",\"position\":2,\"name\":\"Rionad UrbanJet\"}]},{\"@type\":\"WebSite\",\"@id\":\"https:\\\/\\\/rolba.se\\\/sv\\\/#website\",\"url\":\"https:\\\/\\\/rolba.se\\\/sv\\\/\",\"name\":\"Rolba\",\"description\":\"\",\"potentialAction\":[{\"@type\":\"SearchAction\",\"target\":{\"@type\":\"EntryPoint\",\"urlTemplate\":\"https:\\\/\\\/rolba.se\\\/sv\\\/?s={search_term_string}\"},\"query-input\":{\"@type\":\"PropertyValueSpecification\",\"valueRequired\":true,\"valueName\":\"search_term_string\"}}],\"inLanguage\":\"sv-SE\"}]}<\/script>\n<!-- \/ Yoast SEO plugin. -->","yoast_head_json":{"title":"Rionad UrbanJet - Rolba","robots":{"index":"index","follow":"follow","max-snippet":"max-snippet:-1","max-image-preview":"max-image-preview:large","max-video-preview":"max-video-preview:-1"},"canonical":"https:\/\/rolba.se\/sv\/rionad-urbanjet\/","og_locale":"sv_SE","og_type":"article","og_title":"Rionad UrbanJet - Rolba","og_description":"Rioned UrbanJet Kompakta dimensioner L\u00e4mplig f\u00f6r kompakta sk\u00e5pbilar Utrustad med radiokontroll eControl+ kontrollpanel med maskinstatusindikatorer Hydrauliskt driven h\u00f6gtrycksslang UrbanJet \u00e4r l\u00e4mplig f\u00f6r reng\u00f6ring av r\u00f6r upp till 350 mm och \u00e4r utformad f\u00f6r att passa de mest kompakta 3,5 T-sk\u00e5p som Volkswagen Transporter, Ford Transit\u00a0eller liknande. Den nya UrbanJet v\u00e4ger endast 440 KG (tomvikt) och [&hellip;]","og_url":"https:\/\/rolba.se\/sv\/rionad-urbanjet\/","og_site_name":"Rolba","article_modified_time":"2023-11-14T11:29:41+00:00","twitter_card":"summary_large_image","schema":{"@context":"https:\/\/schema.org","@graph":[{"@type":"WebPage","@id":"https:\/\/rolba.se\/sv\/rionad-urbanjet\/","url":"https:\/\/rolba.se\/sv\/rionad-urbanjet\/","name":"Rionad UrbanJet - Rolba","isPartOf":{"@id":"https:\/\/rolba.se\/sv\/#website"},"datePublished":"2023-08-15T11:53:06+00:00","dateModified":"2023-11-14T11:29:41+00:00","breadcrumb":{"@id":"https:\/\/rolba.se\/sv\/rionad-urbanjet\/#breadcrumb"},"inLanguage":"sv-SE","potentialAction":[{"@type":"ReadAction","target":["https:\/\/rolba.se\/sv\/rionad-urbanjet\/"]}]},{"@type":"BreadcrumbList","@id":"https:\/\/rolba.se\/sv\/rionad-urbanjet\/#breadcrumb","itemListElement":[{"@type":"ListItem","position":1,"name":"Hem","item":"https:\/\/rolba.se\/sv\/"},{"@type":"ListItem","position":2,"name":"Rionad UrbanJet"}]},{"@type":"WebSite","@id":"https:\/\/rolba.se\/sv\/#website","url":"https:\/\/rolba.se\/sv\/","name":"Rolba","description":"","potentialAction":[{"@type":"SearchAction","target":{"@type":"EntryPoint","urlTemplate":"https:\/\/rolba.se\/sv\/?s={search_term_string}"},"query-input":{"@type":"PropertyValueSpecification","valueRequired":true,"valueName":"search_term_string"}}],"inLanguage":"sv-SE"}]}},"_links":{"self":[{"href":"https:\/\/rolba.se\/sv\/wp-json\/wp\/v2\/pages\/25048","targetHints":{"allow":["GET"]}}],"collection":[{"href":"https:\/\/rolba.se\/sv\/wp-json\/wp\/v2\/pages"}],"about":[{"href":"https:\/\/rolba.se\/sv\/wp-json\/wp\/v2\/types\/page"}],"author":[{"embeddable":true,"href":"https:\/\/rolba.se\/sv\/wp-json\/wp\/v2\/users\/1"}],"replies":[{"embeddable":true,"href":"https:\/\/rolba.se\/sv\/wp-json\/wp\/v2\/comments?post=25048"}],"version-history":[{"count":7,"href":"https:\/\/rolba.se\/sv\/wp-json\/wp\/v2\/pages\/25048\/revisions"}],"predecessor-version":[{"id":25313,"href":"https:\/\/rolba.se\/sv\/wp-json\/wp\/v2\/pages\/25048\/revisions\/25313"}],"wp:attachment":[{"href":"https:\/\/rolba.se\/sv\/wp-json\/wp\/v2\/media?parent=25048"}],"curies":[{"name":"wp","href":"https:\/\/api.w.org\/{rel}","templated":true}]}}