{"id":25052,"date":"2023-08-15T13:57:30","date_gmt":"2023-08-15T11:57:30","guid":{"rendered":"http:\/\/rolba.se\/?page_id=25052"},"modified":"2023-11-14T12:30:37","modified_gmt":"2023-11-14T11:30:37","slug":"rioned-cityjet","status":"publish","type":"page","link":"https:\/\/rolba.se\/sv\/rioned-cityjet\/","title":{"rendered":"Rioned CityJet"},"content":{"rendered":"<p>[et_pb_section fb_built=&#8221;1&#8243; _builder_version=&#8221;4.22.0&#8243; _module_preset=&#8221;default&#8221; background_color=&#8221;rgba(0,0,0,0.4)&#8221; background_image=&#8221;https:\/\/rolba.se\/wp-content\/uploads\/2023\/11\/Header-2.jpg&#8221; background_blend=&#8221;multiply&#8221; min_height=&#8221;269px&#8221; custom_margin=&#8221;-200px|0px|0px|0px|false|false&#8221; custom_padding=&#8221;0px|0px|0px|0px|false|false&#8221; global_colors_info=&#8221;{}&#8221; global_module=&#8221;25309&#8243;][et_pb_row admin_label=&#8221;Rad&#8221; _builder_version=&#8221;4.21.0&#8243; _module_preset=&#8221;default&#8221; min_height=&#8221;419px&#8221; custom_margin=&#8221;0px||-30px||false|false&#8221; custom_padding=&#8221;|0px|0px|0px|false|false&#8221; global_colors_info=&#8221;{}&#8221;][et_pb_column type=&#8221;4_4&#8243; _builder_version=&#8221;4.21.0&#8243; _module_preset=&#8221;default&#8221; custom_padding=&#8221;0px|0px|0px|0px|false|false&#8221; global_colors_info=&#8221;{}&#8221;][\/et_pb_column][\/et_pb_row][\/et_pb_section][et_pb_section fb_built=&#8221;1&#8243; _builder_version=&#8221;4.21.0&#8243; _module_preset=&#8221;default&#8221; global_colors_info=&#8221;{}&#8221;][et_pb_row column_structure=&#8221;1_2,1_2&#8243; use_custom_gutter=&#8221;on&#8221; gutter_width=&#8221;2&#8243; make_equal=&#8221;on&#8221; _builder_version=&#8221;4.22.0&#8243; _module_preset=&#8221;default&#8221; custom_padding=&#8221;28px|||||&#8221; global_colors_info=&#8221;{}&#8221;][et_pb_column type=&#8221;1_2&#8243; _builder_version=&#8221;4.21.0&#8243; _module_preset=&#8221;default&#8221; global_colors_info=&#8221;{}&#8221;][et_pb_image src=&#8221;https:\/\/rolba.se\/wp-content\/uploads\/2023\/08\/cityjet_2.jpg&#8221; title_text=&#8221;cityjet_2&#8243; show_in_lightbox=&#8221;on&#8221; _builder_version=&#8221;4.22.0&#8243; _module_preset=&#8221;default&#8221; global_colors_info=&#8221;{}&#8221;][\/et_pb_image][et_pb_image src=&#8221;https:\/\/rolba.se\/wp-content\/uploads\/2023\/08\/cityjet_3.jpg&#8221; title_text=&#8221;cityjet_3&#8243; align=&#8221;center&#8221; _builder_version=&#8221;4.22.0&#8243; _module_preset=&#8221;default&#8221; global_colors_info=&#8221;{}&#8221;][\/et_pb_image][\/et_pb_column][et_pb_column type=&#8221;1_2&#8243; _builder_version=&#8221;4.22.0&#8243; _module_preset=&#8221;default&#8221; global_colors_info=&#8221;{}&#8221;][et_pb_text _builder_version=&#8221;4.22.0&#8243; _module_preset=&#8221;default&#8221; text_font=&#8221;|300|||||||&#8221; text_font_size=&#8221;18px&#8221; text_line_height=&#8221;1.8em&#8221; header_font_size=&#8221;29px&#8221; header_2_font=&#8221;|700|||||||&#8221; header_2_font_size=&#8221;39px&#8221; header_2_line_height=&#8221;1.3em&#8221; header_6_letter_spacing=&#8221;4px&#8221; custom_margin=&#8221;||11px|||&#8221; custom_css_main_element=&#8221;align-self:center;&#8221; global_colors_info=&#8221;{}&#8221;]<\/p>\n<h2 style=\"text-align: left;\">Rioned CityJet<\/h2>\n<ul style=\"text-align: left;\"><\/ul>\n<ul><\/ul>\n<ul>\n<li>\n<p>180 \u00b0 sv\u00e4ngbar slangrulle<\/p>\n<\/li>\n<li>\n<p>eControl+ panel<\/p>\n<\/li>\n<li>\n<p>Elektrisk sp\u00e4rrmekanism p\u00e5 slangrullen<\/p>\n<\/li>\n<li>\n<p>L\u00e5g vikt<\/p>\n<\/li>\n<li>\n<p>Varmvatten som tillval (upp till 55 \u02daC)<\/p>\n<\/li>\n<\/ul>\n<p>CityJet \u00e4r inte bara v\u00e5r flaggskeppsprodukt utan \u00e4ven det mest popul\u00e4ra\u00a0aggregatet f\u00f6r h\u00f6gtrycksspolning i v\u00e4rlden och kan anv\u00e4ndas f\u00f6r brunnar och ledningar med en maximal diameter p\u00e5 450 mm.<\/p>\n<p>Den kompakta konstruktionen och den l\u00e5ga vikten maximerar fordonets lastkapacitet och monteras vanligtvis i Mercedes-Benz Vito, Volkswagen Crafter och Ford Transit. H\u00f6gtrycksslangen roterar i 180 grader f\u00f6r optimala arbetsf\u00f6rh\u00e5llanden under alla omst\u00e4ndigheter. Med en l\u00e4ttfylld br\u00e4nsletank och optimal balans mellan prestanda och vikt \u00e4r det l\u00e4tt att se varf\u00f6r CityJet \u00e4r b\u00e4st i sin klass.<\/p>\n<p style=\"text-align: left;\"><a href=\"https:\/\/rolba.se\/wp-content\/uploads\/2023\/08\/EN_CityJet_okt2020.pdf\" target=\"_blank\" rel=\"noopener\">Ladda ner broschyr h\u00e4r<\/a><\/p>\n<p style=\"text-align: left;\">\n<p>[\/et_pb_text][\/et_pb_column][\/et_pb_row][et_pb_row column_structure=&#8221;1_3,1_3,1_3&#8243; use_custom_gutter=&#8221;on&#8221; gutter_width=&#8221;2&#8243; _builder_version=&#8221;4.22.0&#8243; _module_preset=&#8221;default&#8221; global_colors_info=&#8221;{}&#8221;][et_pb_column type=&#8221;1_3&#8243; _builder_version=&#8221;4.22.0&#8243; _module_preset=&#8221;default&#8221; global_colors_info=&#8221;{}&#8221;][et_pb_image src=&#8221;https:\/\/rolba.se\/wp-content\/uploads\/2023\/08\/Cityjet_5.png&#8221; title_text=&#8221;Cityjet_5&#8243; _builder_version=&#8221;4.22.0&#8243; _module_preset=&#8221;default&#8221; global_colors_info=&#8221;{}&#8221;][\/et_pb_image][\/et_pb_column][et_pb_column type=&#8221;1_3&#8243; _builder_version=&#8221;4.22.0&#8243; _module_preset=&#8221;default&#8221; global_colors_info=&#8221;{}&#8221;][et_pb_image src=&#8221;https:\/\/rolba.se\/wp-content\/uploads\/2023\/08\/cityjet_4.png&#8221; title_text=&#8221;cityjet_4&#8243; _builder_version=&#8221;4.22.0&#8243; _module_preset=&#8221;default&#8221; global_colors_info=&#8221;{}&#8221;][\/et_pb_image][\/et_pb_column][et_pb_column type=&#8221;1_3&#8243; _builder_version=&#8221;4.22.0&#8243; _module_preset=&#8221;default&#8221; global_colors_info=&#8221;{}&#8221;][et_pb_image src=&#8221;https:\/\/rolba.se\/wp-content\/uploads\/2023\/08\/Cityjet_6.png&#8221; title_text=&#8221;Cityjet_6&#8243; _builder_version=&#8221;4.22.0&#8243; _module_preset=&#8221;default&#8221; global_colors_info=&#8221;{}&#8221;][\/et_pb_image][\/et_pb_column][\/et_pb_row][\/et_pb_section]<\/p>\n","protected":false},"excerpt":{"rendered":"<p>Rioned CityJet 180 \u00b0 sv\u00e4ngbar slangrulle eControl+ panel Elektrisk sp\u00e4rrmekanism p\u00e5 slangrullen L\u00e5g vikt Varmvatten som tillval (upp till 55 \u02daC) CityJet \u00e4r inte bara v\u00e5r flaggskeppsprodukt utan \u00e4ven det mest popul\u00e4ra\u00a0aggregatet f\u00f6r h\u00f6gtrycksspolning i v\u00e4rlden och kan anv\u00e4ndas f\u00f6r brunnar och ledningar med en maximal diameter p\u00e5 450 mm. Den kompakta konstruktionen och den [&hellip;]<\/p>\n","protected":false},"author":1,"featured_media":0,"parent":0,"menu_order":0,"comment_status":"closed","ping_status":"closed","template":"","meta":{"_et_pb_use_builder":"on","_et_pb_old_content":"<!-- wp:divi\/placeholder \/-->","_et_gb_content_width":"","footnotes":""},"class_list":["post-25052","page","type-page","status-publish","hentry"],"yoast_head":"<!-- This site is optimized with the Yoast SEO plugin v27.4 - https:\/\/yoast.com\/product\/yoast-seo-wordpress\/ -->\n<title>Rioned CityJet - Rolba<\/title>\n<meta name=\"robots\" content=\"index, follow, max-snippet:-1, max-image-preview:large, max-video-preview:-1\" \/>\n<link rel=\"canonical\" href=\"https:\/\/rolba.se\/sv\/rioned-cityjet\/\" \/>\n<meta property=\"og:locale\" content=\"sv_SE\" \/>\n<meta property=\"og:type\" content=\"article\" \/>\n<meta property=\"og:title\" content=\"Rioned CityJet - Rolba\" \/>\n<meta property=\"og:description\" content=\"Rioned CityJet 180 \u00b0 sv\u00e4ngbar slangrulle eControl+ panel Elektrisk sp\u00e4rrmekanism p\u00e5 slangrullen L\u00e5g vikt Varmvatten som tillval (upp till 55 \u02daC) CityJet \u00e4r inte bara v\u00e5r flaggskeppsprodukt utan \u00e4ven det mest popul\u00e4ra\u00a0aggregatet f\u00f6r h\u00f6gtrycksspolning i v\u00e4rlden och kan anv\u00e4ndas f\u00f6r brunnar och ledningar med en maximal diameter p\u00e5 450 mm. Den kompakta konstruktionen och den [&hellip;]\" \/>\n<meta property=\"og:url\" content=\"https:\/\/rolba.se\/sv\/rioned-cityjet\/\" \/>\n<meta property=\"og:site_name\" content=\"Rolba\" \/>\n<meta property=\"article:modified_time\" content=\"2023-11-14T11:30:37+00:00\" \/>\n<meta name=\"twitter:card\" content=\"summary_large_image\" \/>\n<script type=\"application\/ld+json\" class=\"yoast-schema-graph\">{\"@context\":\"https:\\\/\\\/schema.org\",\"@graph\":[{\"@type\":\"WebPage\",\"@id\":\"https:\\\/\\\/rolba.se\\\/sv\\\/rioned-cityjet\\\/\",\"url\":\"https:\\\/\\\/rolba.se\\\/sv\\\/rioned-cityjet\\\/\",\"name\":\"Rioned CityJet - Rolba\",\"isPartOf\":{\"@id\":\"https:\\\/\\\/rolba.se\\\/sv\\\/#website\"},\"datePublished\":\"2023-08-15T11:57:30+00:00\",\"dateModified\":\"2023-11-14T11:30:37+00:00\",\"breadcrumb\":{\"@id\":\"https:\\\/\\\/rolba.se\\\/sv\\\/rioned-cityjet\\\/#breadcrumb\"},\"inLanguage\":\"sv-SE\",\"potentialAction\":[{\"@type\":\"ReadAction\",\"target\":[\"https:\\\/\\\/rolba.se\\\/sv\\\/rioned-cityjet\\\/\"]}]},{\"@type\":\"BreadcrumbList\",\"@id\":\"https:\\\/\\\/rolba.se\\\/sv\\\/rioned-cityjet\\\/#breadcrumb\",\"itemListElement\":[{\"@type\":\"ListItem\",\"position\":1,\"name\":\"Hem\",\"item\":\"https:\\\/\\\/rolba.se\\\/sv\\\/\"},{\"@type\":\"ListItem\",\"position\":2,\"name\":\"Rioned CityJet\"}]},{\"@type\":\"WebSite\",\"@id\":\"https:\\\/\\\/rolba.se\\\/sv\\\/#website\",\"url\":\"https:\\\/\\\/rolba.se\\\/sv\\\/\",\"name\":\"Rolba\",\"description\":\"\",\"potentialAction\":[{\"@type\":\"SearchAction\",\"target\":{\"@type\":\"EntryPoint\",\"urlTemplate\":\"https:\\\/\\\/rolba.se\\\/sv\\\/?s={search_term_string}\"},\"query-input\":{\"@type\":\"PropertyValueSpecification\",\"valueRequired\":true,\"valueName\":\"search_term_string\"}}],\"inLanguage\":\"sv-SE\"}]}<\/script>\n<!-- \/ Yoast SEO plugin. -->","yoast_head_json":{"title":"Rioned CityJet - Rolba","robots":{"index":"index","follow":"follow","max-snippet":"max-snippet:-1","max-image-preview":"max-image-preview:large","max-video-preview":"max-video-preview:-1"},"canonical":"https:\/\/rolba.se\/sv\/rioned-cityjet\/","og_locale":"sv_SE","og_type":"article","og_title":"Rioned CityJet - Rolba","og_description":"Rioned CityJet 180 \u00b0 sv\u00e4ngbar slangrulle eControl+ panel Elektrisk sp\u00e4rrmekanism p\u00e5 slangrullen L\u00e5g vikt Varmvatten som tillval (upp till 55 \u02daC) CityJet \u00e4r inte bara v\u00e5r flaggskeppsprodukt utan \u00e4ven det mest popul\u00e4ra\u00a0aggregatet f\u00f6r h\u00f6gtrycksspolning i v\u00e4rlden och kan anv\u00e4ndas f\u00f6r brunnar och ledningar med en maximal diameter p\u00e5 450 mm. Den kompakta konstruktionen och den [&hellip;]","og_url":"https:\/\/rolba.se\/sv\/rioned-cityjet\/","og_site_name":"Rolba","article_modified_time":"2023-11-14T11:30:37+00:00","twitter_card":"summary_large_image","schema":{"@context":"https:\/\/schema.org","@graph":[{"@type":"WebPage","@id":"https:\/\/rolba.se\/sv\/rioned-cityjet\/","url":"https:\/\/rolba.se\/sv\/rioned-cityjet\/","name":"Rioned CityJet - Rolba","isPartOf":{"@id":"https:\/\/rolba.se\/sv\/#website"},"datePublished":"2023-08-15T11:57:30+00:00","dateModified":"2023-11-14T11:30:37+00:00","breadcrumb":{"@id":"https:\/\/rolba.se\/sv\/rioned-cityjet\/#breadcrumb"},"inLanguage":"sv-SE","potentialAction":[{"@type":"ReadAction","target":["https:\/\/rolba.se\/sv\/rioned-cityjet\/"]}]},{"@type":"BreadcrumbList","@id":"https:\/\/rolba.se\/sv\/rioned-cityjet\/#breadcrumb","itemListElement":[{"@type":"ListItem","position":1,"name":"Hem","item":"https:\/\/rolba.se\/sv\/"},{"@type":"ListItem","position":2,"name":"Rioned CityJet"}]},{"@type":"WebSite","@id":"https:\/\/rolba.se\/sv\/#website","url":"https:\/\/rolba.se\/sv\/","name":"Rolba","description":"","potentialAction":[{"@type":"SearchAction","target":{"@type":"EntryPoint","urlTemplate":"https:\/\/rolba.se\/sv\/?s={search_term_string}"},"query-input":{"@type":"PropertyValueSpecification","valueRequired":true,"valueName":"search_term_string"}}],"inLanguage":"sv-SE"}]}},"_links":{"self":[{"href":"https:\/\/rolba.se\/sv\/wp-json\/wp\/v2\/pages\/25052","targetHints":{"allow":["GET"]}}],"collection":[{"href":"https:\/\/rolba.se\/sv\/wp-json\/wp\/v2\/pages"}],"about":[{"href":"https:\/\/rolba.se\/sv\/wp-json\/wp\/v2\/types\/page"}],"author":[{"embeddable":true,"href":"https:\/\/rolba.se\/sv\/wp-json\/wp\/v2\/users\/1"}],"replies":[{"embeddable":true,"href":"https:\/\/rolba.se\/sv\/wp-json\/wp\/v2\/comments?post=25052"}],"version-history":[{"count":7,"href":"https:\/\/rolba.se\/sv\/wp-json\/wp\/v2\/pages\/25052\/revisions"}],"predecessor-version":[{"id":25316,"href":"https:\/\/rolba.se\/sv\/wp-json\/wp\/v2\/pages\/25052\/revisions\/25316"}],"wp:attachment":[{"href":"https:\/\/rolba.se\/sv\/wp-json\/wp\/v2\/media?parent=25052"}],"curies":[{"name":"wp","href":"https:\/\/api.w.org\/{rel}","templated":true}]}}