{"id":25054,"date":"2023-08-15T13:57:39","date_gmt":"2023-08-15T11:57:39","guid":{"rendered":"http:\/\/rolba.se\/?page_id=25054"},"modified":"2023-11-14T12:30:52","modified_gmt":"2023-11-14T11:30:52","slug":"rioned-profijet","status":"publish","type":"page","link":"https:\/\/rolba.se\/sv\/rioned-profijet\/","title":{"rendered":"Rioned ProfiJet"},"content":{"rendered":"<p>[et_pb_section fb_built=&#8221;1&#8243; _builder_version=&#8221;4.22.0&#8243; _module_preset=&#8221;default&#8221; background_color=&#8221;rgba(0,0,0,0.4)&#8221; background_image=&#8221;https:\/\/rolba.se\/wp-content\/uploads\/2023\/11\/Header-2.jpg&#8221; background_blend=&#8221;multiply&#8221; min_height=&#8221;269px&#8221; custom_margin=&#8221;-200px|0px|0px|0px|false|false&#8221; custom_padding=&#8221;0px|0px|0px|0px|false|false&#8221; global_colors_info=&#8221;{}&#8221; global_module=&#8221;25309&#8243;][et_pb_row admin_label=&#8221;Rad&#8221; _builder_version=&#8221;4.21.0&#8243; _module_preset=&#8221;default&#8221; min_height=&#8221;419px&#8221; custom_margin=&#8221;0px||-30px||false|false&#8221; custom_padding=&#8221;|0px|0px|0px|false|false&#8221; global_colors_info=&#8221;{}&#8221;][et_pb_column type=&#8221;4_4&#8243; _builder_version=&#8221;4.21.0&#8243; _module_preset=&#8221;default&#8221; custom_padding=&#8221;0px|0px|0px|0px|false|false&#8221; global_colors_info=&#8221;{}&#8221;][\/et_pb_column][\/et_pb_row][\/et_pb_section][et_pb_section fb_built=&#8221;1&#8243; _builder_version=&#8221;4.21.0&#8243; _module_preset=&#8221;default&#8221; global_colors_info=&#8221;{}&#8221;][et_pb_row column_structure=&#8221;1_2,1_2&#8243; use_custom_gutter=&#8221;on&#8221; gutter_width=&#8221;2&#8243; make_equal=&#8221;on&#8221; _builder_version=&#8221;4.22.0&#8243; _module_preset=&#8221;default&#8221; custom_padding=&#8221;28px|||||&#8221; global_colors_info=&#8221;{}&#8221;][et_pb_column type=&#8221;1_2&#8243; _builder_version=&#8221;4.21.0&#8243; _module_preset=&#8221;default&#8221; global_colors_info=&#8221;{}&#8221;][et_pb_image src=&#8221;https:\/\/rolba.se\/wp-content\/uploads\/2023\/08\/profijet_2.jpg&#8221; title_text=&#8221;profijet_2&#8243; show_in_lightbox=&#8221;on&#8221; _builder_version=&#8221;4.22.0&#8243; _module_preset=&#8221;default&#8221; global_colors_info=&#8221;{}&#8221;][\/et_pb_image][et_pb_image src=&#8221;https:\/\/rolba.se\/wp-content\/uploads\/2023\/08\/profijet_3.jpg&#8221; title_text=&#8221;profijet_3&#8243; align=&#8221;center&#8221; _builder_version=&#8221;4.22.0&#8243; _module_preset=&#8221;default&#8221; global_colors_info=&#8221;{}&#8221;][\/et_pb_image][\/et_pb_column][et_pb_column type=&#8221;1_2&#8243; _builder_version=&#8221;4.22.0&#8243; _module_preset=&#8221;default&#8221; global_colors_info=&#8221;{}&#8221;][et_pb_text _builder_version=&#8221;4.22.0&#8243; _module_preset=&#8221;default&#8221; text_font=&#8221;|300|||||||&#8221; text_font_size=&#8221;18px&#8221; text_line_height=&#8221;1.8em&#8221; header_font_size=&#8221;29px&#8221; header_2_font=&#8221;|700|||||||&#8221; header_2_font_size=&#8221;39px&#8221; header_2_line_height=&#8221;1.3em&#8221; header_6_letter_spacing=&#8221;4px&#8221; custom_margin=&#8221;||11px|||&#8221; custom_css_main_element=&#8221;align-self:center;&#8221; global_colors_info=&#8221;{}&#8221;]<\/p>\n<h2 style=\"text-align: left;\">Rioned ProfiJet<\/h2>\n<p>SKU: 21270000000<\/p>\n<ul>\n<li>H\u00f6ga fl\u00f6deshastigheter<\/li>\n<li>Roterbar arm med eControl+ panel<\/li>\n<li>2 x 400 liters vattentankar<\/li>\n<li>Hetvatten som tillval (upp till 85 \u00b0 C)<\/li>\n<li>Ergonomiskt utformade driftsfunktioner<\/li>\n<\/ul>\n<p>Rioned ProfiJet \u00e4r ett rammonterat aggregat f\u00f6r h\u00f6gtrycksspolning som l\u00e4mpar sig f\u00f6r professionell anv\u00e4ndning i brunnar och ledningar upp till 600 mm.<\/p>\n<p>ProfiJet \u00e4r v\u00e5rt st\u00f6rsta rammonterade aggregat f\u00f6r h\u00f6gtrycksspolning, kombinerad med tv\u00e5 400 liter kompakta vattentankar. Den patenterade 270 \u00b0 vridbara h\u00f6gtrycksslangen ger ergonomisk anv\u00e4ndning och v\u00e5rt o\u00f6vertr\u00e4ffade varmvattensystem utnyttjar ett innovativt system f\u00f6r \u00e5tervinning av spillv\u00e4rme.<br \/>Detta sparar br\u00e4nsle j\u00e4mf\u00f6rt med andra varmvattensystem som arbetar med en separat panna.<\/p>\n<p style=\"text-align: left;\"><a href=\"https:\/\/rolba.se\/wp-content\/uploads\/2023\/08\/ProfiJet.pdf\" target=\"_blank\" rel=\"noopener\">Ladda ner broschyr h\u00e4r<\/a><\/p>\n<p style=\"text-align: left;\">[\/et_pb_text][\/et_pb_column][\/et_pb_row][et_pb_row column_structure=&#8221;1_2,1_2&#8243; use_custom_gutter=&#8221;on&#8221; gutter_width=&#8221;2&#8243; _builder_version=&#8221;4.22.0&#8243; _module_preset=&#8221;default&#8221; global_colors_info=&#8221;{}&#8221;][et_pb_column type=&#8221;1_2&#8243; _builder_version=&#8221;4.22.0&#8243; _module_preset=&#8221;default&#8221; global_colors_info=&#8221;{}&#8221;][et_pb_image src=&#8221;https:\/\/rolba.se\/wp-content\/uploads\/2023\/08\/profijet_4-300&#215;300.jpg&#8221; title_text=&#8221;profijet_4&#8243; align=&#8221;center&#8221; _builder_version=&#8221;4.22.0&#8243; _module_preset=&#8221;default&#8221; global_colors_info=&#8221;{}&#8221;][\/et_pb_image][\/et_pb_column][et_pb_column type=&#8221;1_2&#8243; _builder_version=&#8221;4.22.0&#8243; _module_preset=&#8221;default&#8221; global_colors_info=&#8221;{}&#8221;][et_pb_image src=&#8221;https:\/\/rolba.se\/wp-content\/uploads\/2023\/08\/profijet_5-300&#215;300.jpg&#8221; title_text=&#8221;profijet_5&#8243; align=&#8221;center&#8221; _builder_version=&#8221;4.22.0&#8243; _module_preset=&#8221;default&#8221; global_colors_info=&#8221;{}&#8221;][\/et_pb_image][\/et_pb_column][\/et_pb_row][\/et_pb_section]<\/p>\n","protected":false},"excerpt":{"rendered":"<p>Rioned ProfiJet SKU: 21270000000 H\u00f6ga fl\u00f6deshastigheter Roterbar arm med eControl+ panel 2 x 400 liters vattentankar Hetvatten som tillval (upp till 85 \u00b0 C) Ergonomiskt utformade driftsfunktioner Rioned ProfiJet \u00e4r ett rammonterat aggregat f\u00f6r h\u00f6gtrycksspolning som l\u00e4mpar sig f\u00f6r professionell anv\u00e4ndning i brunnar och ledningar upp till 600 mm. ProfiJet \u00e4r v\u00e5rt st\u00f6rsta rammonterade aggregat [&hellip;]<\/p>\n","protected":false},"author":1,"featured_media":0,"parent":0,"menu_order":0,"comment_status":"closed","ping_status":"closed","template":"","meta":{"_et_pb_use_builder":"on","_et_pb_old_content":"<!-- wp:divi\/placeholder \/-->","_et_gb_content_width":"","footnotes":""},"class_list":["post-25054","page","type-page","status-publish","hentry"],"yoast_head":"<!-- This site is optimized with the Yoast SEO plugin v27.2 - https:\/\/yoast.com\/product\/yoast-seo-wordpress\/ -->\n<title>Rioned ProfiJet - Rolba<\/title>\n<meta name=\"robots\" content=\"index, follow, max-snippet:-1, max-image-preview:large, max-video-preview:-1\" \/>\n<link rel=\"canonical\" href=\"https:\/\/rolba.se\/sv\/rioned-profijet\/\" \/>\n<meta property=\"og:locale\" content=\"sv_SE\" \/>\n<meta property=\"og:type\" content=\"article\" \/>\n<meta property=\"og:title\" content=\"Rioned ProfiJet - Rolba\" \/>\n<meta property=\"og:description\" content=\"Rioned ProfiJet SKU: 21270000000 H\u00f6ga fl\u00f6deshastigheter Roterbar arm med eControl+ panel 2 x 400 liters vattentankar Hetvatten som tillval (upp till 85 \u00b0 C) Ergonomiskt utformade driftsfunktioner Rioned ProfiJet \u00e4r ett rammonterat aggregat f\u00f6r h\u00f6gtrycksspolning som l\u00e4mpar sig f\u00f6r professionell anv\u00e4ndning i brunnar och ledningar upp till 600 mm. ProfiJet \u00e4r v\u00e5rt st\u00f6rsta rammonterade aggregat [&hellip;]\" \/>\n<meta property=\"og:url\" content=\"https:\/\/rolba.se\/sv\/rioned-profijet\/\" \/>\n<meta property=\"og:site_name\" content=\"Rolba\" \/>\n<meta property=\"article:modified_time\" content=\"2023-11-14T11:30:52+00:00\" \/>\n<meta name=\"twitter:card\" content=\"summary_large_image\" \/>\n<script type=\"application\/ld+json\" class=\"yoast-schema-graph\">{\"@context\":\"https:\/\/schema.org\",\"@graph\":[{\"@type\":\"WebPage\",\"@id\":\"https:\/\/rolba.se\/sv\/rioned-profijet\/\",\"url\":\"https:\/\/rolba.se\/sv\/rioned-profijet\/\",\"name\":\"Rioned ProfiJet - Rolba\",\"isPartOf\":{\"@id\":\"https:\/\/rolba.se\/sv\/#website\"},\"datePublished\":\"2023-08-15T11:57:39+00:00\",\"dateModified\":\"2023-11-14T11:30:52+00:00\",\"breadcrumb\":{\"@id\":\"https:\/\/rolba.se\/sv\/rioned-profijet\/#breadcrumb\"},\"inLanguage\":\"sv-SE\",\"potentialAction\":[{\"@type\":\"ReadAction\",\"target\":[\"https:\/\/rolba.se\/sv\/rioned-profijet\/\"]}]},{\"@type\":\"BreadcrumbList\",\"@id\":\"https:\/\/rolba.se\/sv\/rioned-profijet\/#breadcrumb\",\"itemListElement\":[{\"@type\":\"ListItem\",\"position\":1,\"name\":\"Hem\",\"item\":\"https:\/\/rolba.se\/sv\/\"},{\"@type\":\"ListItem\",\"position\":2,\"name\":\"Rioned ProfiJet\"}]},{\"@type\":\"WebSite\",\"@id\":\"https:\/\/rolba.se\/sv\/#website\",\"url\":\"https:\/\/rolba.se\/sv\/\",\"name\":\"Rolba\",\"description\":\"\",\"potentialAction\":[{\"@type\":\"SearchAction\",\"target\":{\"@type\":\"EntryPoint\",\"urlTemplate\":\"https:\/\/rolba.se\/sv\/?s={search_term_string}\"},\"query-input\":{\"@type\":\"PropertyValueSpecification\",\"valueRequired\":true,\"valueName\":\"search_term_string\"}}],\"inLanguage\":\"sv-SE\"}]}<\/script>\n<!-- \/ Yoast SEO plugin. -->","yoast_head_json":{"title":"Rioned ProfiJet - Rolba","robots":{"index":"index","follow":"follow","max-snippet":"max-snippet:-1","max-image-preview":"max-image-preview:large","max-video-preview":"max-video-preview:-1"},"canonical":"https:\/\/rolba.se\/sv\/rioned-profijet\/","og_locale":"sv_SE","og_type":"article","og_title":"Rioned ProfiJet - Rolba","og_description":"Rioned ProfiJet SKU: 21270000000 H\u00f6ga fl\u00f6deshastigheter Roterbar arm med eControl+ panel 2 x 400 liters vattentankar Hetvatten som tillval (upp till 85 \u00b0 C) Ergonomiskt utformade driftsfunktioner Rioned ProfiJet \u00e4r ett rammonterat aggregat f\u00f6r h\u00f6gtrycksspolning som l\u00e4mpar sig f\u00f6r professionell anv\u00e4ndning i brunnar och ledningar upp till 600 mm. ProfiJet \u00e4r v\u00e5rt st\u00f6rsta rammonterade aggregat [&hellip;]","og_url":"https:\/\/rolba.se\/sv\/rioned-profijet\/","og_site_name":"Rolba","article_modified_time":"2023-11-14T11:30:52+00:00","twitter_card":"summary_large_image","schema":{"@context":"https:\/\/schema.org","@graph":[{"@type":"WebPage","@id":"https:\/\/rolba.se\/sv\/rioned-profijet\/","url":"https:\/\/rolba.se\/sv\/rioned-profijet\/","name":"Rioned ProfiJet - Rolba","isPartOf":{"@id":"https:\/\/rolba.se\/sv\/#website"},"datePublished":"2023-08-15T11:57:39+00:00","dateModified":"2023-11-14T11:30:52+00:00","breadcrumb":{"@id":"https:\/\/rolba.se\/sv\/rioned-profijet\/#breadcrumb"},"inLanguage":"sv-SE","potentialAction":[{"@type":"ReadAction","target":["https:\/\/rolba.se\/sv\/rioned-profijet\/"]}]},{"@type":"BreadcrumbList","@id":"https:\/\/rolba.se\/sv\/rioned-profijet\/#breadcrumb","itemListElement":[{"@type":"ListItem","position":1,"name":"Hem","item":"https:\/\/rolba.se\/sv\/"},{"@type":"ListItem","position":2,"name":"Rioned ProfiJet"}]},{"@type":"WebSite","@id":"https:\/\/rolba.se\/sv\/#website","url":"https:\/\/rolba.se\/sv\/","name":"Rolba","description":"","potentialAction":[{"@type":"SearchAction","target":{"@type":"EntryPoint","urlTemplate":"https:\/\/rolba.se\/sv\/?s={search_term_string}"},"query-input":{"@type":"PropertyValueSpecification","valueRequired":true,"valueName":"search_term_string"}}],"inLanguage":"sv-SE"}]}},"_links":{"self":[{"href":"https:\/\/rolba.se\/sv\/wp-json\/wp\/v2\/pages\/25054","targetHints":{"allow":["GET"]}}],"collection":[{"href":"https:\/\/rolba.se\/sv\/wp-json\/wp\/v2\/pages"}],"about":[{"href":"https:\/\/rolba.se\/sv\/wp-json\/wp\/v2\/types\/page"}],"author":[{"embeddable":true,"href":"https:\/\/rolba.se\/sv\/wp-json\/wp\/v2\/users\/1"}],"replies":[{"embeddable":true,"href":"https:\/\/rolba.se\/sv\/wp-json\/wp\/v2\/comments?post=25054"}],"version-history":[{"count":7,"href":"https:\/\/rolba.se\/sv\/wp-json\/wp\/v2\/pages\/25054\/revisions"}],"predecessor-version":[{"id":25317,"href":"https:\/\/rolba.se\/sv\/wp-json\/wp\/v2\/pages\/25054\/revisions\/25317"}],"wp:attachment":[{"href":"https:\/\/rolba.se\/sv\/wp-json\/wp\/v2\/media?parent=25054"}],"curies":[{"name":"wp","href":"https:\/\/api.w.org\/{rel}","templated":true}]}}