{"id":25056,"date":"2023-08-15T13:57:49","date_gmt":"2023-08-15T11:57:49","guid":{"rendered":"http:\/\/rolba.se\/?page_id=25056"},"modified":"2023-11-14T12:31:08","modified_gmt":"2023-11-14T11:31:08","slug":"rioned-profijet-t4","status":"publish","type":"page","link":"https:\/\/rolba.se\/sv\/rioned-profijet-t4\/","title":{"rendered":"Rioned ProfiJet T4"},"content":{"rendered":"<p>[et_pb_section fb_built=&#8221;1&#8243; _builder_version=&#8221;4.22.0&#8243; _module_preset=&#8221;default&#8221; background_color=&#8221;rgba(0,0,0,0.4)&#8221; background_image=&#8221;https:\/\/rolba.se\/wp-content\/uploads\/2023\/11\/Header-2.jpg&#8221; background_blend=&#8221;multiply&#8221; min_height=&#8221;269px&#8221; custom_margin=&#8221;-200px|0px|0px|0px|false|false&#8221; custom_padding=&#8221;0px|0px|0px|0px|false|false&#8221; global_colors_info=&#8221;{}&#8221; global_module=&#8221;25309&#8243;][et_pb_row admin_label=&#8221;Rad&#8221; _builder_version=&#8221;4.21.0&#8243; _module_preset=&#8221;default&#8221; min_height=&#8221;419px&#8221; custom_margin=&#8221;0px||-30px||false|false&#8221; custom_padding=&#8221;|0px|0px|0px|false|false&#8221; global_colors_info=&#8221;{}&#8221;][et_pb_column type=&#8221;4_4&#8243; _builder_version=&#8221;4.21.0&#8243; _module_preset=&#8221;default&#8221; custom_padding=&#8221;0px|0px|0px|0px|false|false&#8221; global_colors_info=&#8221;{}&#8221;][\/et_pb_column][\/et_pb_row][\/et_pb_section][et_pb_section fb_built=&#8221;1&#8243; _builder_version=&#8221;4.21.0&#8243; _module_preset=&#8221;default&#8221; global_colors_info=&#8221;{}&#8221;][et_pb_row column_structure=&#8221;1_2,1_2&#8243; use_custom_gutter=&#8221;on&#8221; gutter_width=&#8221;2&#8243; make_equal=&#8221;on&#8221; _builder_version=&#8221;4.22.0&#8243; _module_preset=&#8221;default&#8221; custom_padding=&#8221;28px|||||&#8221; global_colors_info=&#8221;{}&#8221;][et_pb_column type=&#8221;1_2&#8243; _builder_version=&#8221;4.21.0&#8243; _module_preset=&#8221;default&#8221; global_colors_info=&#8221;{}&#8221;][et_pb_image src=&#8221;https:\/\/rolba.se\/wp-content\/uploads\/2023\/08\/t4_2.jpg&#8221; title_text=&#8221;t4_2&#8243; show_in_lightbox=&#8221;on&#8221; _builder_version=&#8221;4.22.0&#8243; _module_preset=&#8221;default&#8221; global_colors_info=&#8221;{}&#8221;][\/et_pb_image][et_pb_image src=&#8221;https:\/\/rolba.se\/wp-content\/uploads\/2023\/08\/t4_3.jpg&#8221; title_text=&#8221;t4_3&#8243; align=&#8221;center&#8221; _builder_version=&#8221;4.22.0&#8243; _module_preset=&#8221;default&#8221; global_colors_info=&#8221;{}&#8221;][\/et_pb_image][\/et_pb_column][et_pb_column type=&#8221;1_2&#8243; _builder_version=&#8221;4.22.0&#8243; _module_preset=&#8221;default&#8221; global_colors_info=&#8221;{}&#8221;][et_pb_text _builder_version=&#8221;4.22.0&#8243; _module_preset=&#8221;default&#8221; text_font=&#8221;|300|||||||&#8221; text_font_size=&#8221;18px&#8221; text_line_height=&#8221;1.8em&#8221; header_font_size=&#8221;29px&#8221; header_2_font=&#8221;|700|||||||&#8221; header_2_font_size=&#8221;39px&#8221; header_2_line_height=&#8221;1.3em&#8221; header_6_letter_spacing=&#8221;4px&#8221; custom_margin=&#8221;||11px|||&#8221; custom_css_main_element=&#8221;align-self:center;&#8221; global_colors_info=&#8221;{}&#8221;]<\/p>\n<h2 style=\"text-align: left;\">Rioned ProfiJet T4<\/h2>\n<ul>\n<li>\n<p>Br\u00e4nsleeffektiv Tier 4<\/p>\n<\/li>\n<li>\n<p>Kompatibel med nuvarande och framtida utsl\u00e4ppsregler<\/p>\n<\/li>\n<li>\n<p>L\u00e4tt vikt p\u00e5 grund av dess aluminiumram<\/p>\n<\/li>\n<li>\n<p>eControl+ anv\u00e4ndargr\u00e4nssnitt med integrerad slangm\u00e4tare<\/p>\n<\/li>\n<li>\n<p>270\u02da sv\u00e4ngbar och roterande slangrulle<\/p>\n<\/li>\n<\/ul>\n<p>ProfiJet T4 \u00e4r det mest kraftfulla aggregatet i sin klass. Det \u00e4r dessutom ytterst tillm\u00f6tesg\u00e5ende g\u00e4llande utsl\u00e4pp. ProfiJet T4 \u00e4r utrustad med en br\u00e4nsleeffektiv Kubota V2403-CR-Turbo dieselmotor med inbyggt dieselpartikelfilter. Pumpens kapacitet \u00e4r 280 bar och 70 liter per minut, vilket g\u00f6r det m\u00f6jligt att\u00a0utf\u00f6ra<br \/>tidigare om\u00f6jliga jobb. Tv\u00e5 separata vattentankar med en kapacitet p\u00e5 300 eller 400 liter \u00e4r inb\u00f6rdes kopplade f\u00f6r att optimera v\u00e4gstabilitet och k\u00f6rkomfort.<\/p>\n<p style=\"text-align: left;\"><a href=\"https:\/\/rolba.se\/wp-content\/uploads\/2023\/08\/EN_ProfiJet_T4_okt2020.pdf.pdf.pdf\" target=\"_blank\" rel=\"noopener\">Ladda ner broschyr h\u00e4r<\/a><\/p>\n<p style=\"text-align: left;\">\n<p>[\/et_pb_text][\/et_pb_column][\/et_pb_row][\/et_pb_section]<\/p>\n","protected":false},"excerpt":{"rendered":"<p>Rioned ProfiJet T4 Br\u00e4nsleeffektiv Tier 4 Kompatibel med nuvarande och framtida utsl\u00e4ppsregler L\u00e4tt vikt p\u00e5 grund av dess aluminiumram eControl+ anv\u00e4ndargr\u00e4nssnitt med integrerad slangm\u00e4tare 270\u02da sv\u00e4ngbar och roterande slangrulle ProfiJet T4 \u00e4r det mest kraftfulla aggregatet i sin klass. Det \u00e4r dessutom ytterst tillm\u00f6tesg\u00e5ende g\u00e4llande utsl\u00e4pp. ProfiJet T4 \u00e4r utrustad med en br\u00e4nsleeffektiv Kubota V2403-CR-Turbo [&hellip;]<\/p>\n","protected":false},"author":1,"featured_media":0,"parent":0,"menu_order":0,"comment_status":"closed","ping_status":"closed","template":"","meta":{"_et_pb_use_builder":"on","_et_pb_old_content":"<!-- wp:divi\/placeholder \/-->","_et_gb_content_width":"","footnotes":""},"class_list":["post-25056","page","type-page","status-publish","hentry"],"yoast_head":"<!-- This site is optimized with the Yoast SEO plugin v27.4 - https:\/\/yoast.com\/product\/yoast-seo-wordpress\/ -->\n<title>Rioned ProfiJet T4 - Rolba<\/title>\n<meta name=\"robots\" content=\"index, follow, max-snippet:-1, max-image-preview:large, max-video-preview:-1\" \/>\n<link rel=\"canonical\" href=\"https:\/\/rolba.se\/sv\/rioned-profijet-t4\/\" \/>\n<meta property=\"og:locale\" content=\"sv_SE\" \/>\n<meta property=\"og:type\" content=\"article\" \/>\n<meta property=\"og:title\" content=\"Rioned ProfiJet T4 - Rolba\" \/>\n<meta property=\"og:description\" content=\"Rioned ProfiJet T4 Br\u00e4nsleeffektiv Tier 4 Kompatibel med nuvarande och framtida utsl\u00e4ppsregler L\u00e4tt vikt p\u00e5 grund av dess aluminiumram eControl+ anv\u00e4ndargr\u00e4nssnitt med integrerad slangm\u00e4tare 270\u02da sv\u00e4ngbar och roterande slangrulle ProfiJet T4 \u00e4r det mest kraftfulla aggregatet i sin klass. Det \u00e4r dessutom ytterst tillm\u00f6tesg\u00e5ende g\u00e4llande utsl\u00e4pp. ProfiJet T4 \u00e4r utrustad med en br\u00e4nsleeffektiv Kubota V2403-CR-Turbo [&hellip;]\" \/>\n<meta property=\"og:url\" content=\"https:\/\/rolba.se\/sv\/rioned-profijet-t4\/\" \/>\n<meta property=\"og:site_name\" content=\"Rolba\" \/>\n<meta property=\"article:modified_time\" content=\"2023-11-14T11:31:08+00:00\" \/>\n<meta name=\"twitter:card\" content=\"summary_large_image\" \/>\n<script type=\"application\/ld+json\" class=\"yoast-schema-graph\">{\"@context\":\"https:\\\/\\\/schema.org\",\"@graph\":[{\"@type\":\"WebPage\",\"@id\":\"https:\\\/\\\/rolba.se\\\/sv\\\/rioned-profijet-t4\\\/\",\"url\":\"https:\\\/\\\/rolba.se\\\/sv\\\/rioned-profijet-t4\\\/\",\"name\":\"Rioned ProfiJet T4 - Rolba\",\"isPartOf\":{\"@id\":\"https:\\\/\\\/rolba.se\\\/sv\\\/#website\"},\"datePublished\":\"2023-08-15T11:57:49+00:00\",\"dateModified\":\"2023-11-14T11:31:08+00:00\",\"breadcrumb\":{\"@id\":\"https:\\\/\\\/rolba.se\\\/sv\\\/rioned-profijet-t4\\\/#breadcrumb\"},\"inLanguage\":\"sv-SE\",\"potentialAction\":[{\"@type\":\"ReadAction\",\"target\":[\"https:\\\/\\\/rolba.se\\\/sv\\\/rioned-profijet-t4\\\/\"]}]},{\"@type\":\"BreadcrumbList\",\"@id\":\"https:\\\/\\\/rolba.se\\\/sv\\\/rioned-profijet-t4\\\/#breadcrumb\",\"itemListElement\":[{\"@type\":\"ListItem\",\"position\":1,\"name\":\"Hem\",\"item\":\"https:\\\/\\\/rolba.se\\\/sv\\\/\"},{\"@type\":\"ListItem\",\"position\":2,\"name\":\"Rioned ProfiJet T4\"}]},{\"@type\":\"WebSite\",\"@id\":\"https:\\\/\\\/rolba.se\\\/sv\\\/#website\",\"url\":\"https:\\\/\\\/rolba.se\\\/sv\\\/\",\"name\":\"Rolba\",\"description\":\"\",\"potentialAction\":[{\"@type\":\"SearchAction\",\"target\":{\"@type\":\"EntryPoint\",\"urlTemplate\":\"https:\\\/\\\/rolba.se\\\/sv\\\/?s={search_term_string}\"},\"query-input\":{\"@type\":\"PropertyValueSpecification\",\"valueRequired\":true,\"valueName\":\"search_term_string\"}}],\"inLanguage\":\"sv-SE\"}]}<\/script>\n<!-- \/ Yoast SEO plugin. -->","yoast_head_json":{"title":"Rioned ProfiJet T4 - Rolba","robots":{"index":"index","follow":"follow","max-snippet":"max-snippet:-1","max-image-preview":"max-image-preview:large","max-video-preview":"max-video-preview:-1"},"canonical":"https:\/\/rolba.se\/sv\/rioned-profijet-t4\/","og_locale":"sv_SE","og_type":"article","og_title":"Rioned ProfiJet T4 - Rolba","og_description":"Rioned ProfiJet T4 Br\u00e4nsleeffektiv Tier 4 Kompatibel med nuvarande och framtida utsl\u00e4ppsregler L\u00e4tt vikt p\u00e5 grund av dess aluminiumram eControl+ anv\u00e4ndargr\u00e4nssnitt med integrerad slangm\u00e4tare 270\u02da sv\u00e4ngbar och roterande slangrulle ProfiJet T4 \u00e4r det mest kraftfulla aggregatet i sin klass. Det \u00e4r dessutom ytterst tillm\u00f6tesg\u00e5ende g\u00e4llande utsl\u00e4pp. ProfiJet T4 \u00e4r utrustad med en br\u00e4nsleeffektiv Kubota V2403-CR-Turbo [&hellip;]","og_url":"https:\/\/rolba.se\/sv\/rioned-profijet-t4\/","og_site_name":"Rolba","article_modified_time":"2023-11-14T11:31:08+00:00","twitter_card":"summary_large_image","schema":{"@context":"https:\/\/schema.org","@graph":[{"@type":"WebPage","@id":"https:\/\/rolba.se\/sv\/rioned-profijet-t4\/","url":"https:\/\/rolba.se\/sv\/rioned-profijet-t4\/","name":"Rioned ProfiJet T4 - Rolba","isPartOf":{"@id":"https:\/\/rolba.se\/sv\/#website"},"datePublished":"2023-08-15T11:57:49+00:00","dateModified":"2023-11-14T11:31:08+00:00","breadcrumb":{"@id":"https:\/\/rolba.se\/sv\/rioned-profijet-t4\/#breadcrumb"},"inLanguage":"sv-SE","potentialAction":[{"@type":"ReadAction","target":["https:\/\/rolba.se\/sv\/rioned-profijet-t4\/"]}]},{"@type":"BreadcrumbList","@id":"https:\/\/rolba.se\/sv\/rioned-profijet-t4\/#breadcrumb","itemListElement":[{"@type":"ListItem","position":1,"name":"Hem","item":"https:\/\/rolba.se\/sv\/"},{"@type":"ListItem","position":2,"name":"Rioned ProfiJet T4"}]},{"@type":"WebSite","@id":"https:\/\/rolba.se\/sv\/#website","url":"https:\/\/rolba.se\/sv\/","name":"Rolba","description":"","potentialAction":[{"@type":"SearchAction","target":{"@type":"EntryPoint","urlTemplate":"https:\/\/rolba.se\/sv\/?s={search_term_string}"},"query-input":{"@type":"PropertyValueSpecification","valueRequired":true,"valueName":"search_term_string"}}],"inLanguage":"sv-SE"}]}},"_links":{"self":[{"href":"https:\/\/rolba.se\/sv\/wp-json\/wp\/v2\/pages\/25056","targetHints":{"allow":["GET"]}}],"collection":[{"href":"https:\/\/rolba.se\/sv\/wp-json\/wp\/v2\/pages"}],"about":[{"href":"https:\/\/rolba.se\/sv\/wp-json\/wp\/v2\/types\/page"}],"author":[{"embeddable":true,"href":"https:\/\/rolba.se\/sv\/wp-json\/wp\/v2\/users\/1"}],"replies":[{"embeddable":true,"href":"https:\/\/rolba.se\/sv\/wp-json\/wp\/v2\/comments?post=25056"}],"version-history":[{"count":6,"href":"https:\/\/rolba.se\/sv\/wp-json\/wp\/v2\/pages\/25056\/revisions"}],"predecessor-version":[{"id":25318,"href":"https:\/\/rolba.se\/sv\/wp-json\/wp\/v2\/pages\/25056\/revisions\/25318"}],"wp:attachment":[{"href":"https:\/\/rolba.se\/sv\/wp-json\/wp\/v2\/media?parent=25056"}],"curies":[{"name":"wp","href":"https:\/\/api.w.org\/{rel}","templated":true}]}}